{"id":10759,"date":"2025-09-17T12:59:26","date_gmt":"2025-09-17T10:59:26","guid":{"rendered":"https:\/\/boreait.com\/hu\/?post_type=product&#038;p=10759"},"modified":"2025-09-17T12:59:31","modified_gmt":"2025-09-17T10:59:31","slug":"n140hca-eac-rev-b1-lcd-kepernyo-14-fhd-1920x1080-ips-matt-erintesmentes-uj","status":"publish","type":"product","link":"https:\/\/boreait.com\/hu\/termek\/n140hca-eac-rev-b1-lcd-kepernyo-14-fhd-1920x1080-ips-matt-erintesmentes-uj\/","title":{"rendered":"N140HCA-EAC Rev.B1 LCD k\u00e9perny\u0151 14&#8243; FHD 1920&#215;1080 IPS matt, \u00e9rint\u00e9smentes \u00daj"},"content":{"rendered":"<p><strong>T\u00e9nyleges LCD-k\u00e9perny\u0151s modell: N140HCA-ELK REV C.2 \u2013 TELJESEN KOMPATIBILIS A LAPTOP K\u00c9PERNY\u0150VEL N140HCA-EAC Rev.B1 C1 C2 C4 C5 C6<\/strong><\/p>\n<p>Friss\u00edtse laptopja kijelz\u0151j\u00e9t az N140HCA-EAC Rev.B1 LCD-k\u00e9perny\u0151vel. Ez a 14 h\u00fcvelykes, Full HD (1920 x 1080) kijelz\u0151 \u00e9l\u00e9nk IPS technol\u00f3gi\u00e1val rendelkezik, leny\u0171g\u00f6z\u0151 sz\u00edneket \u00e9s sz\u00e9les betekint\u00e9si sz\u00f6geket k\u00edn\u00e1lva. A matt fel\u00fclet cs\u00f6kkenti a t\u00fckr\u00f6z\u0151d\u00e9st \u00e9s k\u00e9nyelmesebb megtekint\u00e9si \u00e9lm\u00e9nyt biztos\u00edt m\u00e9g j\u00f3l megvil\u00e1g\u00edtott k\u00f6rnyezetben is. A 30 t\u0171s csatlakoz\u00f3val rendelkez\u0151 k\u00e9perny\u0151 k\u00fcl\u00f6nf\u00e9le laptopmodellekhez k\u00e9sz\u00fclt, \u00e9s sz\u00e1mos verzi\u00f3val (C1, C2, C4, C5, C6) kompatibilis. A k\u00e9perny\u0151 \u00e9rint\u00e9smentes v\u00e1ltozata, \u00e9s k\u00e9toldalas \u00f6ntapad\u00f3 szalaggal \u00e9rkezik az egyszer\u0171 telep\u00edt\u00e9s \u00e9rdek\u00e9ben, \u00edgy ide\u00e1lis helyettes\u00edt\u0151je a s\u00e9r\u00fclt vagy elavult kijelz\u0151nek. K\u00e9rj\u00fck, vegye figyelembe, hogy ez a k\u00e9perny\u0151 nem tartalmaz fels\u0151 \u00e9s als\u00f3 z\u00e1r\u00f3jeleket. \u00c1llapot: \u00daj.<\/p>\n","protected":false},"excerpt":{"rendered":"<p>Az N140HCA-EAC Rev.B1 LCD k\u00e9perny\u0151 egy 14 h\u00fcvelykes Full HD (1920 x 1080) kijelz\u0151 IPS technol\u00f3gi\u00e1val, matt fel\u00fclettel \u00e9s 30 t\u0171s csatlakoz\u00f3val. K\u00e9toldalas \u00f6ntapad\u00f3 szalagot tartalmaz, \u00e9s sz\u00e1mos laptop-v\u00e1ltozattal kompatibilis. \u00c9rint\u00e9smentes v\u00e1ltozat, fels\u0151 \u00e9s als\u00f3 tart\u00f3 n\u00e9lk\u00fcl. \u00daj \u00e1llapot\u00fa.<\/p>\n","protected":false},"featured_media":9973,"template":"","meta":[],"product_brand":[],"product_cat":[74,71],"product_tag":[],"class_list":{"0":"post-10759","1":"product","2":"type-product","3":"status-publish","4":"has-post-thumbnail","6":"product_cat-14-new-laptop-screens-lcd-panels","7":"product_cat-new-laptop-screens-lcd-panels","9":"first","10":"instock","11":"taxable","12":"shipping-taxable","13":"purchasable","14":"product-type-simple"},"_links":{"self":[{"href":"https:\/\/boreait.com\/hu\/wp-json\/wp\/v2\/product\/10759","targetHints":{"allow":["GET"]}}],"collection":[{"href":"https:\/\/boreait.com\/hu\/wp-json\/wp\/v2\/product"}],"about":[{"href":"https:\/\/boreait.com\/hu\/wp-json\/wp\/v2\/types\/product"}],"wp:featuredmedia":[{"embeddable":true,"href":"https:\/\/boreait.com\/hu\/wp-json\/wp\/v2\/media\/9973"}],"wp:attachment":[{"href":"https:\/\/boreait.com\/hu\/wp-json\/wp\/v2\/media?parent=10759"}],"wp:term":[{"taxonomy":"product_brand","embeddable":true,"href":"https:\/\/boreait.com\/hu\/wp-json\/wp\/v2\/product_brand?post=10759"},{"taxonomy":"product_cat","embeddable":true,"href":"https:\/\/boreait.com\/hu\/wp-json\/wp\/v2\/product_cat?post=10759"},{"taxonomy":"product_tag","embeddable":true,"href":"https:\/\/boreait.com\/hu\/wp-json\/wp\/v2\/product_tag?post=10759"}],"curies":[{"name":"wp","href":"https:\/\/api.w.org\/{rel}","templated":true}]}}