{"id":10758,"date":"2025-09-17T12:59:26","date_gmt":"2025-09-17T10:59:26","guid":{"rendered":"https:\/\/boreait.com\/hu\/?post_type=product&#038;p=10758"},"modified":"2025-09-17T12:59:31","modified_gmt":"2025-09-17T10:59:31","slug":"b140han04-0-14-fhd-ips-lcd-kepernyo-matt-30-tus-erintesmentes-uj-ragasztoszalag","status":"publish","type":"product","link":"https:\/\/boreait.com\/hu\/termek\/b140han04-0-14-fhd-ips-lcd-kepernyo-matt-30-tus-erintesmentes-uj-ragasztoszalag\/","title":{"rendered":"B140HAN04.0 14&#8243; FHD IPS LCD k\u00e9perny\u0151 matt, 30 t\u0171s, \u00e9rint\u00e9smentes, \u00faj, ragaszt\u00f3szalag"},"content":{"rendered":"<p><strong>T\u00e9nyleges LCD-k\u00e9perny\u0151s modell: N140HCA-ELK REV C.2 \u2013 TELJESEN KOMPATIBILIS A B140HAN04.0 LAPTOP K\u00c9PERNY\u0150VEL<\/strong><\/p>\n<p>A B140HAN04.0 LCD k\u00e9perny\u0151 egy kiv\u00e1l\u00f3 min\u0151s\u00e9g\u0171 cserek\u00e9perny\u0151, amelyet laptopokhoz terveztek. A 14 h\u00fcvelykes Full HD (1920 x 1080) felbont\u00e1s\u00fa \u00e9s matt fel\u00fclettel rendelkez\u0151 IPS-panellel kiv\u00e1l\u00f3 vizu\u00e1lis tisztas\u00e1got k\u00edn\u00e1l a fokozott sz\u00ednpontoss\u00e1g \u00e9s sz\u00e9les betekint\u00e9si sz\u00f6gek \u00e9rdek\u00e9ben. A k\u00e9perny\u0151 \u00e9rint\u00e9smentes v\u00e1ltozata ide\u00e1lis azoknak a felhaszn\u00e1l\u00f3knak, akik tart\u00f3s, nagy teljes\u00edtm\u00e9ny\u0171 kijelz\u0151t ig\u00e9nyelnek eszk\u00f6z\u00fckh\u00f6z. A 30 t\u0171s v\u00e1ltozatos aljzat biztos\u00edtja a t\u00f6k\u00e9letes telep\u00edt\u00e9st, a fels\u0151 \u00e9s a tart\u00f3 n\u00e9lk\u00fcl. laptop modellek Ezen k\u00edv\u00fcl a k\u00e9perny\u0151n k\u00e9toldalas \u00f6ntapad\u00f3 szalag is tal\u00e1lhat\u00f3 a biztons\u00e1gos r\u00f6gz\u00edt\u00e9shez.<\/p>\n","protected":false},"excerpt":{"rendered":"<p>Cser\u00e9lje ki laptopja k\u00e9perny\u0151j\u00e9t a B140HAN04.0-ra, egy 14 h\u00fcvelykes Full HD IPS LCD-panellel (1920&#215;1080), matt fel\u00fclettel. \u00c9rint\u00e9smentes, 30 t\u0171s, \u00faj, \u00e9s k\u00e9toldalas ragaszt\u00f3szalaggal is rendelkezik az egyszer\u0171 telep\u00edt\u00e9s \u00e9rdek\u00e9ben.<\/p>\n","protected":false},"featured_media":9973,"template":"","meta":[],"product_brand":[],"product_cat":[74,71],"product_tag":[],"class_list":{"0":"post-10758","1":"product","2":"type-product","3":"status-publish","4":"has-post-thumbnail","6":"product_cat-14-new-laptop-screens-lcd-panels","7":"product_cat-new-laptop-screens-lcd-panels","9":"first","10":"instock","11":"taxable","12":"shipping-taxable","13":"purchasable","14":"product-type-simple"},"_links":{"self":[{"href":"https:\/\/boreait.com\/hu\/wp-json\/wp\/v2\/product\/10758","targetHints":{"allow":["GET"]}}],"collection":[{"href":"https:\/\/boreait.com\/hu\/wp-json\/wp\/v2\/product"}],"about":[{"href":"https:\/\/boreait.com\/hu\/wp-json\/wp\/v2\/types\/product"}],"wp:featuredmedia":[{"embeddable":true,"href":"https:\/\/boreait.com\/hu\/wp-json\/wp\/v2\/media\/9973"}],"wp:attachment":[{"href":"https:\/\/boreait.com\/hu\/wp-json\/wp\/v2\/media?parent=10758"}],"wp:term":[{"taxonomy":"product_brand","embeddable":true,"href":"https:\/\/boreait.com\/hu\/wp-json\/wp\/v2\/product_brand?post=10758"},{"taxonomy":"product_cat","embeddable":true,"href":"https:\/\/boreait.com\/hu\/wp-json\/wp\/v2\/product_cat?post=10758"},{"taxonomy":"product_tag","embeddable":true,"href":"https:\/\/boreait.com\/hu\/wp-json\/wp\/v2\/product_tag?post=10758"}],"curies":[{"name":"wp","href":"https:\/\/api.w.org\/{rel}","templated":true}]}}