{"id":10757,"date":"2025-09-17T12:59:26","date_gmt":"2025-09-17T10:59:26","guid":{"rendered":"https:\/\/boreait.com\/hu\/?post_type=product&#038;p=10757"},"modified":"2025-09-17T12:59:30","modified_gmt":"2025-09-17T10:59:30","slug":"14-n140hca-elk-lcd-kepernyo-fhd-1920x1080-ips-30-tus-matt-erintesmentes-uj","status":"publish","type":"product","link":"https:\/\/boreait.com\/hu\/termek\/14-n140hca-elk-lcd-kepernyo-fhd-1920x1080-ips-30-tus-matt-erintesmentes-uj\/","title":{"rendered":"14&#8243; N140HCA-ELK LCD k\u00e9perny\u0151 FHD 1920&#215;1080 IPS 30 t\u0171s matt \u00e9rint\u00e9smentes \u00daj"},"content":{"rendered":"<p>Friss\u00edtse laptopja kijelz\u0151j\u00e9t az N140HCA-ELK REV C.2 LCD k\u00e9perny\u0151vel. Ez a 14 h\u00fcvelykes, Full HD (1920 x 1080) IPS-panel \u00e9les, \u00e9l\u00e9nk k\u00e9pet k\u00edn\u00e1l kiv\u00e1l\u00f3 sz\u00ednpontoss\u00e1ggal, \u00edgy t\u00f6k\u00e9letes a mindennapi feladatokhoz, a videostreaminghez \u00e9s a j\u00e1t\u00e9kokhoz. A matt fel\u00fcletnek k\u00f6sz\u00f6nhet\u0151en cs\u00f6kkenti a t\u00fckr\u00f6z\u0151d\u00e9st a k\u00e9nyelmesebb megtekint\u00e9si \u00e9lm\u00e9ny \u00e9rdek\u00e9ben, k\u00fcl\u00f6n\u00f6sen er\u0151sen megvil\u00e1g\u00edtott k\u00f6rnyezetben.<\/p>\n<p>Ez a k\u00e9perny\u0151 \u00e9rint\u00e9smentes v\u00e1ltozat, \u00e9s a kompatibilis laptopok s\u00e9r\u00fclt vagy hib\u00e1s kijelz\u0151inek cser\u00e9j\u00e9re k\u00e9sz\u00fclt. A 30 t\u0171s csatlakoz\u00f3 egyszer\u0171 kompatibilit\u00e1st biztos\u00edt a laptopmodellek sz\u00e9les v\u00e1laszt\u00e9k\u00e1val. A csomagban k\u00e9toldalas \u00f6ntapad\u00f3 szalag tal\u00e1lhat\u00f3 a probl\u00e9mamentes telep\u00edt\u00e9s \u00e9rdek\u00e9ben, a k\u00e9perny\u0151 pedig fels\u0151 \u00e9s als\u00f3 konzolok n\u00e9lk\u00fcl \u00e9rkezik.<\/p>\n<p>\u00c1llapot: \u00daj<\/p>\n<p>M\u00e9ret: 14 h\u00fcvelyk<\/p>\n<p>Felbont\u00e1s: Full HD (1920 x 1080)<\/p>\n<p>Csatlakoz\u00f3: 30 t\u0171s eDP<\/p>\n<p>Panel t\u00edpusa: IPS, matt<\/p>\n<p>Verzi\u00f3: \u00e9rint\u00e9smentes<\/p>\n<p>Tartalma: k\u00e9toldalas ragaszt\u00f3szalag (konzolok n\u00e9lk\u00fcl)<\/p>\n<p>Kompatibilit\u00e1s: 14 h\u00fcvelykes, 30 t\u0171s, nem \u00e9rint\u0151k\u00e9perny\u0151t ig\u00e9nyl\u0151 modellekhez<\/p>\n","protected":false},"excerpt":{"rendered":"<p>14&#8243; N140HCA-ELK REV C.2 LCD kijelz\u0151 1920 x 1080 FHD IPS matt kijelz\u0151vel. \u00c9rint\u00e9smentes, 30 t\u0171s, k\u00e9toldalas ragaszt\u00f3szalagot tartalmaz. \u00daj \u00e1llapot.<\/p>\n","protected":false},"featured_media":9973,"template":"","meta":[],"product_brand":[],"product_cat":[74,71],"product_tag":[],"class_list":{"0":"post-10757","1":"product","2":"type-product","3":"status-publish","4":"has-post-thumbnail","6":"product_cat-14-new-laptop-screens-lcd-panels","7":"product_cat-new-laptop-screens-lcd-panels","9":"first","10":"instock","11":"taxable","12":"shipping-taxable","13":"purchasable","14":"product-type-simple"},"_links":{"self":[{"href":"https:\/\/boreait.com\/hu\/wp-json\/wp\/v2\/product\/10757","targetHints":{"allow":["GET"]}}],"collection":[{"href":"https:\/\/boreait.com\/hu\/wp-json\/wp\/v2\/product"}],"about":[{"href":"https:\/\/boreait.com\/hu\/wp-json\/wp\/v2\/types\/product"}],"wp:featuredmedia":[{"embeddable":true,"href":"https:\/\/boreait.com\/hu\/wp-json\/wp\/v2\/media\/9973"}],"wp:attachment":[{"href":"https:\/\/boreait.com\/hu\/wp-json\/wp\/v2\/media?parent=10757"}],"wp:term":[{"taxonomy":"product_brand","embeddable":true,"href":"https:\/\/boreait.com\/hu\/wp-json\/wp\/v2\/product_brand?post=10757"},{"taxonomy":"product_cat","embeddable":true,"href":"https:\/\/boreait.com\/hu\/wp-json\/wp\/v2\/product_cat?post=10757"},{"taxonomy":"product_tag","embeddable":true,"href":"https:\/\/boreait.com\/hu\/wp-json\/wp\/v2\/product_tag?post=10757"}],"curies":[{"name":"wp","href":"https:\/\/api.w.org\/{rel}","templated":true}]}}