{"id":10754,"date":"2025-09-17T12:59:26","date_gmt":"2025-09-17T10:59:26","guid":{"rendered":"https:\/\/boreait.com\/hu\/?post_type=product&#038;p=10754"},"modified":"2025-09-17T12:59:30","modified_gmt":"2025-09-17T10:59:30","slug":"hp-fortis-g10-chromebook-lcd-kepernyo-116-hd-matt-30-tus-led-erintesmentes-uj","status":"publish","type":"product","link":"https:\/\/boreait.com\/hu\/termek\/hp-fortis-g10-chromebook-lcd-kepernyo-116-hd-matt-30-tus-led-erintesmentes-uj\/","title":{"rendered":"HP FORTIS G10 Chromebook LCD k\u00e9perny\u0151 11,6&#8243; HD matt 30 t\u0171s LED \u00e9rint\u00e9smentes \u00daJ"},"content":{"rendered":"<p><strong>T\u00e9nyleges LCD-k\u00e9perny\u0151s modell: MB116AN01-3, 1.1 \u2013 TELJESEN KOMPATIBILIS A LAPTOP K\u00c9PERNY\u0150J\u00c9VEL A HP FORTIS G10 Chromebookhoz<\/strong><\/p>\n<p>Friss\u00edtse HP FORTIS G10 Chromebookj\u00e1t ezzel a vadonat\u00faj csereLCD-k\u00e9perny\u0151vel. A 11,6 h\u00fcvelykes, HD felbont\u00e1s\u00fa (1366&#215;768) sz\u00e9lesv\u00e1szn\u00fa kijelz\u0151 \u00e9les, tiszta megtekint\u00e9si \u00e9lm\u00e9nyt biztos\u00edt. A matt fel\u00fclet minim\u00e1lisra cs\u00f6kkenti a t\u00fckr\u00f6z\u0151d\u00e9st, \u00edgy t\u00f6k\u00e9letes munkahelyi vagy iskolai k\u00f6rnyezetben. Ez a k\u00e9perny\u0151 bal \u00e9s jobb oldali konzollal van felszerelve az egyszer\u0171 telep\u00edt\u00e9s \u00e9rdek\u00e9ben, 30 t\u0171s eDP-csatlakoz\u00f3val, valamint LED-es h\u00e1tt\u00e9rvil\u00e1g\u00edt\u00e1ssal az energiahat\u00e9konys\u00e1g \u00e9rdek\u00e9ben. Ez a nem \u00e9rint\u00e9smentes, nem IPS-panelnek k\u00e9sz\u00fclt k\u00e9perny\u0151 megb\u00edzhat\u00f3 \u00e9s k\u00f6lts\u00e9ghat\u00e9kony megold\u00e1s a Chromebook jav\u00edt\u00e1si ig\u00e9nyeire.<\/p>\n<p>F\u0151bb jellemz\u0151k:<\/p>\n<ul>\n<li><strong>Kompatibilit\u00e1s:<\/strong> HP FORTIS G10 Chromebook<\/li>\n<li><strong>K\u00e9perny\u0151m\u00e9ret:<\/strong> 11,6&#8243; sz\u00e9lesv\u00e1szn\u00fa<\/li>\n<li><strong>Felbont\u00e1s:<\/strong> 1366&#215;768 HD<\/li>\n<li><strong>Fel\u00fclet:<\/strong> Matt (csillant\u00e1sg\u00e1tl\u00f3)<\/li>\n<li><strong>Csatlakoz\u00f3:<\/strong> 30 t\u0171s eDP<\/li>\n<li><strong>H\u00e1tt\u00e9rvil\u00e1g\u00edt\u00e1s:<\/strong> LED<\/li>\n<li><strong>\u00c1llapot:<\/strong> \u00daj<\/li>\n<\/ul>\n<p>Hozza vissza Chromebookj\u00e1t a legjobb form\u00e1ba ezzel a kiv\u00e1l\u00f3 min\u0151s\u00e9g\u0171 cserek\u00e9perny\u0151vel. Ide\u00e1lis di\u00e1koknak, szakembereknek \u00e9s b\u00e1rkinek, aki z\u00f6kken\u0151mentes jav\u00edt\u00e1si tapasztalatot keres.<\/p>\n","protected":false},"excerpt":{"rendered":"<p>Csere LCD-k\u00e9perny\u0151 HP FORTIS G10 Chromebookhoz. 11,6&#8243; HD matt kijelz\u0151, 30 t\u0171s csatlakoz\u00f3, \u00e9rint\u00e9smentes, \u00fajszer\u0171 \u00e1llapot\u00fa.<\/p>\n","protected":false},"featured_media":10686,"template":"","meta":[],"product_brand":[],"product_cat":[85,71],"product_tag":[25],"class_list":{"0":"post-10754","1":"product","2":"type-product","3":"status-publish","4":"has-post-thumbnail","6":"product_cat-11-6-new-laptop-screens-lcd-panels","7":"product_cat-new-laptop-screens-lcd-panels","8":"product_tag-hp","10":"first","11":"instock","12":"taxable","13":"shipping-taxable","14":"purchasable","15":"product-type-simple"},"_links":{"self":[{"href":"https:\/\/boreait.com\/hu\/wp-json\/wp\/v2\/product\/10754","targetHints":{"allow":["GET"]}}],"collection":[{"href":"https:\/\/boreait.com\/hu\/wp-json\/wp\/v2\/product"}],"about":[{"href":"https:\/\/boreait.com\/hu\/wp-json\/wp\/v2\/types\/product"}],"wp:featuredmedia":[{"embeddable":true,"href":"https:\/\/boreait.com\/hu\/wp-json\/wp\/v2\/media\/10686"}],"wp:attachment":[{"href":"https:\/\/boreait.com\/hu\/wp-json\/wp\/v2\/media?parent=10754"}],"wp:term":[{"taxonomy":"product_brand","embeddable":true,"href":"https:\/\/boreait.com\/hu\/wp-json\/wp\/v2\/product_brand?post=10754"},{"taxonomy":"product_cat","embeddable":true,"href":"https:\/\/boreait.com\/hu\/wp-json\/wp\/v2\/product_cat?post=10754"},{"taxonomy":"product_tag","embeddable":true,"href":"https:\/\/boreait.com\/hu\/wp-json\/wp\/v2\/product_tag?post=10754"}],"curies":[{"name":"wp","href":"https:\/\/api.w.org\/{rel}","templated":true}]}}