{"id":10748,"date":"2025-09-17T12:59:14","date_gmt":"2025-09-17T10:59:14","guid":{"rendered":"https:\/\/boreait.com\/hu\/?post_type=product&#038;p=10748"},"modified":"2026-01-14T12:46:36","modified_gmt":"2026-01-14T11:46:36","slug":"156-huvelykes-lcd-kepernyo-hp-15s-eq-sorozathoz-matt-ips-fhd-30-tus-uj","status":"publish","type":"product","link":"https:\/\/boreait.com\/hu\/termek\/156-huvelykes-lcd-kepernyo-hp-15s-eq-sorozathoz-matt-ips-fhd-30-tus-uj\/","title":{"rendered":"15,6 h\u00fcvelykes LCD k\u00e9perny\u0151 HP 15s-EQ sorozathoz, matt, IPS, FHD, 30 t\u0171s, \u00faj"},"content":{"rendered":"<p><strong>T\u00e9nyleges LCD-k\u00e9perny\u0151s modell: B156ZAN03.6 vagy N156HCA-EAB Rev C.4 \u2013 teljesen kompatibilis a laptopokkal <span data-sheets-root=\"1\">HP 15s-eq sorozat<\/span><\/strong><\/p>\n<p>Friss\u00edtse HP 15s-EQ sorozat\u00fa laptopj\u00e1t kiv\u00e1l\u00f3 min\u0151s\u00e9g\u0171 15,6 h\u00fcvelykes LCD-k\u00e9perny\u0151vel. Kifejezetten az olyan modellekhez tervezt\u00e9k, mint a HP 15s-eq2102np, 15s-eq1006nm, 15s-eq2156nm \u00e9s m\u00e9g sok m\u00e1s, ez az \u00e9rint\u00e9smentes kijelz\u0151 \u00e9l\u00e9nk, matt felbont\u00e1st20 a Full HD felbont\u00e1sra cs\u00f6kkent. t\u00fckr\u00f6z\u0151d\u00e9s \u00e9s fejlett IPS technol\u00f3gia a sz\u00e9les l\u00e1t\u00f3sz\u00f6gek \u00e9rdek\u00e9ben.<\/p>\n<p>F\u0151bb jellemz\u0151k:<\/p>\n<ul>\n<li><strong>Kompatibilit\u00e1s<\/strong>: HP 15s-EQ sorozat (pl. 15s-eq2102np, 15s-eq1006nm).<\/li>\n<li><strong>Kijelz\u0151 t\u00edpusa<\/strong>: 15,6&#8243; FHD (1920&#215;1080), matt fel\u00fclet.<\/li>\n<li><strong>Panel technol\u00f3gia<\/strong>: IPS a kiv\u00e1l\u00f3 sz\u00ednek \u00e9s l\u00e1t\u00f3sz\u00f6gek \u00e9rdek\u00e9ben.<\/li>\n<li><strong>Csatlakoz\u00f3<\/strong>: 30 t\u0171s eDP a z\u00f6kken\u0151mentes telep\u00edt\u00e9shez.<\/li>\n<li><strong>Ragaszt\u00f3cs\u00edkok<\/strong>: K\u00e9toldalas ragaszt\u00f3anyag a csomagban a biztons\u00e1gos r\u00f6gz\u00edt\u00e9shez.<\/li>\n<li><strong>\u00c1llapot<\/strong>: vadonat\u00faj, optim\u00e1lis teljes\u00edtm\u00e9nyt \u00e9s tart\u00f3ss\u00e1got biztos\u00edt.<\/li>\n<\/ul>\n<p>Ak\u00e1r s\u00e9r\u00fclt k\u00e9perny\u0151t cser\u00e9l, ak\u00e1r jobb k\u00e9pmin\u0151s\u00e9g \u00e9rdek\u00e9ben friss\u00edt, ez a cserek\u00e9perny\u0151 \u00e9les k\u00e9peket, kiv\u00e1l\u00f3 sz\u00ednpontoss\u00e1got \u00e9s megb\u00edzhat\u00f3 min\u0151s\u00e9get biztos\u00edt.<\/p>\n","protected":false},"excerpt":{"rendered":"<div class=\"flex max-w-full flex-col flex-grow\">\n<div class=\"min-h-8 text-message flex w-full flex-col items-end gap-2 whitespace-normal break-words [.text-message+&amp;]:mt-5\" dir=\"auto\" data-message-author-role=\"assistant\" data-message-id=\"643e7024-2c48-4fd0-8ce1-7db539127bf6\" data-client-thread-id=\"WEB:0938c45f-8fb2-4fcd-987c-cdd10acde468\"\">model-4ssaolug&#8221;>model-4ssalugeg&#8221;<\/p>\n<div class=\"flex w-full flex-col gap-1 empty:hidden first:pt-[3px]\">\n<div class=\"markdown prose w-full break-words dark:prose-invert light\">\n<p>Cser\u00e9lje le HP 15s-EQ sorozat\u00fa laptopja k\u00e9perny\u0151j\u00e9t erre a 15,6 h\u00fcvelykes FHD IPS matt kijelz\u0151re. A 30 t\u0171s eDP-csatlakoz\u00f3val rendelkez\u0151 \u00faj k\u00e9perny\u0151 \u00e9l\u00e9nk sz\u00edneket, sz\u00e9les betekint\u00e9si sz\u00f6geket \u00e9s k\u00e9toldalas ragaszt\u00f3cs\u00edkokat k\u00edn\u00e1l az egyszer\u0171 telep\u00edt\u00e9s \u00e9rdek\u00e9ben.<\/p>\n<\/div>\n<\/div>\n<\/div>\n<\/div>\n","protected":false},"featured_media":9615,"template":"","meta":[],"product_brand":[],"product_cat":[81,71],"product_tag":[25],"class_list":{"0":"post-10748","1":"product","2":"type-product","3":"status-publish","4":"has-post-thumbnail","6":"product_cat-15-6-new-laptop-screens-lcd-panels","7":"product_cat-new-laptop-screens-lcd-panels","8":"product_tag-hp","10":"first","11":"instock","12":"taxable","13":"shipping-taxable","14":"purchasable","15":"product-type-simple"},"_links":{"self":[{"href":"https:\/\/boreait.com\/hu\/wp-json\/wp\/v2\/product\/10748","targetHints":{"allow":["GET"]}}],"collection":[{"href":"https:\/\/boreait.com\/hu\/wp-json\/wp\/v2\/product"}],"about":[{"href":"https:\/\/boreait.com\/hu\/wp-json\/wp\/v2\/types\/product"}],"wp:featuredmedia":[{"embeddable":true,"href":"https:\/\/boreait.com\/hu\/wp-json\/wp\/v2\/media\/9615"}],"wp:attachment":[{"href":"https:\/\/boreait.com\/hu\/wp-json\/wp\/v2\/media?parent=10748"}],"wp:term":[{"taxonomy":"product_brand","embeddable":true,"href":"https:\/\/boreait.com\/hu\/wp-json\/wp\/v2\/product_brand?post=10748"},{"taxonomy":"product_cat","embeddable":true,"href":"https:\/\/boreait.com\/hu\/wp-json\/wp\/v2\/product_cat?post=10748"},{"taxonomy":"product_tag","embeddable":true,"href":"https:\/\/boreait.com\/hu\/wp-json\/wp\/v2\/product_tag?post=10748"}],"curies":[{"name":"wp","href":"https:\/\/api.w.org\/{rel}","templated":true}]}}