{"id":1074,"date":"2025-09-17T09:54:00","date_gmt":"2025-09-17T07:54:00","guid":{"rendered":"https:\/\/boreait.com\/hu\/?post_type=product&#038;p=1074"},"modified":"2026-01-09T10:14:06","modified_gmt":"2026-01-09T09:14:06","slug":"udqfxdh04-hp-compaq-armada-m700-model-jegyzetkozet-cpu-ventilator","status":"publish","type":"product","link":"https:\/\/boreait.com\/hu\/termek\/udqfxdh04-hp-compaq-armada-m700-model-jegyzetkozet-cpu-ventilator\/","title":{"rendered":"UDQFXDH04 HP COMPAQ ARMADA M700 MODEL JEGYZETK\u00d6ZET CPU VENTIL\u00c1TOR"},"content":{"rendered":"<p>Az UDQFXDH04 HP Compaq Armada M700 Model notebook CPU ventil\u00e1tor n\u00e9lk\u00fcl\u00f6zhetetlen eleme laptopja h\u0171t\u0151rendszer\u00e9nek. Mik\u00f6zben laptopja k\u00fcl\u00f6nf\u00e9le feladatokat hajt v\u00e9gre, a processzor h\u0151t termel, ami megfelel\u0151 h\u0171t\u00e9s n\u00e9lk\u00fcl teljes\u00edtm\u00e9nyprobl\u00e9m\u00e1khoz \u00e9s a bels\u0151 alkatr\u00e9szek esetleges k\u00e1rosod\u00e1s\u00e1hoz vezethet.<\/p>\n<p>Kifejezetten a HP Compaq Armada M700 Model Notebookhoz tervezett CPU ventil\u00e1tor hat\u00e9konyan kezeli a processzor \u00e1ltal termelt h\u0151t. A ventil\u00e1tor lap\u00e1tjait \u00fagy alak\u00edtott\u00e1k ki, hogy a leveg\u0151t a laptop bels\u0151 alkatr\u00e9szein kereszt\u00fcl sz\u00e1ll\u00edts\u00e1k, eloszlatva a processzor \u00e1ltal termelt h\u0151t. Ez az akt\u00edv h\u0171t\u00e9si folyamat megakad\u00e1lyozza, hogy a processzor vesz\u00e9lyes h\u0151m\u00e9rs\u00e9kletet \u00e9rjen el, \u00e9s optim\u00e1lis teljes\u00edtm\u00e9nyt biztos\u00edt m\u00e9g az ig\u00e9nyes feladatok sor\u00e1n is.<\/p>\n<p>Az elhaszn\u00e1l\u00f3dott vagy hib\u00e1s CPU-ventil\u00e1tor cser\u00e9je az UDQFXDH04 HP Compaq Armada M700 Model notebook CPU ventil\u00e1torra elengedhetetlen a laptop teljes\u00edtm\u00e9ny\u00e9nek meg\u0151rz\u00e9s\u00e9hez \u00e9s a t\u00falmeleged\u00e9s megel\u0151z\u00e9s\u00e9hez. A t\u00falmeleged\u00e9s v\u00e1ratlan le\u00e1ll\u00e1sokhoz, a rendszer instabilit\u00e1s\u00e1hoz, s\u0151t a bels\u0151 alkatr\u00e9szek maradand\u00f3 k\u00e1rosod\u00e1s\u00e1hoz vezethet. Ha ebbe a megb\u00edzhat\u00f3 csereeszk\u00f6zbe fektet be, akkor laptopja optim\u00e1lisan fog m\u0171k\u00f6dni, \u00e9s z\u00f6kken\u0151mentes sz\u00e1m\u00edt\u00e1stechnikai \u00e9lm\u00e9nyt ny\u00fajt mind a munka, mind a sz\u00f3rakoz\u00e1s sor\u00e1n.<\/p>\n<p>A megfelel\u0151 telep\u00edt\u00e9s elengedhetetlen a CPU ventil\u00e1tor hat\u00e9kony m\u0171k\u00f6d\u00e9s\u00e9hez. Javasoljuk, hogy a cser\u00e9t szakk\u00e9pzett technikussal vagy hivatalos HP szervizk\u00f6zponttal v\u00e9geztesse el. Biztos\u00edtj\u00e1k a CPU ventil\u00e1tor megfelel\u0151 telep\u00edt\u00e9s\u00e9t, lehet\u0151v\u00e9 t\u00e9ve a processzor hat\u00e9kony h\u0151elvezet\u00e9s\u00e9t.<\/p>\n<p>Ha HP Compaq Armada M700 noteszg\u00e9p\u00e9t UDQFXDH04 CPU ventil\u00e1torral karbantartja, meghosszabb\u00edthatja laptopja \u00e9lettartam\u00e1t, \u00e9s \u00e9lvezheti a sima \u00e9s megb\u00edzhat\u00f3 teljes\u00edtm\u00e9nyt. Ak\u00e1r az interneten b\u00f6ng\u00e9szik, ak\u00e1r dokumentumokon dolgozik, ak\u00e1r er\u0151forr\u00e1sig\u00e9nyes alkalmaz\u00e1sokat futtat, ez a CPU ventil\u00e1tor seg\u00edt abban, hogy laptopja a lehet\u0151 legjobban m\u0171k\u00f6dj\u00f6n.<\/p>\n<p>Gy\u0151z\u0151dj\u00f6n meg arr\u00f3l, hogy laptopja h\u0171t\u0151rendszere optim\u00e1lisan m\u0171k\u00f6dik az UDQFXDH04 HP Compaq Armada M700 t\u00edpus\u00fa notebook CPU ventil\u00e1tor kiv\u00e1laszt\u00e1s\u00e1val. Hat\u00e9kony h\u0171t\u00e9si teljes\u00edtm\u00e9ny\u00e9nek k\u00f6sz\u00f6nhet\u0151en magabiztosan haszn\u00e1lhatja laptopj\u00e1t, tudv\u00e1n, hogy v\u00e9dett a t\u00falmeleged\u00e9st\u0151l, \u00e9s k\u00e9szen \u00e1ll minden r\u00e1ford\u00edtott sz\u00e1m\u00edt\u00e1si feladat kezel\u00e9s\u00e9re. Cser\u00e9lje le r\u00e9gi vagy hib\u00e1s CPU-ventil\u00e1tor\u00e1t ezzel a megb\u00edzhat\u00f3 \u00e9s kompatibilis komponenssel, hogy helyre\u00e1ll\u00edtsa laptopja optim\u00e1lis m\u0171k\u00f6d\u00e9s\u00e9t.<\/p>\n","protected":false},"excerpt":{"rendered":"<p>Az UDQFXDH04 HP Compaq Armada M700 Model notebook CPU ventil\u00e1tor egy megb\u00edzhat\u00f3 cserealkatr\u00e9sz, amelyet arra terveztek, hogy h\u0171v\u00f6sen tartsa laptopja processzor\u00e1t \u00e9s megakad\u00e1lyozza a t\u00falmeleged\u00e9st. Hat\u00e9konyan elvezeti a h\u0151t, hogy egyenletes teljes\u00edtm\u00e9nyt biztos\u00edtson a meger\u0151ltet\u0151 feladatok sor\u00e1n, \u00edgy elengedhetetlen r\u00e9sze laptopja optim\u00e1lis m\u0171k\u00f6d\u00e9s\u00e9hez.<\/p>\n","protected":false},"featured_media":1127,"template":"","meta":[],"product_brand":[],"product_cat":[33],"product_tag":[25],"class_list":{"0":"post-1074","1":"product","2":"type-product","3":"status-publish","4":"has-post-thumbnail","6":"product_cat-cpu-fans-heatsinks","7":"product_tag-hp","9":"first","10":"instock","11":"taxable","12":"shipping-taxable","13":"purchasable","14":"product-type-simple"},"_links":{"self":[{"href":"https:\/\/boreait.com\/hu\/wp-json\/wp\/v2\/product\/1074","targetHints":{"allow":["GET"]}}],"collection":[{"href":"https:\/\/boreait.com\/hu\/wp-json\/wp\/v2\/product"}],"about":[{"href":"https:\/\/boreait.com\/hu\/wp-json\/wp\/v2\/types\/product"}],"wp:featuredmedia":[{"embeddable":true,"href":"https:\/\/boreait.com\/hu\/wp-json\/wp\/v2\/media\/1127"}],"wp:attachment":[{"href":"https:\/\/boreait.com\/hu\/wp-json\/wp\/v2\/media?parent=1074"}],"wp:term":[{"taxonomy":"product_brand","embeddable":true,"href":"https:\/\/boreait.com\/hu\/wp-json\/wp\/v2\/product_brand?post=1074"},{"taxonomy":"product_cat","embeddable":true,"href":"https:\/\/boreait.com\/hu\/wp-json\/wp\/v2\/product_cat?post=1074"},{"taxonomy":"product_tag","embeddable":true,"href":"https:\/\/boreait.com\/hu\/wp-json\/wp\/v2\/product_tag?post=1074"}],"curies":[{"name":"wp","href":"https:\/\/api.w.org\/{rel}","templated":true}]}}