{"id":10738,"date":"2025-09-17T12:59:13","date_gmt":"2025-09-17T10:59:13","guid":{"rendered":"https:\/\/boreait.com\/hu\/?post_type=product&#038;p=10738"},"modified":"2025-09-17T12:59:21","modified_gmt":"2025-09-17T10:59:21","slug":"lcd-kepernyo-lenovo-thinkpad-x270-125-wxga-1366x768-matt-erintesmentes-uj","status":"publish","type":"product","link":"https:\/\/boreait.com\/hu\/termek\/lcd-kepernyo-lenovo-thinkpad-x270-125-wxga-1366x768-matt-erintesmentes-uj\/","title":{"rendered":"LCD k\u00e9perny\u0151 Lenovo ThinkPad X270 12,5&#8243; WXGA 1366&#215;768 matt, \u00e9rint\u00e9smentes \u00daj"},"content":{"rendered":"<p><strong>T\u00e9nyleges LCD-kijelz\u0151s modell: NT125WHM-N43 \u2013 TELJESEN KOMPATIBILIS A LAPTOPTOP K\u00c9PERNY\u0150VEL A Lenovo ThinkPad X270 non-touch<\/strong><\/p>\n<p>Ezt a kiv\u00e1l\u00f3 min\u0151s\u00e9g\u0171 LCD-k\u00e9perny\u0151t a Lenovo ThinkPad X270-hez tervezt\u00e9k, \u00edgy t\u00f6k\u00e9letes helyettes\u00edti eszk\u00f6z\u00e9t. 12,5&#8243;-es m\u00e9ret\u00e9vel 1366&#215;768 WXGA felbont\u00e1s\u00fa, \u00e9les \u00e9s tiszta k\u00e9pet biztos\u00edt. A nem \u00e9rint\u0151k\u00e9perny\u0151 matt fel\u00fclettel rendelkezik, amely cs\u00f6kkenti a t\u00fckr\u00f6z\u0151d\u00e9st \u00e9s k\u00e9nyelmesebb megtekint\u00e9si \u00e9lm\u00e9nyt biztos\u00edt m\u00e9g er\u0151s megvil\u00e1g\u00edt\u00e1s mellett is. Ez a k\u00e9perny\u0151 30 t\u0171s eDP-csatlakoz\u00f3val van felszerelve, amely biztos\u00edtja a kompatibilit\u00e1st, a dupla biztons\u00e1gos csatlakoz\u00e1st \u00e9s a megb\u00edzhat\u00f3 csatlakoz\u00e1st. telep\u00edt\u00e9s Fels\u0151 \u00e9s als\u00f3 konzolok n\u00e9lk\u00fcl, rugalmass\u00e1got k\u00edn\u00e1lva a k\u00fcl\u00f6nb\u00f6z\u0151 telep\u00edt\u00e9si ig\u00e9nyekhez.<\/p>\n","protected":false},"excerpt":{"rendered":"<p>Csere LCD k\u00e9perny\u0151 Lenovo ThinkPad X270-hez, 12,5&#8243;, 1366&#215;768 WXGA, matt, \u00e9rint\u00e9smentes, 30 t\u0171s eDP, \u00fajszer\u0171 \u00e1llapot\u00fa, ragaszt\u00f3szalaggal.<\/p>\n","protected":false},"featured_media":10751,"template":"","meta":[],"product_brand":[],"product_cat":[87,71],"product_tag":[],"class_list":{"0":"post-10738","1":"product","2":"type-product","3":"status-publish","4":"has-post-thumbnail","6":"product_cat-12-5-new-laptop-screens-lcd-panels","7":"product_cat-new-laptop-screens-lcd-panels","9":"first","10":"instock","11":"taxable","12":"shipping-taxable","13":"purchasable","14":"product-type-simple"},"_links":{"self":[{"href":"https:\/\/boreait.com\/hu\/wp-json\/wp\/v2\/product\/10738","targetHints":{"allow":["GET"]}}],"collection":[{"href":"https:\/\/boreait.com\/hu\/wp-json\/wp\/v2\/product"}],"about":[{"href":"https:\/\/boreait.com\/hu\/wp-json\/wp\/v2\/types\/product"}],"wp:featuredmedia":[{"embeddable":true,"href":"https:\/\/boreait.com\/hu\/wp-json\/wp\/v2\/media\/10751"}],"wp:attachment":[{"href":"https:\/\/boreait.com\/hu\/wp-json\/wp\/v2\/media?parent=10738"}],"wp:term":[{"taxonomy":"product_brand","embeddable":true,"href":"https:\/\/boreait.com\/hu\/wp-json\/wp\/v2\/product_brand?post=10738"},{"taxonomy":"product_cat","embeddable":true,"href":"https:\/\/boreait.com\/hu\/wp-json\/wp\/v2\/product_cat?post=10738"},{"taxonomy":"product_tag","embeddable":true,"href":"https:\/\/boreait.com\/hu\/wp-json\/wp\/v2\/product_tag?post=10738"}],"curies":[{"name":"wp","href":"https:\/\/api.w.org\/{rel}","templated":true}]}}