{"id":10737,"date":"2025-09-17T12:59:13","date_gmt":"2025-09-17T10:59:13","guid":{"rendered":"https:\/\/boreait.com\/hu\/?post_type=product&#038;p=10737"},"modified":"2025-09-17T12:59:21","modified_gmt":"2025-09-17T10:59:21","slug":"uj-125-huvelykes-lcd-kepernyo-lenovo-thinkpad-x260-wxga-1366x768-30-tus-matt","status":"publish","type":"product","link":"https:\/\/boreait.com\/hu\/termek\/uj-125-huvelykes-lcd-kepernyo-lenovo-thinkpad-x260-wxga-1366x768-30-tus-matt\/","title":{"rendered":"\u00daj 12,5 h\u00fcvelykes LCD k\u00e9perny\u0151 Lenovo ThinkPad X260 WXGA 1366&#215;768, 30 t\u0171s, matt"},"content":{"rendered":"<p><strong>T\u00e9nyleges LCD-kijelz\u0151s modell: NT125WHM-N43 \u2013 TELJESEN KOMPATIBILIS A LAPTOPTOP K\u00c9PERNY\u0150J\u00c9VEL Lenovo ThinkPad X260 non-touch<\/strong><\/p>\n<p>Ezt a kiv\u00e1l\u00f3 min\u0151s\u00e9g\u0171 LCD-k\u00e9perny\u0151t kifejezetten a Lenovo ThinkPad X260 sorozathoz tervezt\u00e9k. 12,5&#8243;-es matt kijelz\u0151t k\u00edn\u00e1l 1366&#215;768-as WXGA felbont\u00e1ssal, tiszta, \u00e9l\u00e9nk l\u00e1tv\u00e1nyt biztos\u00edtva. A k\u00e9perny\u0151 30 t\u0171s eDP-csatlakoz\u00e1ssal rendelkezik, \u00edgy ide\u00e1lis a megl\u00e9v\u0151 nem \u00e9rint\u0151k\u00e9perny\u0151 cser\u00e9j\u00e9hez. K\u00e9rj\u00fck, vegye figyelembe, hogy ez a kijelz\u0151 fels\u0151 \u00e9s als\u00f3 konzolok n\u00e9lk\u00fcl kaphat\u00f3, lehet\u0151v\u00e9 t\u00e9ve az eredeti biztons\u00e1gos r\u00f6gz\u00edt\u00e9st \u00e9s a k\u00f6nnyen r\u00f6gz\u00edthet\u0151 alkatr\u00e9szeket. \u00daj \u00e1llapot\u00e1nak k\u00f6sz\u00f6nhet\u0151en ez az LCD-k\u00e9perny\u0151 kiv\u00e1l\u00f3 teljes\u00edtm\u00e9nyt \u00edg\u00e9r, \u00edgy t\u00f6k\u00e9letes helyettes\u00edti a Lenovo ThinkPad X260 laptop s\u00e9r\u00fclt vagy hib\u00e1san m\u0171k\u00f6d\u0151 k\u00e9perny\u0151j\u00e9t.<\/p>\n","protected":false},"excerpt":{"rendered":"<p>12,5&#8243;-es LCD k\u00e9perny\u0151 Lenovo ThinkPad X260-hoz, 1366&#215;768 WXGA, 30 t\u0171s eDP, matt, \u00e9rint\u00e9smentes, \u00fajszer\u0171 \u00e1llapot\u00fa. K\u00e9toldalas ragaszt\u00f3szalag mell\u00e9kelve. Nincs fels\u0151\/als\u00f3 tart\u00f3.<\/p>\n","protected":false},"featured_media":10751,"template":"","meta":[],"product_brand":[],"product_cat":[87,71],"product_tag":[],"class_list":{"0":"post-10737","1":"product","2":"type-product","3":"status-publish","4":"has-post-thumbnail","6":"product_cat-12-5-new-laptop-screens-lcd-panels","7":"product_cat-new-laptop-screens-lcd-panels","9":"first","10":"instock","11":"taxable","12":"shipping-taxable","13":"purchasable","14":"product-type-simple"},"_links":{"self":[{"href":"https:\/\/boreait.com\/hu\/wp-json\/wp\/v2\/product\/10737","targetHints":{"allow":["GET"]}}],"collection":[{"href":"https:\/\/boreait.com\/hu\/wp-json\/wp\/v2\/product"}],"about":[{"href":"https:\/\/boreait.com\/hu\/wp-json\/wp\/v2\/types\/product"}],"wp:featuredmedia":[{"embeddable":true,"href":"https:\/\/boreait.com\/hu\/wp-json\/wp\/v2\/media\/10751"}],"wp:attachment":[{"href":"https:\/\/boreait.com\/hu\/wp-json\/wp\/v2\/media?parent=10737"}],"wp:term":[{"taxonomy":"product_brand","embeddable":true,"href":"https:\/\/boreait.com\/hu\/wp-json\/wp\/v2\/product_brand?post=10737"},{"taxonomy":"product_cat","embeddable":true,"href":"https:\/\/boreait.com\/hu\/wp-json\/wp\/v2\/product_cat?post=10737"},{"taxonomy":"product_tag","embeddable":true,"href":"https:\/\/boreait.com\/hu\/wp-json\/wp\/v2\/product_tag?post=10737"}],"curies":[{"name":"wp","href":"https:\/\/api.w.org\/{rel}","templated":true}]}}