{"id":10736,"date":"2025-09-17T12:59:13","date_gmt":"2025-09-17T10:59:13","guid":{"rendered":"https:\/\/boreait.com\/hu\/?post_type=product&#038;p=10736"},"modified":"2025-09-17T12:59:20","modified_gmt":"2025-09-17T10:59:20","slug":"uj-lenovo-thinkpad-x250-lcd-kepernyo-125-wxga-1366x768-30-tus-matt-ragaszto","status":"publish","type":"product","link":"https:\/\/boreait.com\/hu\/termek\/uj-lenovo-thinkpad-x250-lcd-kepernyo-125-wxga-1366x768-30-tus-matt-ragaszto\/","title":{"rendered":"\u00daj Lenovo ThinkPad X250 LCD k\u00e9perny\u0151 12,5&#8243; WXGA 1366&#215;768 30 t\u0171s matt ragaszt\u00f3"},"content":{"rendered":"<p><strong>T\u00e9nyleges LCD-k\u00e9perny\u0151s modell: NT125WHM-N43 \u2013 TELJESEN KOMPATIBILIS A Lenovo ThinkPad X250 LAPTOP K\u00c9PERNY\u0150VEL<\/strong><\/p>\n<p>Friss\u00edtse vagy cser\u00e9lje ki laptopja kijelz\u0151j\u00e9t erre a kiv\u00e1l\u00f3 min\u0151s\u00e9g\u0171 LCD-k\u00e9perny\u0151re, amelyet a Lenovo ThinkPad X250-hez terveztek. Ez a 12,5 h\u00fcvelykes k\u00e9perny\u0151 \u00e9les, 1366&#215;768 WXGA felbont\u00e1s\u00fa, \u00e9les, tiszta k\u00e9peket \u00e9s \u00e9l\u00e9nk sz\u00edneket biztos\u00edt. A kijelz\u0151 matt fel\u00fclettel rendelkezik, amely jobb l\u00e1that\u00f3s\u00e1got biztos\u00edt k\u00fcl\u00f6nb\u00f6z\u0151 f\u00e9nyviszonyok k\u00f6z\u00f6tt, \u00e9s t\u00f6k\u00e9letes a mindennapi munk\u00e1hoz vagy a m\u00e9diafogyaszt\u00e1shoz. 30 t\u0171s eDP csatlakoz\u00f3val van felszerelve, \u00edgy k\u00f6nnyen telep\u00edthet\u0151 \u00e9s kompatibilis a megl\u00e9v\u0151 X250 ThinkPad-val, a megl\u00e9v\u0151 als\u00f3 k\u00e9perny\u0151 n\u00e9lk\u00fcl. konzolok, de tartalmaz egy k\u00e9toldalas \u00f6ntapad\u00f3 szalagot is, ami z\u00f6kken\u0151mentess\u00e9 teszi a telep\u00edt\u00e9st. A vadonat\u00faj \u00e1llapot\u00fa LCD-k\u00e9perny\u0151 megb\u00edzhat\u00f3an helyettes\u00edti laptopja vizu\u00e1lis teljes\u00edtm\u00e9ny\u00e9t.<\/p>\n","protected":false},"excerpt":{"rendered":"<p>\u00daj 12,5&#8243;-es Lenovo ThinkPad X250 LCD k\u00e9perny\u0151, 1366&#215;768 WXGA, 30 t\u0171s eDP, matt, k\u00e9toldalas ragaszt\u00f3szalaggal. Nincs fels\u0151 \u00e9s als\u00f3 tart\u00f3.<\/p>\n","protected":false},"featured_media":10751,"template":"","meta":[],"product_brand":[],"product_cat":[87,71],"product_tag":[],"class_list":{"0":"post-10736","1":"product","2":"type-product","3":"status-publish","4":"has-post-thumbnail","6":"product_cat-12-5-new-laptop-screens-lcd-panels","7":"product_cat-new-laptop-screens-lcd-panels","9":"first","10":"instock","11":"taxable","12":"shipping-taxable","13":"purchasable","14":"product-type-simple"},"_links":{"self":[{"href":"https:\/\/boreait.com\/hu\/wp-json\/wp\/v2\/product\/10736","targetHints":{"allow":["GET"]}}],"collection":[{"href":"https:\/\/boreait.com\/hu\/wp-json\/wp\/v2\/product"}],"about":[{"href":"https:\/\/boreait.com\/hu\/wp-json\/wp\/v2\/types\/product"}],"wp:featuredmedia":[{"embeddable":true,"href":"https:\/\/boreait.com\/hu\/wp-json\/wp\/v2\/media\/10751"}],"wp:attachment":[{"href":"https:\/\/boreait.com\/hu\/wp-json\/wp\/v2\/media?parent=10736"}],"wp:term":[{"taxonomy":"product_brand","embeddable":true,"href":"https:\/\/boreait.com\/hu\/wp-json\/wp\/v2\/product_brand?post=10736"},{"taxonomy":"product_cat","embeddable":true,"href":"https:\/\/boreait.com\/hu\/wp-json\/wp\/v2\/product_cat?post=10736"},{"taxonomy":"product_tag","embeddable":true,"href":"https:\/\/boreait.com\/hu\/wp-json\/wp\/v2\/product_tag?post=10736"}],"curies":[{"name":"wp","href":"https:\/\/api.w.org\/{rel}","templated":true}]}}