{"id":10735,"date":"2025-09-17T12:59:13","date_gmt":"2025-09-17T10:59:13","guid":{"rendered":"https:\/\/boreait.com\/hu\/?post_type=product&#038;p=10735"},"modified":"2026-01-14T12:46:42","modified_gmt":"2026-01-14T11:46:42","slug":"125-huvelykes-lcd-kepernyo-lenovo-thinkpad-x240-x240s-1366x768-wxga-matt-uj","status":"publish","type":"product","link":"https:\/\/boreait.com\/hu\/termek\/125-huvelykes-lcd-kepernyo-lenovo-thinkpad-x240-x240s-1366x768-wxga-matt-uj\/","title":{"rendered":"12,5 h\u00fcvelykes LCD k\u00e9perny\u0151 Lenovo ThinkPad X240 X240s 1366&#215;768 WXGA matt &#8211; \u00faj"},"content":{"rendered":"<p><strong>T\u00e9nyleges LCD-k\u00e9perny\u0151s modell: NT125WHM-N43 \u2013 TELJESEN KOMPATIBILIS A Lenovo ThinkPad X240 X240s LAPTOP K\u00c9PERNY\u0150VEL<\/strong><\/p>\n<p>Friss\u00edtse Lenovo ThinkPad X240 vagy X240s k\u00e9sz\u00fcl\u00e9k\u00e9t ezzel a kiv\u00e1l\u00f3 min\u0151s\u00e9g\u0171 csereLCD-k\u00e9perny\u0151vel. Ez a 12,5&#8243;-es WXGA matt kijelz\u0151 \u00e9les, 1366&#215;768-as felbont\u00e1st k\u00edn\u00e1l, amely t\u00f6k\u00e9letes az \u00e9l\u00e9nk l\u00e1tv\u00e1ny helyre\u00e1ll\u00edt\u00e1s\u00e1hoz \u00e9s a laptop teljes\u00edtm\u00e9ny\u00e9nek jav\u00edt\u00e1s\u00e1hoz. A k\u00e9perny\u0151 30 t\u0171s eDP-csatlakoz\u00f3val van felszerelve, \u00e9s a fels\u0151 \u00e9s az als\u00f3 konzolok n\u00e9lk\u00fcl \u00e9rkezik, \u00edgy biztos\u00edtva az eleg\u00e1ns, minimalista diz\u00e1jnt. A k\u00e9toldalas, \u00f6ntapad\u00f3s k\u00e9perny\u0151 ide\u00e1lis a professzion\u00e1lis telep\u00edt\u00e9shez. vagy szem\u00e9lyes haszn\u00e1latra, ez a vadonat\u00faj LCD-k\u00e9perny\u0151 t\u00f6k\u00e9letesen illeszkedik a ThinkPad-hez, tart\u00f3ss\u00e1got \u00e9s \u00e9les megjelen\u00edt\u00e9st k\u00edn\u00e1l.<\/p>\n","protected":false},"excerpt":{"rendered":"<p>Cser\u00e9lje le Lenovo ThinkPad X240\/X240s k\u00e9perny\u0151j\u00e9t erre a 12,5 h\u00fcvelykes WXGA LCD (1366&#215;768) matt kijelz\u0151re, amely 30 t\u0171s eDP-csatlakoz\u00f3val \u00e9s k\u00e9toldalas ragaszt\u00f3szalaggal rendelkezik az egyszer\u0171 telep\u00edt\u00e9s \u00e9rdek\u00e9ben. \u00daj, fels\u0151 \u00e9s als\u00f3 konzolok n\u00e9lk\u00fcl.<\/p>\n<p>&nbsp;<\/p>\n","protected":false},"featured_media":10751,"template":"","meta":[],"product_brand":[],"product_cat":[87,71],"product_tag":[],"class_list":{"0":"post-10735","1":"product","2":"type-product","3":"status-publish","4":"has-post-thumbnail","6":"product_cat-12-5-new-laptop-screens-lcd-panels","7":"product_cat-new-laptop-screens-lcd-panels","9":"first","10":"instock","11":"taxable","12":"shipping-taxable","13":"purchasable","14":"product-type-simple"},"_links":{"self":[{"href":"https:\/\/boreait.com\/hu\/wp-json\/wp\/v2\/product\/10735","targetHints":{"allow":["GET"]}}],"collection":[{"href":"https:\/\/boreait.com\/hu\/wp-json\/wp\/v2\/product"}],"about":[{"href":"https:\/\/boreait.com\/hu\/wp-json\/wp\/v2\/types\/product"}],"wp:featuredmedia":[{"embeddable":true,"href":"https:\/\/boreait.com\/hu\/wp-json\/wp\/v2\/media\/10751"}],"wp:attachment":[{"href":"https:\/\/boreait.com\/hu\/wp-json\/wp\/v2\/media?parent=10735"}],"wp:term":[{"taxonomy":"product_brand","embeddable":true,"href":"https:\/\/boreait.com\/hu\/wp-json\/wp\/v2\/product_brand?post=10735"},{"taxonomy":"product_cat","embeddable":true,"href":"https:\/\/boreait.com\/hu\/wp-json\/wp\/v2\/product_cat?post=10735"},{"taxonomy":"product_tag","embeddable":true,"href":"https:\/\/boreait.com\/hu\/wp-json\/wp\/v2\/product_tag?post=10735"}],"curies":[{"name":"wp","href":"https:\/\/api.w.org\/{rel}","templated":true}]}}