{"id":10733,"date":"2025-09-17T12:59:13","date_gmt":"2025-09-17T10:59:13","guid":{"rendered":"https:\/\/boreait.com\/hu\/?post_type=product&#038;p=10733"},"modified":"2025-09-17T12:59:20","modified_gmt":"2025-09-17T10:59:20","slug":"uj-125-huvelykes-lcd-kepernyo-cp719499-01-1366x768-wxga-matt-edp-30-tus-szalag","status":"publish","type":"product","link":"https:\/\/boreait.com\/hu\/termek\/uj-125-huvelykes-lcd-kepernyo-cp719499-01-1366x768-wxga-matt-edp-30-tus-szalag\/","title":{"rendered":"\u00daj 12,5 h\u00fcvelykes LCD k\u00e9perny\u0151 CP719499-01 1366&#215;768 WXGA matt eDP 30 t\u0171s szalag"},"content":{"rendered":"<p><strong>T\u00e9nyleges LCD-k\u00e9perny\u0151s modell: NT125WHM-N43 \u2013 TELJESEN KOMPATIBILIS A CP719499-01 LAPTOP K\u00c9PERNY\u0150VEL<\/strong><\/p>\n<p>Friss\u00edtse eszk\u00f6z\u00e9t a CP719499-01 12,5 h\u00fcvelykes LCD-k\u00e9perny\u0151vel, amely krist\u00e1lytiszta k\u00e9pet k\u00edn\u00e1l 1366&#215;768 WXGA felbont\u00e1ssal. Ez a matt, eDP 30 t\u0171s kijelz\u0151 ide\u00e1lis k\u00fcl\u00f6nf\u00e9le laptopok vagy eszk\u00f6z\u00f6k jav\u00edt\u00e1s\u00e1hoz \u00e9s cser\u00e9j\u00e9hez. A k\u00e9perny\u0151 fels\u0151 \u00e9s als\u00f3 r\u00f6gz\u00edt\u0151elemek n\u00e9lk\u00fcl \u00e9rkezik, de mag\u00e1ban foglalja a dupla csaptelep\u00edt\u00e9s n\u00e9lk\u00fcli telep\u00edt\u00e9st is. r\u00e9gi vagy s\u00e9r\u00fclt k\u00e9perny\u0151t cser\u00e9l, vagy \u00fajra van sz\u00fcks\u00e9ge a projekthez, ez a k\u00e9perny\u0151 kiv\u00e1l\u00f3 teljes\u00edtm\u00e9nyt \u00e9s tart\u00f3ss\u00e1got biztos\u00edt.<\/p>\n","protected":false},"excerpt":{"rendered":"<p>Ez a vadonat\u00faj 12,5&#8243;-es LCD-k\u00e9perny\u0151 (CP719499-01) 1366&#215;768 WXGA felbont\u00e1st k\u00edn\u00e1l matt fel\u00fclettel. Ez egy 30 t\u0171s eDP-kijelz\u0151, amely t\u00f6k\u00e9letes k\u00fcl\u00f6nf\u00e9le laptopokhoz vagy olyan eszk\u00f6z\u00f6kh\u00f6z, amelyek kompakt \u00e9s j\u00f3 min\u0151s\u00e9g\u0171 k\u00e9perny\u0151t ig\u00e9nyelnek. A k\u00e9perny\u0151t k\u00e9toldalas \u00f6ntapad\u00f3s szalaggal sz\u00e1ll\u00edtj\u00e1k az alulr\u00f3l az egyszer\u0171 telep\u00edt\u00e9s \u00e9s r\u00f6gz\u00edt\u00e9s \u00e9rdek\u00e9ben. \u00daj.<\/p>\n","protected":false},"featured_media":10751,"template":"","meta":[],"product_brand":[],"product_cat":[87,71],"product_tag":[],"class_list":{"0":"post-10733","1":"product","2":"type-product","3":"status-publish","4":"has-post-thumbnail","6":"product_cat-12-5-new-laptop-screens-lcd-panels","7":"product_cat-new-laptop-screens-lcd-panels","9":"first","10":"instock","11":"taxable","12":"shipping-taxable","13":"purchasable","14":"product-type-simple"},"_links":{"self":[{"href":"https:\/\/boreait.com\/hu\/wp-json\/wp\/v2\/product\/10733","targetHints":{"allow":["GET"]}}],"collection":[{"href":"https:\/\/boreait.com\/hu\/wp-json\/wp\/v2\/product"}],"about":[{"href":"https:\/\/boreait.com\/hu\/wp-json\/wp\/v2\/types\/product"}],"wp:featuredmedia":[{"embeddable":true,"href":"https:\/\/boreait.com\/hu\/wp-json\/wp\/v2\/media\/10751"}],"wp:attachment":[{"href":"https:\/\/boreait.com\/hu\/wp-json\/wp\/v2\/media?parent=10733"}],"wp:term":[{"taxonomy":"product_brand","embeddable":true,"href":"https:\/\/boreait.com\/hu\/wp-json\/wp\/v2\/product_brand?post=10733"},{"taxonomy":"product_cat","embeddable":true,"href":"https:\/\/boreait.com\/hu\/wp-json\/wp\/v2\/product_cat?post=10733"},{"taxonomy":"product_tag","embeddable":true,"href":"https:\/\/boreait.com\/hu\/wp-json\/wp\/v2\/product_tag?post=10733"}],"curies":[{"name":"wp","href":"https:\/\/api.w.org\/{rel}","templated":true}]}}