{"id":10732,"date":"2025-09-17T12:59:13","date_gmt":"2025-09-17T10:59:13","guid":{"rendered":"https:\/\/boreait.com\/hu\/?post_type=product&#038;p=10732"},"modified":"2025-09-17T12:59:20","modified_gmt":"2025-09-17T10:59:20","slug":"nt125whm-n43-125-lcd-kepernyo-wxga-1366x768-matt-30-tus-edp-ragasztoszalag","status":"publish","type":"product","link":"https:\/\/boreait.com\/hu\/termek\/nt125whm-n43-125-lcd-kepernyo-wxga-1366x768-matt-30-tus-edp-ragasztoszalag\/","title":{"rendered":"NT125WHM-N43 12,5&#8243; LCD k\u00e9perny\u0151 WXGA 1366&#215;768 matt 30 t\u0171s eDP + ragaszt\u00f3szalag"},"content":{"rendered":"<p>Friss\u00edtse laptopj\u00e1t az NT125WHM-N43 LCD-k\u00e9perny\u0151vel, amelyet kiv\u00e9teles megjelen\u00edt\u00e9si min\u0151s\u00e9gre \u00e9s megb\u00edzhat\u00f3s\u00e1gra terveztek. Ez a 12,5 h\u00fcvelykes WXGA (1366&#215;768) matt k\u00e9perny\u0151 30 t\u0171s eDP-csatlakoz\u00e1ssal rendelkezik, amely sima, \u00e9les megjelen\u00edt\u00e9st biztos\u00edt minden sz\u00e1m\u00edt\u00e1stechnikai ig\u00e9ny\u00e9hez. Fels\u0151 \u00e9s als\u00f3 konzolok n\u00e9lk\u00fcl ez a k\u00e9perny\u0151 t\u00f6k\u00e9letes bark\u00e1cscser\u00e9hez vagy jav\u00edt\u00e1shoz. A mell\u00e9kelt k\u00e9toldalas \u00f6ntapad\u00f3 szalag leegyszer\u0171s\u00edti a telep\u00edt\u00e9si folyamatot, lehet\u0151v\u00e9 t\u00e9ve a biztons\u00e1gos r\u00f6gz\u00edt\u00e9st. Ak\u00e1r egy s\u00e9r\u00fclt k\u00e9perny\u0151t cser\u00e9l, ak\u00e1r laptopja kijelz\u0151j\u00e9t friss\u00edti, ez a vadonat\u00faj, kiv\u00e1l\u00f3 min\u0151s\u00e9g\u0171 LCD az ide\u00e1lis v\u00e1laszt\u00e1s. Az NT125WHM-N43 seg\u00edts\u00e9g\u00e9vel optim\u00e1lis teljes\u00edtm\u00e9nyt \u00e9s \u00e9l\u00e9nk kijelz\u0151 tisztas\u00e1got biztos\u00edt.<\/p>\n","protected":false},"excerpt":{"rendered":"<p>NT125WHM-N43 LCD k\u00e9perny\u0151, 12,5&#8243;, 1366&#215;768 WXGA, matt, 30 t\u0171s eDP, tart\u00f3 n\u00e9lk\u00fcl, k\u00e9toldalas ragaszt\u00f3szalaggal. Vadonat\u00faj, laptop jav\u00edt\u00e1shoz ide\u00e1lis.<\/p>\n<p>&nbsp;<\/p>\n","protected":false},"featured_media":10751,"template":"","meta":[],"product_brand":[],"product_cat":[87,71],"product_tag":[],"class_list":{"0":"post-10732","1":"product","2":"type-product","3":"status-publish","4":"has-post-thumbnail","6":"product_cat-12-5-new-laptop-screens-lcd-panels","7":"product_cat-new-laptop-screens-lcd-panels","9":"first","10":"instock","11":"taxable","12":"shipping-taxable","13":"purchasable","14":"product-type-simple"},"_links":{"self":[{"href":"https:\/\/boreait.com\/hu\/wp-json\/wp\/v2\/product\/10732","targetHints":{"allow":["GET"]}}],"collection":[{"href":"https:\/\/boreait.com\/hu\/wp-json\/wp\/v2\/product"}],"about":[{"href":"https:\/\/boreait.com\/hu\/wp-json\/wp\/v2\/types\/product"}],"wp:featuredmedia":[{"embeddable":true,"href":"https:\/\/boreait.com\/hu\/wp-json\/wp\/v2\/media\/10751"}],"wp:attachment":[{"href":"https:\/\/boreait.com\/hu\/wp-json\/wp\/v2\/media?parent=10732"}],"wp:term":[{"taxonomy":"product_brand","embeddable":true,"href":"https:\/\/boreait.com\/hu\/wp-json\/wp\/v2\/product_brand?post=10732"},{"taxonomy":"product_cat","embeddable":true,"href":"https:\/\/boreait.com\/hu\/wp-json\/wp\/v2\/product_cat?post=10732"},{"taxonomy":"product_tag","embeddable":true,"href":"https:\/\/boreait.com\/hu\/wp-json\/wp\/v2\/product_tag?post=10732"}],"curies":[{"name":"wp","href":"https:\/\/api.w.org\/{rel}","templated":true}]}}