{"id":10731,"date":"2025-09-17T12:59:13","date_gmt":"2025-09-17T10:59:13","guid":{"rendered":"https:\/\/boreait.com\/hu\/?post_type=product&#038;p=10731"},"modified":"2025-09-17T12:59:19","modified_gmt":"2025-09-17T10:59:19","slug":"lenovo-thinkpad-x280-125-fhd-lcd-kepernyo-erintesmentes-30-tus-matt-uj","status":"publish","type":"product","link":"https:\/\/boreait.com\/hu\/termek\/lenovo-thinkpad-x280-125-fhd-lcd-kepernyo-erintesmentes-30-tus-matt-uj\/","title":{"rendered":"Lenovo ThinkPad X280 12,5&#8243; FHD LCD k\u00e9perny\u0151, \u00e9rint\u00e9smentes, 30 t\u0171s, matt, \u00faj"},"content":{"rendered":"<p><strong>T\u00e9nyleges LCD-k\u00e9perny\u0151s modell: B125HAN02.2 V.5 \u2013 TELJESEN KOMPATIBILIS A LAPTOP K\u00c9PERNY\u0150VEL Lenovo ThinkPad X280 non-Touch \u2013 k\u00f6z\u00e9ps\u0151 csatlakoz\u00f3<\/strong><\/p>\n<p>Friss\u00edtse Lenovo ThinkPad X280 k\u00e9sz\u00fcl\u00e9k\u00e9t ezzel a kiv\u00e1l\u00f3 min\u0151s\u00e9g\u0171 12,5&#8243;-es FHD LCD-k\u00e9perny\u0151vel. Az \u00e9rint\u00e9s n\u00e9lk\u00fcli v\u00e1ltozathoz tervezett cserek\u00e9perny\u0151 \u00e9l\u00e9nk IPS technol\u00f3gi\u00e1t \u00e9s matt fel\u00fcletet k\u00edn\u00e1l a t\u00fckr\u00f6z\u0151d\u00e9smentes megjelen\u00edt\u00e9s \u00e9rdek\u00e9ben. A k\u00e9perny\u0151 Full HD (1920&#215;1080) felbont\u00e1ssal b\u00fcszk\u00e9lkedhet, amely t\u00f6k\u00e9letes a tiszta \u00e9s \u00e9les k\u00e9pekhez, 3 t\u0171s csatlakoz\u00e1ssal \u00e9s 0-Hz. friss\u00edt\u00e9si gyakoris\u00e1g, z\u00f6kken\u0151mentes teljes\u00edtm\u00e9nyt ny\u00fajt mind a munka, mind a j\u00e1t\u00e9k sor\u00e1n.<\/p>\n","protected":false},"excerpt":{"rendered":"<p>Vadonat\u00faj 12,5&#8243;-es FHD IPS LCD k\u00e9perny\u0151 Lenovo ThinkPad X280-hoz (nem \u00e9rint\u00e9s), 30 t\u0171s, matt, eDP, 60 Hz, k\u00e9toldalas ragaszt\u00f3szalaggal. Nincs fels\u0151 vagy als\u00f3 tart\u00f3.<\/p>\n<p>&nbsp;<\/p>\n","protected":false},"featured_media":10750,"template":"","meta":[],"product_brand":[],"product_cat":[87,71],"product_tag":[],"class_list":{"0":"post-10731","1":"product","2":"type-product","3":"status-publish","4":"has-post-thumbnail","6":"product_cat-12-5-new-laptop-screens-lcd-panels","7":"product_cat-new-laptop-screens-lcd-panels","9":"first","10":"instock","11":"taxable","12":"shipping-taxable","13":"purchasable","14":"product-type-simple"},"_links":{"self":[{"href":"https:\/\/boreait.com\/hu\/wp-json\/wp\/v2\/product\/10731","targetHints":{"allow":["GET"]}}],"collection":[{"href":"https:\/\/boreait.com\/hu\/wp-json\/wp\/v2\/product"}],"about":[{"href":"https:\/\/boreait.com\/hu\/wp-json\/wp\/v2\/types\/product"}],"wp:featuredmedia":[{"embeddable":true,"href":"https:\/\/boreait.com\/hu\/wp-json\/wp\/v2\/media\/10750"}],"wp:attachment":[{"href":"https:\/\/boreait.com\/hu\/wp-json\/wp\/v2\/media?parent=10731"}],"wp:term":[{"taxonomy":"product_brand","embeddable":true,"href":"https:\/\/boreait.com\/hu\/wp-json\/wp\/v2\/product_brand?post=10731"},{"taxonomy":"product_cat","embeddable":true,"href":"https:\/\/boreait.com\/hu\/wp-json\/wp\/v2\/product_cat?post=10731"},{"taxonomy":"product_tag","embeddable":true,"href":"https:\/\/boreait.com\/hu\/wp-json\/wp\/v2\/product_tag?post=10731"}],"curies":[{"name":"wp","href":"https:\/\/api.w.org\/{rel}","templated":true}]}}