{"id":10730,"date":"2025-09-17T12:59:12","date_gmt":"2025-09-17T10:59:12","guid":{"rendered":"https:\/\/boreait.com\/hu\/?post_type=product&#038;p=10730"},"modified":"2025-09-17T12:59:19","modified_gmt":"2025-09-17T10:59:19","slug":"125-lcd-kepernyo-01en374-00ny682-fhd-ips-matt-30-tus-edp-ragasztoszalag-uj","status":"publish","type":"product","link":"https:\/\/boreait.com\/hu\/termek\/125-lcd-kepernyo-01en374-00ny682-fhd-ips-matt-30-tus-edp-ragasztoszalag-uj\/","title":{"rendered":"12,5&#8243; LCD k\u00e9perny\u0151 01EN374 00NY682 FHD IPS matt 30 t\u0171s EDP + ragaszt\u00f3szalag \u00faj"},"content":{"rendered":"<p><strong>T\u00e9nyleges LCD-k\u00e9perny\u0151s modell: B125HAN02.2 V.5 \u2013 TELJESEN KOMPATIBILIS A 01EN374, 00NY682 LAPTOP K\u00c9PERNY\u0150VEL<\/strong><\/p>\n<p>Ez a vadonat\u00faj 12,5 h\u00fcvelykes LCD-k\u00e9perny\u0151 (01EN374 00NY682 modell) kiv\u00e1l\u00f3 min\u0151s\u00e9g\u0171 helyettes\u00edt\u0151 olyan laptopokhoz, amelyek friss\u00edt\u00e9st vagy cser\u00e9t ig\u00e9nyelnek. A Full HD (FHD) felbont\u00e1ssal az IPS technol\u00f3gia leny\u0171g\u00f6z\u0151 tisztas\u00e1got \u00e9s \u00e9l\u00e9nk sz\u00edneket biztos\u00edt, m\u00edg a matt fel\u00fclet cs\u00f6kkenti a t\u00fckr\u00f6z\u0151d\u00e9st a k\u00e9nyelmesebb megtekint\u00e9si \u00e9lm\u00e9ny \u00e9rdek\u00e9ben, EDP-csatlakoz\u00e1s \u00e9s 3 Feat. A 60 Hz-es friss\u00edt\u00e9si frekvencia sz\u00e1mos laptopmodellhez t\u00f6k\u00e9letes. A k\u00e9perny\u0151 fels\u0151 \u00e9s als\u00f3 tart\u00f3elemek n\u00e9lk\u00fcl kaphat\u00f3, de k\u00e9toldalas \u00f6ntapad\u00f3 szalaggal rendelkezik a k\u00f6nny\u0171 telep\u00edt\u00e9s \u00e9rdek\u00e9ben. Ez a kijelz\u0151 garant\u00e1ltan \u00fajszer\u0171 \u00e1llapot\u00fa.<\/p>\n","protected":false},"excerpt":{"rendered":"<p>Vadonat\u00faj 12,5&#8243;-es FHD LCD k\u00e9perny\u0151 (01EN374 00NY682), matt, IPS, 30 t\u0171s, EDP, ragaszt\u00f3szalaggal. T\u00f6k\u00e9letes helyettes\u00edt\u0151 kijelz\u0151 laptopokhoz.<\/p>\n","protected":false},"featured_media":10750,"template":"","meta":[],"product_brand":[],"product_cat":[87,71],"product_tag":[],"class_list":{"0":"post-10730","1":"product","2":"type-product","3":"status-publish","4":"has-post-thumbnail","6":"product_cat-12-5-new-laptop-screens-lcd-panels","7":"product_cat-new-laptop-screens-lcd-panels","9":"first","10":"instock","11":"taxable","12":"shipping-taxable","13":"purchasable","14":"product-type-simple"},"_links":{"self":[{"href":"https:\/\/boreait.com\/hu\/wp-json\/wp\/v2\/product\/10730","targetHints":{"allow":["GET"]}}],"collection":[{"href":"https:\/\/boreait.com\/hu\/wp-json\/wp\/v2\/product"}],"about":[{"href":"https:\/\/boreait.com\/hu\/wp-json\/wp\/v2\/types\/product"}],"wp:featuredmedia":[{"embeddable":true,"href":"https:\/\/boreait.com\/hu\/wp-json\/wp\/v2\/media\/10750"}],"wp:attachment":[{"href":"https:\/\/boreait.com\/hu\/wp-json\/wp\/v2\/media?parent=10730"}],"wp:term":[{"taxonomy":"product_brand","embeddable":true,"href":"https:\/\/boreait.com\/hu\/wp-json\/wp\/v2\/product_brand?post=10730"},{"taxonomy":"product_cat","embeddable":true,"href":"https:\/\/boreait.com\/hu\/wp-json\/wp\/v2\/product_cat?post=10730"},{"taxonomy":"product_tag","embeddable":true,"href":"https:\/\/boreait.com\/hu\/wp-json\/wp\/v2\/product_tag?post=10730"}],"curies":[{"name":"wp","href":"https:\/\/api.w.org\/{rel}","templated":true}]}}