{"id":10729,"date":"2025-09-17T12:59:12","date_gmt":"2025-09-17T10:59:12","guid":{"rendered":"https:\/\/boreait.com\/hu\/?post_type=product&#038;p=10729"},"modified":"2025-09-17T12:59:18","modified_gmt":"2025-09-17T10:59:18","slug":"125-os-fhd-ips-lcd-kepernyo-00hn883-00hn884-30-tus-matt-edp-konzolok-nelkul-uj","status":"publish","type":"product","link":"https:\/\/boreait.com\/hu\/termek\/125-os-fhd-ips-lcd-kepernyo-00hn883-00hn884-30-tus-matt-edp-konzolok-nelkul-uj\/","title":{"rendered":"12,5&#8243;-os FHD IPS LCD k\u00e9perny\u0151 00HN883 00HN884 30 t\u0171s matt EDP, konzolok n\u00e9lk\u00fcl, \u00faj"},"content":{"rendered":"<p><strong>T\u00e9nyleges LCD-k\u00e9perny\u0151s modell: B125HAN02.2 V.5 \u2013 TELJESEN KOMPATIBILIS A 00HN883 00HN884 SD10G56682 LAPTOP K\u00c9PERNY\u0150VEL<\/strong><\/p>\n<p>Friss\u00edtse eszk\u00f6ze kijelz\u0151j\u00e9t ezzel a kiv\u00e1l\u00f3 min\u0151s\u00e9g\u0171 12,5 h\u00fcvelykes LCD-k\u00e9perny\u0151vel, amely sz\u00e1mos modellel kompatibilis. Full HD (FHD) felbont\u00e1ssal \u00e9s IPS technol\u00f3gi\u00e1val ez a k\u00e9perny\u0151 \u00e9l\u00e9nk sz\u00edneket, sz\u00e9les betekint\u00e9si sz\u00f6geket \u00e9s krist\u00e1lytiszta tisztas\u00e1got biztos\u00edt a jobb vizu\u00e1lis \u00e9lm\u00e9ny \u00e9rdek\u00e9ben. Matt fel\u00fclettel rendelkezik, amely cs\u00f6kkenti a t\u00fckr\u00f6z\u0151d\u00e9st, \u00edgy ide\u00e1lis b\u00e1rmilyen f\u00e9nyviszonyok k\u00f6z\u00f6tt EDP-3-as k\u00e9perny\u0151vel. csatlakoz\u00f3, amely biztos\u00edtja a kompatibilit\u00e1st az eszk\u00f6z\u00f6k sz\u00e9les sk\u00e1l\u00e1j\u00e1val. 60 Hz-en m\u0171k\u00f6dik a sima, \u00e9rz\u00e9keny teljes\u00edtm\u00e9ny \u00e9rdek\u00e9ben.<\/p>\n","protected":false},"excerpt":{"rendered":"<p>Friss\u00edtse eszk\u00f6z\u00e9t ezzel a 12,5 h\u00fcvelykes FHD IPS LCD-k\u00e9perny\u0151vel, amely matt fel\u00fclettel, 30 t\u0171s EDP-csatlakoz\u00f3val \u00e9s k\u00e9toldalas ragaszt\u00f3szalaggal rendelkezik az egyszer\u0171 telep\u00edt\u00e9s \u00e9rdek\u00e9ben. \u00daj \u00e1llapot.<\/p>\n","protected":false},"featured_media":10750,"template":"","meta":[],"product_brand":[],"product_cat":[87,71],"product_tag":[],"class_list":{"0":"post-10729","1":"product","2":"type-product","3":"status-publish","4":"has-post-thumbnail","6":"product_cat-12-5-new-laptop-screens-lcd-panels","7":"product_cat-new-laptop-screens-lcd-panels","9":"first","10":"instock","11":"taxable","12":"shipping-taxable","13":"purchasable","14":"product-type-simple"},"_links":{"self":[{"href":"https:\/\/boreait.com\/hu\/wp-json\/wp\/v2\/product\/10729","targetHints":{"allow":["GET"]}}],"collection":[{"href":"https:\/\/boreait.com\/hu\/wp-json\/wp\/v2\/product"}],"about":[{"href":"https:\/\/boreait.com\/hu\/wp-json\/wp\/v2\/types\/product"}],"wp:featuredmedia":[{"embeddable":true,"href":"https:\/\/boreait.com\/hu\/wp-json\/wp\/v2\/media\/10750"}],"wp:attachment":[{"href":"https:\/\/boreait.com\/hu\/wp-json\/wp\/v2\/media?parent=10729"}],"wp:term":[{"taxonomy":"product_brand","embeddable":true,"href":"https:\/\/boreait.com\/hu\/wp-json\/wp\/v2\/product_brand?post=10729"},{"taxonomy":"product_cat","embeddable":true,"href":"https:\/\/boreait.com\/hu\/wp-json\/wp\/v2\/product_cat?post=10729"},{"taxonomy":"product_tag","embeddable":true,"href":"https:\/\/boreait.com\/hu\/wp-json\/wp\/v2\/product_tag?post=10729"}],"curies":[{"name":"wp","href":"https:\/\/api.w.org\/{rel}","templated":true}]}}