{"id":10728,"date":"2025-09-17T12:59:12","date_gmt":"2025-09-17T10:59:12","guid":{"rendered":"https:\/\/boreait.com\/hu\/?post_type=product&#038;p=10728"},"modified":"2025-09-17T12:59:18","modified_gmt":"2025-09-17T10:59:18","slug":"125-lcd-kepernyo-m125nwf4-fhd-ips-60hz-30-tus-matt-edp-ragasztoszalaggal-uj","status":"publish","type":"product","link":"https:\/\/boreait.com\/hu\/termek\/125-lcd-kepernyo-m125nwf4-fhd-ips-60hz-30-tus-matt-edp-ragasztoszalaggal-uj\/","title":{"rendered":"12,5&#8243; LCD k\u00e9perny\u0151 M125NWF4 FHD IPS 60Hz 30 t\u0171s matt eDP ragaszt\u00f3szalaggal \u00daj"},"content":{"rendered":"<p><strong>T\u00e9nyleges LCD-k\u00e9perny\u0151s modell: B125HAN02.2 V.5 \u2013 TELJESEN KOMPATIBILIS AZ M125NWF4 LAPTOP K\u00c9PERNY\u0150VEL<\/strong><\/p>\n<p>Ez a vadonat\u00faj M125NWF4 LCD k\u00e9perny\u0151 t\u00f6k\u00e9letesen helyettes\u00edti eszk\u00f6z\u00e9t, \u00e9les 12,5&#8243;-es Full HD felbont\u00e1st (1920&#215;1080) k\u00edn\u00e1l \u00e9l\u00e9nk sz\u00ednekkel az IPS panelnek k\u00f6sz\u00f6nhet\u0151en. 60 Hz-es friss\u00edt\u00e9si gyakoris\u00e1ggal \u00e9s matt fel\u00fclettel rendelkezik, amely cs\u00f6kkenti a t\u00fckr\u00f6z\u0151d\u00e9st, \u00edgy ide\u00e1lis k\u00fclt\u00e9ri vagy er\u0151sen megvil\u00e1g\u00edtott k\u00f6rnyezetekhez. laptopok Ez a k\u00e9perny\u0151 nem tartalmaz fels\u0151 \u00e9s als\u00f3 tart\u00f3t, de k\u00e9toldalas \u00f6ntapad\u00f3 szalaggal rendelkezik az egyszer\u0171 telep\u00edt\u00e9s \u00e9rdek\u00e9ben, ak\u00e1r egy s\u00e9r\u00fclt k\u00e9perny\u0151t cser\u00e9l, ak\u00e1r a laptop kijelz\u0151j\u00e9t friss\u00edti, ez egy kiv\u00e1l\u00f3 min\u0151s\u00e9g\u0171, megb\u00edzhat\u00f3 v\u00e1laszt\u00e1s.<\/p>\n<p><strong>M\u0171szaki adatok:<\/strong><\/p>\n<ul>\n<li><strong>M\u00e9ret:<\/strong> 12,5 h\u00fcvelyk<\/li>\n<li><strong>Felbont\u00e1s:<\/strong> Full HD (1920&#215;1080)<\/li>\n<li><strong>Panel t\u00edpusa:<\/strong> IPS<\/li>\n<li><strong>Friss\u00edt\u00e9si gyakoris\u00e1g:<\/strong> 60 Hz<\/li>\n<li><strong>Interf\u00e9sz:<\/strong> 30 t\u0171s eDP<\/li>\n<li><strong>Befejez\u00e9s:<\/strong> matt (csillant\u00e1sg\u00e1tl\u00f3)<\/li>\n<li><strong>\u00c1llapot:<\/strong> \u00daj<\/li>\n<li><strong>Tartalmazza:<\/strong> k\u00e9toldalas \u00f6ntapad\u00f3 szalag<\/li>\n<li><strong>Megjegyz\u00e9s:<\/strong> Nem tartalmaz fels\u0151 \u00e9s als\u00f3 z\u00e1r\u00f3jelet<\/li>\n<\/ul>\n","protected":false},"excerpt":{"rendered":"<p>Ez az \u00faj M125NWF4 LCD k\u00e9perny\u0151 12,5 h\u00fcvelykes Full HD IPS kijelz\u0151t k\u00edn\u00e1l matt fel\u00fclettel, 60 Hz-es friss\u00edt\u00e9si gyakoris\u00e1ggal \u00e9s 30 t\u0171s eDP interf\u00e9sszel. Ide\u00e1lis laptop cser\u00e9hez, k\u00e9toldalas ragaszt\u00f3szalaggal sz\u00e1ll\u00edtja az egyszer\u0171 telep\u00edt\u00e9st, de nincs fels\u0151 \u00e9s als\u00f3 konzol.<\/p>\n","protected":false},"featured_media":10750,"template":"","meta":[],"product_brand":[],"product_cat":[87,71],"product_tag":[],"class_list":{"0":"post-10728","1":"product","2":"type-product","3":"status-publish","4":"has-post-thumbnail","6":"product_cat-12-5-new-laptop-screens-lcd-panels","7":"product_cat-new-laptop-screens-lcd-panels","9":"first","10":"instock","11":"taxable","12":"shipping-taxable","13":"purchasable","14":"product-type-simple"},"_links":{"self":[{"href":"https:\/\/boreait.com\/hu\/wp-json\/wp\/v2\/product\/10728","targetHints":{"allow":["GET"]}}],"collection":[{"href":"https:\/\/boreait.com\/hu\/wp-json\/wp\/v2\/product"}],"about":[{"href":"https:\/\/boreait.com\/hu\/wp-json\/wp\/v2\/types\/product"}],"wp:featuredmedia":[{"embeddable":true,"href":"https:\/\/boreait.com\/hu\/wp-json\/wp\/v2\/media\/10750"}],"wp:attachment":[{"href":"https:\/\/boreait.com\/hu\/wp-json\/wp\/v2\/media?parent=10728"}],"wp:term":[{"taxonomy":"product_brand","embeddable":true,"href":"https:\/\/boreait.com\/hu\/wp-json\/wp\/v2\/product_brand?post=10728"},{"taxonomy":"product_cat","embeddable":true,"href":"https:\/\/boreait.com\/hu\/wp-json\/wp\/v2\/product_cat?post=10728"},{"taxonomy":"product_tag","embeddable":true,"href":"https:\/\/boreait.com\/hu\/wp-json\/wp\/v2\/product_tag?post=10728"}],"curies":[{"name":"wp","href":"https:\/\/api.w.org\/{rel}","templated":true}]}}