{"id":10727,"date":"2025-09-17T12:59:12","date_gmt":"2025-09-17T10:59:12","guid":{"rendered":"https:\/\/boreait.com\/hu\/?post_type=product&#038;p=10727"},"modified":"2025-09-17T12:59:18","modified_gmt":"2025-09-17T10:59:18","slug":"125-lcd-kepernyo-n125hce-gn1-fhd-ips-30-tus-matt-led-edp-60hz-uj","status":"publish","type":"product","link":"https:\/\/boreait.com\/hu\/termek\/125-lcd-kepernyo-n125hce-gn1-fhd-ips-30-tus-matt-led-edp-60hz-uj\/","title":{"rendered":"12,5&#8243; LCD k\u00e9perny\u0151 N125HCE-GN1 FHD IPS 30 t\u0171s matt LED eDP 60Hz &#8211; \u00daj"},"content":{"rendered":"<p><strong>T\u00e9nyleges LCD-k\u00e9perny\u0151s modell: B125HAN02.2 V.5 \u2013 TELJESEN KOMPATIBILIS AZ N125HCE-GN1 LAPTOP K\u00c9PERNY\u0150VEL<\/strong><\/p>\n<p>Friss\u00edtse laptopja kijelz\u0151j\u00e9t ezzel a vadonat\u00faj N125HCE-GN1 12,5 h\u00fcvelykes LCD-k\u00e9perny\u0151vel, amelyet \u00fagy terveztek, hogy leny\u0171g\u00f6z\u0151 Full HD (1920 x 1080) tisztas\u00e1got \u00e9s \u00e9l\u00e9nk sz\u00edneket biztos\u00edtson. Az IPS technol\u00f3gi\u00e1nak k\u00f6sz\u00f6nhet\u0151en ez a kijelz\u0151 sz\u00e9les l\u00e1t\u00f3sz\u00f6g\u0171 megtekint\u00e9st biztos\u00edt sz\u00edntorz\u00edt\u00e1s n\u00e9lk\u00fcl, \u00edgy ide\u00e1lis k\u00fcl\u00f6nf\u00e9le professzion\u00e1lis \u00e9s szem\u00e9lyes megvil\u00e1g\u00edt\u00e1si k\u00f6r\u00fclm\u00e9nyekhez. A 60 Hz-es k\u00e9pfriss\u00edt\u00e9si frekvenci\u00e1val ez a k\u00e9perny\u0151 sima l\u00e1tv\u00e1nyt ny\u00fajt, m\u00edg az energiatakar\u00e9kos LED h\u00e1tt\u00e9rvil\u00e1g\u00edt\u00e1s biztos\u00edtja az alacsonyabb energiafogyaszt\u00e1st. A 30 t\u0171s eDP interf\u00e9sz gyors \u00e9s megb\u00edzhat\u00f3 csatlakoz\u00e1st k\u00edn\u00e1l, m\u00edg a v\u00e9kony profil t\u00f6k\u00e9letes a k\u00f6nny\u0171 laptopokhoz.<\/p>\n","protected":false},"excerpt":{"rendered":"<p>Az N125HCE-GN1 egy 12,5 h\u00fcvelykes FHD LCD-k\u00e9perny\u0151 IPS technol\u00f3gi\u00e1val, \u00e9l\u00e9nk l\u00e1tv\u00e1nyt \u00e9s matt fel\u00fcletet k\u00edn\u00e1l a t\u00fckr\u00f6z\u0151d\u00e9s cs\u00f6kkent\u00e9se \u00e9rdek\u00e9ben. Ez az \u00faj k\u00e9perny\u0151, 30 t\u0171s eDP-csatlakoz\u00f3val, k\u00e9toldalas ragaszt\u00f3szalaggal rendelkezik a k\u00f6nny\u0171 telep\u00edt\u00e9s \u00e9rdek\u00e9ben, de nem tartalmazza a fels\u0151 \u00e9s az als\u00f3 konzolt.<\/p>\n","protected":false},"featured_media":10750,"template":"","meta":[],"product_brand":[],"product_cat":[87,71],"product_tag":[],"class_list":{"0":"post-10727","1":"product","2":"type-product","3":"status-publish","4":"has-post-thumbnail","6":"product_cat-12-5-new-laptop-screens-lcd-panels","7":"product_cat-new-laptop-screens-lcd-panels","9":"first","10":"instock","11":"taxable","12":"shipping-taxable","13":"purchasable","14":"product-type-simple"},"_links":{"self":[{"href":"https:\/\/boreait.com\/hu\/wp-json\/wp\/v2\/product\/10727","targetHints":{"allow":["GET"]}}],"collection":[{"href":"https:\/\/boreait.com\/hu\/wp-json\/wp\/v2\/product"}],"about":[{"href":"https:\/\/boreait.com\/hu\/wp-json\/wp\/v2\/types\/product"}],"wp:featuredmedia":[{"embeddable":true,"href":"https:\/\/boreait.com\/hu\/wp-json\/wp\/v2\/media\/10750"}],"wp:attachment":[{"href":"https:\/\/boreait.com\/hu\/wp-json\/wp\/v2\/media?parent=10727"}],"wp:term":[{"taxonomy":"product_brand","embeddable":true,"href":"https:\/\/boreait.com\/hu\/wp-json\/wp\/v2\/product_brand?post=10727"},{"taxonomy":"product_cat","embeddable":true,"href":"https:\/\/boreait.com\/hu\/wp-json\/wp\/v2\/product_cat?post=10727"},{"taxonomy":"product_tag","embeddable":true,"href":"https:\/\/boreait.com\/hu\/wp-json\/wp\/v2\/product_tag?post=10727"}],"curies":[{"name":"wp","href":"https:\/\/api.w.org\/{rel}","templated":true}]}}