{"id":10726,"date":"2025-09-17T12:59:12","date_gmt":"2025-09-17T10:59:12","guid":{"rendered":"https:\/\/boreait.com\/hu\/?post_type=product&#038;p=10726"},"modified":"2025-09-17T12:59:18","modified_gmt":"2025-09-17T10:59:18","slug":"uj-125-huvelykes-b125han02-2-v-5-lcd-kepernyo-fhd-ips-30-tus-matt-60-hz-ragaszto","status":"publish","type":"product","link":"https:\/\/boreait.com\/hu\/termek\/uj-125-huvelykes-b125han02-2-v-5-lcd-kepernyo-fhd-ips-30-tus-matt-60-hz-ragaszto\/","title":{"rendered":"\u00daj 12,5 h\u00fcvelykes B125HAN02.2 V.5 LCD k\u00e9perny\u0151, FHD, IPS, 30 t\u0171s, matt, 60 Hz, ragaszt\u00f3"},"content":{"rendered":"<p>B\u0151v\u00edtse laptopja kijelz\u0151j\u00e9t a B125HAN02.2 V.5 LCD-k\u00e9perny\u0151vel, amelyet kiemelked\u0151 tisztas\u00e1gra \u00e9s \u00e9l\u00e9nk vizu\u00e1lis \u00e9lm\u00e9nyre terveztek. Ez a 12,5 h\u00fcvelykes Full HD (1920&#215;1080) IPS k\u00e9perny\u0151 leny\u0171g\u00f6z\u0151 sz\u00ednvisszaad\u00e1st \u00e9s sz\u00e9les betekint\u00e9si sz\u00f6geket k\u00edn\u00e1l, optim\u00e1lis l\u00e1that\u00f3s\u00e1got \u00e9s k\u00e9pmin\u0151s\u00e9get biztos\u00edtva. A matt fel\u00fclet minim\u00e1lisra cs\u00f6kkenti a t\u00fckr\u00f6z\u0151d\u00e9st, megk\u00f6nny\u00edtve a szemet, k\u00fcl\u00f6n\u00f6sen hosszan tart\u00f3 haszn\u00e1lat sor\u00e1n.<\/p>\n<p>A 30 t\u0171s eDP-kapcsolattal \u00e9s a 60 Hz-es friss\u00edt\u00e9si gyakoris\u00e1ggal ez a k\u00e9perny\u0151 ide\u00e1lis mindennapi alkalmaz\u00e1sokhoz, a professzion\u00e1lis feladatokt\u00f3l a multim\u00e9di\u00e1sig. A beszerel\u00e9st leegyszer\u0171s\u00edti a mell\u00e9kelt k\u00e9toldalas \u00f6ntapad\u00f3 szalag, amely biztons\u00e1gos r\u00f6gz\u00edt\u00e9st tesz lehet\u0151v\u00e9 fels\u0151 vagy als\u00f3 konzolok n\u00e9lk\u00fcl. \u00c9lvezze a jobb megjelen\u00edt\u00e9si min\u0151s\u00e9get ezzel a vadonat\u00faj LED-k\u00e9perny\u0151vel, amely k\u00e9szen \u00e1ll az eszk\u00f6z \u00e1talak\u00edt\u00e1s\u00e1ra.<\/p>\n<p><strong>Kiemelt term\u00e9kek:<\/strong><\/p>\n<ul>\n<li><strong>Modell:<\/strong> B125HAN02.2 V.5<\/li>\n<li><strong>M\u00e9ret:<\/strong> 12,5 h\u00fcvelyk<\/li>\n<li><strong>Felbont\u00e1s:<\/strong> Full HD (1920&#215;1080)<\/li>\n<li><strong>Technol\u00f3gia:<\/strong> IPS a jobb sz\u00ednpontoss\u00e1g \u00e9s sz\u00e9les betekint\u00e9si sz\u00f6gek \u00e9rdek\u00e9ben<\/li>\n<li><strong>Befejez\u00e9s:<\/strong> matt a t\u00fckr\u00f6z\u0151d\u00e9sek cs\u00f6kkent\u00e9se \u00e9rdek\u00e9ben<\/li>\n<li><strong>Csatlakoz\u00f3:<\/strong> 30 t\u0171s eDP<\/li>\n<li><strong>Friss\u00edt\u00e9si gyakoris\u00e1g:<\/strong> 60 Hz<\/li>\n<li><strong>R\u00f6gz\u00edt\u00e9s:<\/strong> Ragaszt\u00f3szalag mell\u00e9kelve; z\u00e1r\u00f3jel nem sz\u00fcks\u00e9ges<\/li>\n<li><strong>\u00c1llapot:<\/strong> \u00daj<\/li>\n<\/ul>\n<p>Ak\u00e1r egy r\u00e9gi k\u00e9perny\u0151t cser\u00e9l, ak\u00e1r a jobb l\u00e1tv\u00e1ny \u00e9rdek\u00e9ben friss\u00edt, a B125HAN02.2 V.5 LCD-k\u00e9perny\u0151 t\u00f6k\u00e9letesen illeszkedik, \u00e9s kiv\u00e1l\u00f3 min\u0151s\u00e9g\u0171 megtekint\u00e9si \u00e9lm\u00e9nyt \u00e9s z\u00f6kken\u0151mentes telep\u00edt\u00e9st biztos\u00edt.<\/p>\n","protected":false},"excerpt":{"rendered":"<p>12,5&#8243;-es FHD LCD k\u00e9perny\u0151 (B125HAN02.2 V.5) IPS-sel, matt fel\u00fclettel, 30 t\u0171s eDP-csatlakoz\u00f3val \u00e9s ragaszt\u00f3szalaggal az egyszer\u0171 telep\u00edt\u00e9s \u00e9rdek\u00e9ben. Ide\u00e1lis az \u00e9les, t\u00fckr\u00f6z\u0151d\u00e9smentes megtekint\u00e9shez.<\/p>\n","protected":false},"featured_media":10750,"template":"","meta":[],"product_brand":[],"product_cat":[87,71],"product_tag":[],"class_list":{"0":"post-10726","1":"product","2":"type-product","3":"status-publish","4":"has-post-thumbnail","6":"product_cat-12-5-new-laptop-screens-lcd-panels","7":"product_cat-new-laptop-screens-lcd-panels","9":"first","10":"instock","11":"taxable","12":"shipping-taxable","13":"purchasable","14":"product-type-simple"},"_links":{"self":[{"href":"https:\/\/boreait.com\/hu\/wp-json\/wp\/v2\/product\/10726","targetHints":{"allow":["GET"]}}],"collection":[{"href":"https:\/\/boreait.com\/hu\/wp-json\/wp\/v2\/product"}],"about":[{"href":"https:\/\/boreait.com\/hu\/wp-json\/wp\/v2\/types\/product"}],"wp:featuredmedia":[{"embeddable":true,"href":"https:\/\/boreait.com\/hu\/wp-json\/wp\/v2\/media\/10750"}],"wp:attachment":[{"href":"https:\/\/boreait.com\/hu\/wp-json\/wp\/v2\/media?parent=10726"}],"wp:term":[{"taxonomy":"product_brand","embeddable":true,"href":"https:\/\/boreait.com\/hu\/wp-json\/wp\/v2\/product_brand?post=10726"},{"taxonomy":"product_cat","embeddable":true,"href":"https:\/\/boreait.com\/hu\/wp-json\/wp\/v2\/product_cat?post=10726"},{"taxonomy":"product_tag","embeddable":true,"href":"https:\/\/boreait.com\/hu\/wp-json\/wp\/v2\/product_tag?post=10726"}],"curies":[{"name":"wp","href":"https:\/\/api.w.org\/{rel}","templated":true}]}}