{"id":10725,"date":"2025-09-17T12:59:12","date_gmt":"2025-09-17T10:59:12","guid":{"rendered":"https:\/\/boreait.com\/hu\/?post_type=product&#038;p=10725"},"modified":"2025-09-17T12:59:17","modified_gmt":"2025-09-17T10:59:17","slug":"uj-133-huvelykes-lcd-kepernyo-0dtmd6-matt-wxga-1366x768-30-tus-edp-erintesmentes-konzolokkal","status":"publish","type":"product","link":"https:\/\/boreait.com\/hu\/termek\/uj-133-huvelykes-lcd-kepernyo-0dtmd6-matt-wxga-1366x768-30-tus-edp-erintesmentes-konzolokkal\/","title":{"rendered":"\u00daj 13,3 h\u00fcvelykes LCD k\u00e9perny\u0151 0DTMD6 matt WXGA 1366&#215;768 30 t\u0171s eDP, \u00e9rint\u00e9smentes, konzolokkal"},"content":{"rendered":"<p><strong>T\u00e9nyleges LCD-k\u00e9perny\u0151s modell: NT133WHM-N46 \u2013 TELJESEN KOMPATIBILIS A 0DTMD6 LAPTOP K\u00c9PERNY\u0150VEL<\/strong><\/p>\n<p>Friss\u00edtse vagy cser\u00e9lje ki laptopja kijelz\u0151j\u00e9t erre a kiv\u00e1l\u00f3 min\u0151s\u00e9g\u0171 13,3 h\u00fcvelykes LCD-k\u00e9perny\u0151re (modell: 0DTMD6). Nem \u00e9rint\u0151k\u00e9perny\u0151s laptopokhoz tervezt\u00e9k, matt fel\u00fclettel rendelkezik a t\u00fckr\u00f6z\u0151d\u00e9s cs\u00f6kkent\u00e9se \u00e9s a megtekint\u00e9si k\u00e9nyelem n\u00f6vel\u00e9se \u00e9rdek\u00e9ben. A k\u00e9perny\u0151 WXGA 1366&#215;768-as felbont\u00e1st k\u00edn\u00e1l, amely \u00e9les \u00e9s tiszta vizu\u00e1lis megjelen\u00edt\u00e9st biztos\u00edt ezzel a csatlakoz\u00f3val \u00e9s 30 t\u0171s kijelz\u0151vel. laptopok k\u00f6z\u00fcl, amelyekhez nem IPS, LED-vil\u00e1g\u00edt\u00e1s\u00fa panel tartozik, amely biztos\u00edtja az egyszer\u0171 \u00e9s biztons\u00e1gos telep\u00edt\u00e9st, ak\u00e1r egy s\u00e9r\u00fclt k\u00e9perny\u0151t cser\u00e9l, ak\u00e1r egy r\u00e9git friss\u00edt, ez az \u00faj LCD-k\u00e9perny\u0151 megb\u00edzhat\u00f3 teljes\u00edtm\u00e9nyt \u00e9s \u00e9l\u00e9nk k\u00e9pmin\u0151s\u00e9get biztos\u00edt.<\/p>\n","protected":false},"excerpt":{"rendered":"<p>Ez a vadonat\u00faj 13,3&#8243;-es LCD-k\u00e9perny\u0151 (modell: 0DTMD6) t\u00f6k\u00e9letesen helyettes\u00edti laptopja kijelz\u0151j\u00e9t. 30 t\u0171s csatlakoz\u00f3j\u00e1val matt fel\u00fcletet, 1366&#215;768-as WXGA-felbont\u00e1st \u00e9s eDP-interf\u00e9szt k\u00edn\u00e1l. Ide\u00e1lis a nem \u00e9rint\u0151s modellekhez, ez a k\u00e9perny\u0151 fels\u0151 \u00e9s als\u00f3 konzolokat tartalmaz a k\u00f6nny\u0171 telep\u00edt\u00e9s \u00e9rdek\u00e9ben.<\/p>\n","protected":false},"featured_media":10719,"template":"","meta":[],"product_brand":[],"product_cat":[88,71],"product_tag":[],"class_list":{"0":"post-10725","1":"product","2":"type-product","3":"status-publish","4":"has-post-thumbnail","6":"product_cat-13-3-new-laptop-screens-lcd-panels","7":"product_cat-new-laptop-screens-lcd-panels","9":"first","10":"instock","11":"taxable","12":"shipping-taxable","13":"purchasable","14":"product-type-simple"},"_links":{"self":[{"href":"https:\/\/boreait.com\/hu\/wp-json\/wp\/v2\/product\/10725","targetHints":{"allow":["GET"]}}],"collection":[{"href":"https:\/\/boreait.com\/hu\/wp-json\/wp\/v2\/product"}],"about":[{"href":"https:\/\/boreait.com\/hu\/wp-json\/wp\/v2\/types\/product"}],"wp:featuredmedia":[{"embeddable":true,"href":"https:\/\/boreait.com\/hu\/wp-json\/wp\/v2\/media\/10719"}],"wp:attachment":[{"href":"https:\/\/boreait.com\/hu\/wp-json\/wp\/v2\/media?parent=10725"}],"wp:term":[{"taxonomy":"product_brand","embeddable":true,"href":"https:\/\/boreait.com\/hu\/wp-json\/wp\/v2\/product_brand?post=10725"},{"taxonomy":"product_cat","embeddable":true,"href":"https:\/\/boreait.com\/hu\/wp-json\/wp\/v2\/product_cat?post=10725"},{"taxonomy":"product_tag","embeddable":true,"href":"https:\/\/boreait.com\/hu\/wp-json\/wp\/v2\/product_tag?post=10725"}],"curies":[{"name":"wp","href":"https:\/\/api.w.org\/{rel}","templated":true}]}}