{"id":10724,"date":"2025-09-17T12:59:12","date_gmt":"2025-09-17T10:59:12","guid":{"rendered":"https:\/\/boreait.com\/hu\/?post_type=product&#038;p=10724"},"modified":"2025-09-17T12:59:17","modified_gmt":"2025-09-17T10:59:17","slug":"133-huvelykes-lcd-kepernyo-m133nwn1-r3-r4-matt-wxga-1366x768-30-tus-led-uj","status":"publish","type":"product","link":"https:\/\/boreait.com\/hu\/termek\/133-huvelykes-lcd-kepernyo-m133nwn1-r3-r4-matt-wxga-1366x768-30-tus-led-uj\/","title":{"rendered":"13,3 h\u00fcvelykes LCD k\u00e9perny\u0151 M133NWN1 R3\/R4 &#8211; matt WXGA 1366&#215;768, 30 t\u0171s, LED, \u00faj"},"content":{"rendered":"<p><strong>T\u00e9nyleges LCD-k\u00e9perny\u0151s modell: NT133WHM-N46 \u2013 TELJESEN KOMPATIBILIS AZ M133NWN1 R3 R4 LAPTOP K\u00c9PERNY\u0150VEL<\/strong><\/p>\n<p>Ez a kiv\u00e1l\u00f3 min\u0151s\u00e9g\u0171 cserek\u00e9perny\u0151 t\u00f6k\u00e9letes a laptop \u00e9letre kelt\u00e9s\u00e9hez, tiszta \u00e9s \u00e9les l\u00e1tv\u00e1nyt ny\u00fajtva matt, t\u00fckr\u00f6z\u0151d\u00e9smentes kijelz\u0151n. A 13,3 h\u00fcvelykes, 1366&#215;768-as WXGA felbont\u00e1s\u00fa k\u00e9perny\u0151 \u00e9l\u00e9nk sz\u00edneket \u00e9s tisztas\u00e1got biztos\u00edt zavar\u00f3 t\u00fckr\u00f6z\u0151d\u00e9sek n\u00e9lk\u00fcl, \u00edgy ide\u00e1lis k\u00fcl\u00f6nf\u00e9le f\u00e9nyviszonyok k\u00f6z\u00f6tt.<\/p>\n<p>Az M133NWN1 R3 \u00e9s R4 modellekkel kompatibilis LCD-k\u00e9perny\u0151 fels\u0151 \u00e9s als\u00f3 tart\u00f3konzollal rendelkezik az egyszer\u0171 telep\u00edt\u00e9s \u00e9rdek\u00e9ben. 30 t\u0171s eDP-csatlakoz\u00e1sa megb\u00edzhat\u00f3 \u00e9s \u00e9rz\u00e9keny \u00e9lm\u00e9nyt biztos\u00edt, m\u00edg a LED technol\u00f3gia egyenletes f\u00e9nyer\u0151t \u00e9s energiahat\u00e9konys\u00e1got biztos\u00edt. A nem IPS technol\u00f3gi\u00e1val k\u00e9sz\u00fclt k\u00e9perny\u0151 tart\u00f3s \u00e9s alkalmas a mindennapi sz\u00e1m\u00edt\u00e1stechnikai ig\u00e9nyekre.<\/p>\n<p>Ak\u00e1r s\u00e9r\u00fclt k\u00e9perny\u0151t cser\u00e9l, ak\u00e1r laptopja kijelz\u0151j\u00e9t friss\u00edti, ezt a vadonat\u00faj LCD-k\u00e9perny\u0151t \u00fagy tervezt\u00e9k, hogy megfeleljen a min\u0151s\u00e9gi el\u0151\u00edr\u00e1soknak, \u00e9s kiel\u00e9g\u00edt\u0151 vizu\u00e1lis \u00e9lm\u00e9nyt ny\u00fajtson.<\/p>\n","protected":false},"excerpt":{"rendered":"<p>B\u0151v\u00edtse laptopj\u00e1t ezzel a 13,3 h\u00fcvelykes LCD-k\u00e9perny\u0151vel (M133NWN1 R3\/R4), amely 30 t\u0171s eDP-csatlakoz\u00e1ssal \u00e9s matt fel\u00fclettel rendelkezik. Az 1366&#215;768-as WXGA-felbont\u00e1ssal tiszta k\u00e9pet ad csillog\u00e1s n\u00e9lk\u00fcl, a fels\u0151 \u00e9s als\u00f3 r\u00f6gz\u00edt\u0151konzolok t\u00e1mogat\u00e1s\u00e1val az egyszer\u0171 telep\u00edt\u00e9s \u00e9rdek\u00e9ben. Ez az \u00faj k\u00e9perny\u0151 minden napos f\u00e9nyerej\u0171 \u00e9s f\u00e9nyerej\u0171 h\u00e1tt\u00e9rvil\u00e1g\u00edt\u00e1s\u00fa.<\/p>\n","protected":false},"featured_media":10719,"template":"","meta":[],"product_brand":[],"product_cat":[88,71],"product_tag":[],"class_list":{"0":"post-10724","1":"product","2":"type-product","3":"status-publish","4":"has-post-thumbnail","6":"product_cat-13-3-new-laptop-screens-lcd-panels","7":"product_cat-new-laptop-screens-lcd-panels","9":"first","10":"instock","11":"taxable","12":"shipping-taxable","13":"purchasable","14":"product-type-simple"},"_links":{"self":[{"href":"https:\/\/boreait.com\/hu\/wp-json\/wp\/v2\/product\/10724","targetHints":{"allow":["GET"]}}],"collection":[{"href":"https:\/\/boreait.com\/hu\/wp-json\/wp\/v2\/product"}],"about":[{"href":"https:\/\/boreait.com\/hu\/wp-json\/wp\/v2\/types\/product"}],"wp:featuredmedia":[{"embeddable":true,"href":"https:\/\/boreait.com\/hu\/wp-json\/wp\/v2\/media\/10719"}],"wp:attachment":[{"href":"https:\/\/boreait.com\/hu\/wp-json\/wp\/v2\/media?parent=10724"}],"wp:term":[{"taxonomy":"product_brand","embeddable":true,"href":"https:\/\/boreait.com\/hu\/wp-json\/wp\/v2\/product_brand?post=10724"},{"taxonomy":"product_cat","embeddable":true,"href":"https:\/\/boreait.com\/hu\/wp-json\/wp\/v2\/product_cat?post=10724"},{"taxonomy":"product_tag","embeddable":true,"href":"https:\/\/boreait.com\/hu\/wp-json\/wp\/v2\/product_tag?post=10724"}],"curies":[{"name":"wp","href":"https:\/\/api.w.org\/{rel}","templated":true}]}}