{"id":10723,"date":"2025-09-17T12:59:12","date_gmt":"2025-09-17T10:59:12","guid":{"rendered":"https:\/\/boreait.com\/hu\/?post_type=product&#038;p=10723"},"modified":"2025-10-15T14:12:46","modified_gmt":"2025-10-15T12:12:46","slug":"156-huvelykes-fhd-ips-matt-lcd-kepernyo-n156hga-ea3-rev-c3-30-tus-uj-szalaggal","status":"publish","type":"product","link":"https:\/\/boreait.com\/hu\/termek\/156-huvelykes-fhd-ips-matt-lcd-kepernyo-n156hga-ea3-rev-c3-30-tus-uj-szalaggal\/","title":{"rendered":"15,6 h\u00fcvelykes FHD IPS matt LCD k\u00e9perny\u0151 N156HGA-EA3 Rev C3, 30 t\u0171s, \u00faj szalaggal"},"content":{"rendered":"<p><strong>T\u00e9nyleges LCD-k\u00e9perny\u0151s modell: N156HCA-EAB Rev. C.4 \u2013 TELJESEN KOMPATIBILIS AZ N156HGA-EA3 Rev. C3 LAPTOP K\u00c9PERNY\u0150VEL<\/strong><\/p>\n<p>Tapasztalja meg a tov\u00e1bbfejlesztett l\u00e1tv\u00e1nyt \u00e9s az \u00e9l\u00e9nk sz\u00edneket ezzel a 15,6 h\u00fcvelykes Full HD (1920&#215;1080) IPS LCD-k\u00e9perny\u0151vel, a modell N156HGA-EA3 Rev. C3. A 30 t\u0171s csatlakoz\u00f3t haszn\u00e1l\u00f3 laptopokhoz tervezt\u00e9k, ez a kijelz\u0151 tiszta, matt fel\u00fcletet k\u00edn\u00e1l, hogy cs\u00f6kkentse a t\u00fckr\u00f6z\u0151d\u00e9st \u00e9s a t\u00fckr\u00f6z\u0151d\u00e9st, \u00edgy ez a fels\u0151 k\u00e9perny\u0151 ide\u00e1lis a munk\u00e1hoz \u00e9s a sz\u00f3rakoztat\u00e1shoz. K\u00fcl\u00f6nf\u00e9le laptopmodellekkel A csomag k\u00e9toldalas \u00f6ntapad\u00f3 szalagot tartalmaz, amely biztos\u00edtja a biztons\u00e1gos \u00e9s probl\u00e9mamentes telep\u00edt\u00e9st A nagyfelbont\u00e1s\u00fa, energiatakar\u00e9kos k\u00e9perny\u0151vel.<\/p>\n","protected":false},"excerpt":{"rendered":"<p>B\u0151v\u00edtse laptop kijelz\u0151j\u00e9t ezzel a 15,6 h\u00fcvelykes FHD (1920&#215;1080) IPS LCD k\u00e9perny\u0151vel, az N156HGA-EA3 Rev. C3 modell. Ez a k\u00e9perny\u0151 leny\u0171g\u00f6z\u0151 tisztas\u00e1got, matt fel\u00fcletet k\u00edn\u00e1l, \u00e9s kompatibilis a 30 t\u0171s csatlakoz\u00f3kkal. \u00daj \u00e1llapot\u00fa, konzolok n\u00e9lk\u00fcl, k\u00e9toldalas \u00f6ntapad\u00f3 szalaggal az egyszer\u0171 telep\u00edt\u00e9s \u00e9rdek\u00e9ben.<\/p>\n","protected":false},"featured_media":9615,"template":"","meta":[],"product_brand":[],"product_cat":[81,71],"product_tag":[],"class_list":{"0":"post-10723","1":"product","2":"type-product","3":"status-publish","4":"has-post-thumbnail","6":"product_cat-15-6-new-laptop-screens-lcd-panels","7":"product_cat-new-laptop-screens-lcd-panels","9":"first","10":"instock","11":"taxable","12":"shipping-taxable","13":"purchasable","14":"product-type-simple"},"_links":{"self":[{"href":"https:\/\/boreait.com\/hu\/wp-json\/wp\/v2\/product\/10723","targetHints":{"allow":["GET"]}}],"collection":[{"href":"https:\/\/boreait.com\/hu\/wp-json\/wp\/v2\/product"}],"about":[{"href":"https:\/\/boreait.com\/hu\/wp-json\/wp\/v2\/types\/product"}],"wp:featuredmedia":[{"embeddable":true,"href":"https:\/\/boreait.com\/hu\/wp-json\/wp\/v2\/media\/9615"}],"wp:attachment":[{"href":"https:\/\/boreait.com\/hu\/wp-json\/wp\/v2\/media?parent=10723"}],"wp:term":[{"taxonomy":"product_brand","embeddable":true,"href":"https:\/\/boreait.com\/hu\/wp-json\/wp\/v2\/product_brand?post=10723"},{"taxonomy":"product_cat","embeddable":true,"href":"https:\/\/boreait.com\/hu\/wp-json\/wp\/v2\/product_cat?post=10723"},{"taxonomy":"product_tag","embeddable":true,"href":"https:\/\/boreait.com\/hu\/wp-json\/wp\/v2\/product_tag?post=10723"}],"curies":[{"name":"wp","href":"https:\/\/api.w.org\/{rel}","templated":true}]}}