{"id":10722,"date":"2025-09-17T12:59:12","date_gmt":"2025-09-17T10:59:12","guid":{"rendered":"https:\/\/boreait.com\/hu\/?post_type=product&#038;p=10722"},"modified":"2025-09-17T12:59:16","modified_gmt":"2025-09-17T10:59:16","slug":"133-huvelykes-lcd-kepernyo-b133xtn01-3-b133xtn01-6-matt-30-tus-erintesmentes-uj-wxga","status":"publish","type":"product","link":"https:\/\/boreait.com\/hu\/termek\/133-huvelykes-lcd-kepernyo-b133xtn01-3-b133xtn01-6-matt-30-tus-erintesmentes-uj-wxga\/","title":{"rendered":"13,3 h\u00fcvelykes LCD k\u00e9perny\u0151 B133XTN01.3 B133XTN01.6 matt, 30 t\u0171s, \u00e9rint\u00e9smentes, \u00faj, WXGA"},"content":{"rendered":"<p><strong>T\u00e9nyleges LCD-k\u00e9perny\u0151s modell: NT133WHM-N46 \u2013 TELJESEN KOMPATIBILIS A B133XTN01.3 B133XTN01.6 LAPTOP K\u00c9PERNY\u0150VEL<\/strong><\/p>\n<p>Fokozza a laptop \u00e9lm\u00e9ny\u00e9t ezzel a pr\u00e9mium 13,3 h\u00fcvelykes LCD cserek\u00e9perny\u0151vel, amelyet a B133XTN01.3 \u00e9s B133XTN01.6 modellsorozathoz terveztek. Ez a k\u00e9perny\u0151 \u00e9les l\u00e1tv\u00e1nyt ny\u00fajt, \u00e9s t\u00f6k\u00e9letes azoknak a felhaszn\u00e1l\u00f3knak, akik szeretn\u00e9nek helyre\u00e1ll\u00edtani vagy jav\u00edtani laptopjuk kijelz\u0151j\u00e9t. A legfontosabb jellemz\u0151k a k\u00f6vetkez\u0151k:<\/p>\n<ul>\n<li><strong>Kompatibilit\u00e1s<\/strong>: Ez az LCD-panel a B133XTN01.3 \u00e9s B133XTN01.6 k\u00e9perny\u0151t\u00edpusokkal kompatibilis laptopokhoz alkalmas, z\u00f6kken\u0151mentes illeszked\u00e9st biztos\u00edtva.<\/li>\n<li><strong>Kijelz\u0151 min\u0151s\u00e9ge<\/strong>: 1366&#215;768 (WXGA) felbont\u00e1s\u00e1val ez a k\u00e9perny\u0151 tiszta \u00e9s r\u00e9szletgazdag k\u00e9peket biztos\u00edt, \u00edgy t\u00f6k\u00e9letes mindennapi haszn\u00e1latra, streamel\u00e9sre stb.<\/li>\n<li><strong>Matt fel\u00fclet<\/strong>: A matt, \u00e9rint\u00e9smentes fel\u00fclet minim\u00e1lisra cs\u00f6kkenti a t\u00fckr\u00f6z\u0151d\u00e9st, megk\u00f6nny\u00edtve a szemet, \u00e9s ide\u00e1lis a k\u00fcl\u00f6nf\u00e9le f\u00e9nyviszonyok melletti haszn\u00e1latra.<\/li>\n<li><strong>30 t\u0171s csatlakoz\u00f3<\/strong>: szabv\u00e1nyos 30 t\u0171s eDP-csatlakoz\u00f3val felszerelve, amely biztos\u00edtja a kompatibilit\u00e1st a laptopmodellek sz\u00e9les v\u00e1laszt\u00e9k\u00e1val.<\/li>\n<li><strong>LED-s h\u00e1tt\u00e9rvil\u00e1g\u00edt\u00e1s<\/strong>: Az energiatakar\u00e9kos LED-es h\u00e1tt\u00e9rvil\u00e1g\u00edt\u00e1s \u00e9l\u00e9nk l\u00e1tv\u00e1nyt ny\u00fajt, mik\u00f6zben cs\u00f6kkenti az energiafogyaszt\u00e1st \u00e9s meghosszabb\u00edtja az akkumul\u00e1tor \u00e9lettartam\u00e1t.<\/li>\n<li><strong>K\u00f6nny\u0171 telep\u00edt\u00e9s<\/strong>: Ez a k\u00e9perny\u0151 fels\u0151 \u00e9s als\u00f3 konzollal is rendelkezik, \u00e9s egyszer\u0171en telep\u00edthet\u0151, m\u00e9g azok sz\u00e1m\u00e1ra is, akik nem rendelkeznek m\u0171szaki szak\u00e9rtelemmel.<\/li>\n<\/ul>\n<p>Ez a nem IPS k\u00e9perny\u0151 ide\u00e1lis helyettes\u00edt\u0151je azoknak a felhaszn\u00e1l\u00f3knak, akik az egyszer\u0171, j\u00f3 min\u0151s\u00e9g\u0171, megb\u00edzhat\u00f3 teljes\u00edtm\u00e9ny\u0171 kijelz\u0151t r\u00e9szes\u00edtik el\u0151nyben. Ak\u00e1r egy s\u00e9r\u00fclt k\u00e9perny\u0151t cser\u00e9l, ak\u00e1r egyszer\u0171en friss\u00edt, ez az \u00faj LCD-panel azt \u00edg\u00e9ri, hogy jav\u00edtja laptopja vizu\u00e1lis \u00e9lm\u00e9ny\u00e9t.<\/p>\n","protected":false},"excerpt":{"rendered":"<p>B\u0151v\u00edtse laptopj\u00e1t ezzel a kiv\u00e1l\u00f3 min\u0151s\u00e9g\u0171, 13,3 h\u00fcvelykes LCD-k\u00e9perny\u0151vel, amely kompatibilis a B133XTN01.3 \u00e9s B133XTN01.6 modellekkel. 1366&#215;768 (WXGA) felbont\u00e1s\u00fa, nem \u00e9rint\u00e9smentes, matt kijelz\u0151vel, ez a k\u00e9perny\u0151 tiszta k\u00e9pet ad, mik\u00f6zben cs\u00f6kkenti a t\u00fckr\u00f6z\u0151d\u00e9st. Az egyszer\u0171 telep\u00edt\u00e9shez fels\u0151 \u00e9s als\u00f3 LED-es tart\u00f3t \u00e9s csatlakoz\u00f3t tartalmaz. h\u00e1tt\u00e9rvil\u00e1g\u00edt\u00e1s a jobb energiahat\u00e9konys\u00e1g \u00e9rdek\u00e9ben Ez a vadonat\u00faj, nem IPS panel ide\u00e1lis azok sz\u00e1m\u00e1ra, akik megb\u00edzhat\u00f3 cserek\u00e9perny\u0151t keresnek.<\/p>\n","protected":false},"featured_media":10719,"template":"","meta":[],"product_brand":[],"product_cat":[88,71],"product_tag":[],"class_list":{"0":"post-10722","1":"product","2":"type-product","3":"status-publish","4":"has-post-thumbnail","6":"product_cat-13-3-new-laptop-screens-lcd-panels","7":"product_cat-new-laptop-screens-lcd-panels","9":"first","10":"instock","11":"taxable","12":"shipping-taxable","13":"purchasable","14":"product-type-simple"},"_links":{"self":[{"href":"https:\/\/boreait.com\/hu\/wp-json\/wp\/v2\/product\/10722","targetHints":{"allow":["GET"]}}],"collection":[{"href":"https:\/\/boreait.com\/hu\/wp-json\/wp\/v2\/product"}],"about":[{"href":"https:\/\/boreait.com\/hu\/wp-json\/wp\/v2\/types\/product"}],"wp:featuredmedia":[{"embeddable":true,"href":"https:\/\/boreait.com\/hu\/wp-json\/wp\/v2\/media\/10719"}],"wp:attachment":[{"href":"https:\/\/boreait.com\/hu\/wp-json\/wp\/v2\/media?parent=10722"}],"wp:term":[{"taxonomy":"product_brand","embeddable":true,"href":"https:\/\/boreait.com\/hu\/wp-json\/wp\/v2\/product_brand?post=10722"},{"taxonomy":"product_cat","embeddable":true,"href":"https:\/\/boreait.com\/hu\/wp-json\/wp\/v2\/product_cat?post=10722"},{"taxonomy":"product_tag","embeddable":true,"href":"https:\/\/boreait.com\/hu\/wp-json\/wp\/v2\/product_tag?post=10722"}],"curies":[{"name":"wp","href":"https:\/\/api.w.org\/{rel}","templated":true}]}}