{"id":10721,"date":"2025-09-17T12:59:12","date_gmt":"2025-09-17T10:59:12","guid":{"rendered":"https:\/\/boreait.com\/hu\/?post_type=product&#038;p=10721"},"modified":"2025-09-17T12:59:16","modified_gmt":"2025-09-17T10:59:16","slug":"133-lcd-kepernyo-n133bge-eab-matt-1366x768-wxga-30-tus-konzolok-erintesmentes-uj","status":"publish","type":"product","link":"https:\/\/boreait.com\/hu\/termek\/133-lcd-kepernyo-n133bge-eab-matt-1366x768-wxga-30-tus-konzolok-erintesmentes-uj\/","title":{"rendered":"13,3&#8243; LCD k\u00e9perny\u0151 N133BGE-EAB matt 1366&#215;768 WXGA 30 t\u0171s konzolok \u00e9rint\u00e9smentes \u00faj"},"content":{"rendered":"<p><strong>T\u00e9nyleges LCD-k\u00e9perny\u0151s modell: NT133WHM-N46 \u2013 TELJESEN KOMPATIBILIS AZ N133BGE-EAB LAPTOP K\u00c9PERNY\u0150VEL<\/strong><\/p>\n<p>Friss\u00edtse vagy cser\u00e9lje ki laptopja kijelz\u0151j\u00e9t erre a kiv\u00e1l\u00f3 min\u0151s\u00e9g\u0171, 13,3 h\u00fcvelykes LCD-k\u00e9perny\u0151re, az N133BGE-EAB modell. Ez a k\u00e9perny\u0151 1366&#215;768 (WXGA) felbont\u00e1st k\u00edn\u00e1l, amely ide\u00e1lis a napi termel\u00e9kenys\u00e9ghez, a webb\u00f6ng\u00e9sz\u00e9shez \u00e9s a multim\u00e9di\u00e1s haszn\u00e1lat cs\u00f6kkent\u00e9s\u00e9hez. A k\u00e9perny\u0151 t\u00f6k\u00e9letes megjelen\u00e9st \u00e9s t\u00fckr\u00f6z\u0151d\u00e9st biztos\u00edt. f\u00e9nyviszonyok.<\/p>\n<p>A fels\u0151 \u00e9s als\u00f3 tart\u00f3kkal ell\u00e1tott k\u00e9perny\u0151 k\u00f6nnyen telep\u00edthet\u0151, \u00e9s biztons\u00e1gosan illeszkedik a kompatibilis laptopokhoz. 30 t\u0171s eDP csatlakoz\u00f3t haszn\u00e1l, amely gyors v\u00e1laszid\u0151t \u00e9s alacsony energiafogyaszt\u00e1st biztos\u00edt az optimaliz\u00e1lt felhaszn\u00e1l\u00f3i \u00e9lm\u00e9ny \u00e9rdek\u00e9ben. Ez a LED-k\u00e9perny\u0151 \u00e9rint\u00e9smentes \u00e9s nem IPS, megb\u00edzhat\u00f3 \u00e9s egyenletes megjelen\u00edt\u00e9si min\u0151s\u00e9get biztos\u00edt. Tart\u00f3s fel\u00e9p\u00edt\u00e9s\u00e9vel \u00e9s krist\u00e1lytiszta kijelz\u0151j\u00e9vel ez a k\u00e9perny\u0151 ide\u00e1lis azoknak a felhaszn\u00e1l\u00f3knak, akik megfizethet\u0151, j\u00f3 min\u0151s\u00e9g\u0171 cser\u00e9t keresnek.<\/p>\n<p><strong>Jellemz\u0151k:<\/strong><\/p>\n<ul>\n<li><strong>Modell:<\/strong> N133BGE-EAB<\/li>\n<li><strong>M\u00e9ret:<\/strong> 13,3&#8243;<\/li>\n<li><strong>Felbont\u00e1s:<\/strong> 1366&#215;768 (WXGA)<\/li>\n<li><strong>Befejez\u00e9s:<\/strong> Matt (csillant\u00e1sg\u00e1tl\u00f3)<\/li>\n<li><strong>T\u0171s csatlakoz\u00f3:<\/strong> 30 t\u0171s eDP<\/li>\n<li><strong>R\u00f6gz\u00edt\u00e9s:<\/strong> Tartalmazza a fels\u0151 \u00e9s als\u00f3 konzolt<\/li>\n<li><strong>\u00c1llapot:<\/strong> \u00daj<\/li>\n<li><strong>Technol\u00f3gia:<\/strong> LED (nem IPS)<\/li>\n<\/ul>\n<p>Cser\u00e9lje ki r\u00e9gi vagy t\u00f6r\u00f6tt k\u00e9perny\u0151j\u00e9t ezzel a megb\u00edzhat\u00f3, nagy teljes\u00edtm\u00e9ny\u0171 LCD-panellel, hogy jobb l\u00e1tv\u00e1nyt \u00e9s megb\u00edzhat\u00f3 funkcionalit\u00e1st \u00e9lvezhessen.<\/p>\n","protected":false},"excerpt":{"rendered":"<p>13,3&#8243; WXGA matt LCD k\u00e9perny\u0151, N133BGE-EAB modell, 1366&#215;768 felbont\u00e1s, \u00e9rint\u00e9smentes fels\u0151\/als\u00f3 tart\u00f3kkal, 30 t\u0171s csatlakoz\u00f3, \u00fajszer\u0171 \u00e1llapot\u00fa.<\/p>\n","protected":false},"featured_media":10719,"template":"","meta":[],"product_brand":[],"product_cat":[88,71],"product_tag":[],"class_list":{"0":"post-10721","1":"product","2":"type-product","3":"status-publish","4":"has-post-thumbnail","6":"product_cat-13-3-new-laptop-screens-lcd-panels","7":"product_cat-new-laptop-screens-lcd-panels","9":"first","10":"instock","11":"taxable","12":"shipping-taxable","13":"purchasable","14":"product-type-simple"},"_links":{"self":[{"href":"https:\/\/boreait.com\/hu\/wp-json\/wp\/v2\/product\/10721","targetHints":{"allow":["GET"]}}],"collection":[{"href":"https:\/\/boreait.com\/hu\/wp-json\/wp\/v2\/product"}],"about":[{"href":"https:\/\/boreait.com\/hu\/wp-json\/wp\/v2\/types\/product"}],"wp:featuredmedia":[{"embeddable":true,"href":"https:\/\/boreait.com\/hu\/wp-json\/wp\/v2\/media\/10719"}],"wp:attachment":[{"href":"https:\/\/boreait.com\/hu\/wp-json\/wp\/v2\/media?parent=10721"}],"wp:term":[{"taxonomy":"product_brand","embeddable":true,"href":"https:\/\/boreait.com\/hu\/wp-json\/wp\/v2\/product_brand?post=10721"},{"taxonomy":"product_cat","embeddable":true,"href":"https:\/\/boreait.com\/hu\/wp-json\/wp\/v2\/product_cat?post=10721"},{"taxonomy":"product_tag","embeddable":true,"href":"https:\/\/boreait.com\/hu\/wp-json\/wp\/v2\/product_tag?post=10721"}],"curies":[{"name":"wp","href":"https:\/\/api.w.org\/{rel}","templated":true}]}}