{"id":10720,"date":"2025-09-17T12:59:11","date_gmt":"2025-09-17T10:59:11","guid":{"rendered":"https:\/\/boreait.com\/hu\/?post_type=product&#038;p=10720"},"modified":"2025-09-17T12:59:16","modified_gmt":"2025-09-17T10:59:16","slug":"133-huvelykes-lcd-kepernyo-nt133whm-n35-n45-n47-wxga-matt-30-tus-edp-erintesmentes-uj","status":"publish","type":"product","link":"https:\/\/boreait.com\/hu\/termek\/133-huvelykes-lcd-kepernyo-nt133whm-n35-n45-n47-wxga-matt-30-tus-edp-erintesmentes-uj\/","title":{"rendered":"13,3 h\u00fcvelykes LCD k\u00e9perny\u0151 NT133WHM-N35\/N45\/N47 WXGA matt 30 t\u0171s eDP \u00e9rint\u00e9smentes \u00daj"},"content":{"rendered":"<p><strong>T\u00e9nyleges LCD-k\u00e9perny\u0151s modell: NT133WHM-N46 \u2013 TELJESEN KOMPATIBILIS A NT133WHM-N35 NT133WHM-N45 NT133WHM-N47 LAPTOP K\u00c9PERNY\u0150VEL<\/strong><\/p>\n<p>Friss\u00edtse eszk\u00f6z\u00e9t ezzel a kiv\u00e1l\u00f3 min\u0151s\u00e9g\u0171 13,3&#8243;-es LCD-k\u00e9perny\u0151vel, amelyet \u00e9les \u00e9s tiszta k\u00e9p biztos\u00edt\u00e1s\u00e1ra terveztek. Ez az NT133WHM-N35\/NT133WHM-N45\/NT133WHM-N47 t\u00edpus\u00fa, \u00e9rint\u00e9s n\u00e9lk\u00fcli k\u00e9perny\u0151 1366&#215;768 k\u00e9ppont felbont\u00e1s\u00fa. A cs\u00f6kkentett WXGA felbont\u00e1s pedig t\u00f6k\u00e9letes \u00e9les k\u00e9pmin\u0151s\u00e9get biztos\u00edt a felhaszn\u00e1l\u00f3k sz\u00e1m\u00e1ra. A 30 \u00e9rintkez\u0151s eDP-csatlakoz\u00e1s biztos\u00edtja a kompatibilit\u00e1st sz\u00e1mos laptoppal, \u00e9s megb\u00edzhat\u00f3 teljes\u00edtm\u00e9nyt k\u00edn\u00e1l. A k\u00e9perny\u0151 mind a fels\u0151, mind az als\u00f3 tart\u00f3konzollal rendelkezik az egyszer\u0171 telep\u00edt\u00e9s \u00e9rdek\u00e9ben, amely biztos\u00edtja a z\u00f6kken\u0151mentes csere folyamat\u00e1t, ak\u00e1r egy s\u00e9r\u00fclt k\u00e9perny\u0151t jav\u00edt, ak\u00e1r a megl\u00e9v\u0151t friss\u00edti, ez a vadonat\u00faj, LED-es kijelz\u0151 tart\u00f3s, az IPS korl\u00e1tai n\u00e9lk\u00fcl.<\/p>\n","protected":false},"excerpt":{"rendered":"<p>Ez a 13,3 h\u00fcvelykes LCD-k\u00e9perny\u0151 (NT133WHM-N35\/NT133WHM-N45\/NT133WHM-N47 modell) t\u00f6k\u00e9letes laptopjav\u00edt\u00e1shoz \u00e9s friss\u00edt\u00e9shez. 1366&#215;768-as WXGA matt kijelz\u0151t, 30 t\u0171s eDP-csatlakoz\u00e1st, valamint \u00faj, fels\u0151 \u00e9s als\u00f3 LED-eket, valamint \u00e1tl\u00e1tsz\u00f3 tart\u00f3t tartalmaz. h\u00e1tt\u00e9rvil\u00e1g\u00edt\u00e1s.<\/p>\n","protected":false},"featured_media":10719,"template":"","meta":[],"product_brand":[],"product_cat":[88,71],"product_tag":[],"class_list":{"0":"post-10720","1":"product","2":"type-product","3":"status-publish","4":"has-post-thumbnail","6":"product_cat-13-3-new-laptop-screens-lcd-panels","7":"product_cat-new-laptop-screens-lcd-panels","9":"first","10":"instock","11":"taxable","12":"shipping-taxable","13":"purchasable","14":"product-type-simple"},"_links":{"self":[{"href":"https:\/\/boreait.com\/hu\/wp-json\/wp\/v2\/product\/10720","targetHints":{"allow":["GET"]}}],"collection":[{"href":"https:\/\/boreait.com\/hu\/wp-json\/wp\/v2\/product"}],"about":[{"href":"https:\/\/boreait.com\/hu\/wp-json\/wp\/v2\/types\/product"}],"wp:featuredmedia":[{"embeddable":true,"href":"https:\/\/boreait.com\/hu\/wp-json\/wp\/v2\/media\/10719"}],"wp:attachment":[{"href":"https:\/\/boreait.com\/hu\/wp-json\/wp\/v2\/media?parent=10720"}],"wp:term":[{"taxonomy":"product_brand","embeddable":true,"href":"https:\/\/boreait.com\/hu\/wp-json\/wp\/v2\/product_brand?post=10720"},{"taxonomy":"product_cat","embeddable":true,"href":"https:\/\/boreait.com\/hu\/wp-json\/wp\/v2\/product_cat?post=10720"},{"taxonomy":"product_tag","embeddable":true,"href":"https:\/\/boreait.com\/hu\/wp-json\/wp\/v2\/product_tag?post=10720"}],"curies":[{"name":"wp","href":"https:\/\/api.w.org\/{rel}","templated":true}]}}