{"id":1072,"date":"2025-09-17T09:54:00","date_gmt":"2025-09-17T07:54:00","guid":{"rendered":"https:\/\/boreait.com\/hu\/?post_type=product&#038;p=1072"},"modified":"2026-01-09T10:13:31","modified_gmt":"2026-01-09T09:13:31","slug":"hp-probook-6570b-6560b-hutoborda-686309-001","status":"publish","type":"product","link":"https:\/\/boreait.com\/hu\/termek\/hp-probook-6570b-6560b-hutoborda-686309-001\/","title":{"rendered":"Hp ProBook 6570b 6560b h\u0171t\u0151borda 686309-001"},"content":{"rendered":"<p>A HP ProBook 6570b 6560b h\u0171t\u0151borda (686309-001) kulcsfontoss\u00e1g\u00fa eleme laptopja h\u0171t\u0151rendszer\u00e9nek. Mik\u00f6zben a ProBook k\u00fcl\u00f6nf\u00e9le feladatokat hajt v\u00e9gre, a processzor h\u0151t termel, \u00e9s megfelel\u0151 h\u0171t\u00e9s n\u00e9lk\u00fcl ez a teljes\u00edtm\u00e9ny roml\u00e1s\u00e1hoz \u00e9s a bels\u0151 alkatr\u00e9szek esetleges k\u00e1rosod\u00e1s\u00e1hoz vezethet.<\/p>\n<p>A kifejezetten a ProBook 6570b \u00e9s 6560b modellekhez tervezett eredeti HP h\u0171t\u0151borda hat\u00e9konyan kezeli a processzor \u00e1ltal termelt h\u0151t. A h\u0171t\u0151borda kiv\u00e1l\u00f3 min\u0151s\u00e9g\u0171 anyagokb\u00f3l k\u00e9sz\u00fcl, amelyek h\u0151vezet\u0151 tulajdons\u00e1gokkal rendelkeznek, lehet\u0151v\u00e9 t\u00e9ve, hogy hat\u00e9konyan nyelje el \u00e9s tov\u00e1bb\u00edtsa a h\u0151t a processzort\u00f3l.<\/p>\n<p>A h\u0171t\u0151borda sz\u00e1mos bord\u00e1t \u00e9s egy ventil\u00e1tor szerelv\u00e9nyt tartalmaz. Mivel a processzor haszn\u00e1lat k\u00f6zben felmelegszik, a h\u0171t\u0151borda bord\u00e1i nagy fel\u00fcletet biztos\u00edtanak a h\u0151elvezet\u00e9shez. A h\u0171t\u0151borda tetej\u00e9n tal\u00e1lhat\u00f3 ventil\u00e1tor el\u0151seg\u00edti a l\u00e9g\u00e1raml\u00e1st, biztos\u00edtva, hogy a forr\u00f3 leveg\u0151 gyorsan t\u00e1vozzon a rendszerb\u0151l. Ez az akt\u00edv h\u0171t\u00e9si folyamat megakad\u00e1lyozza, hogy a processzor vesz\u00e9lyes h\u0151m\u00e9rs\u00e9kletet \u00e9rjen el, \u00e9s lehet\u0151v\u00e9 teszi, hogy teljes potenci\u00e1lj\u00e1val m\u0171k\u00f6dj\u00f6n.<\/p>\n<p>Ha egy elhaszn\u00e1l\u00f3dott vagy hib\u00e1s h\u0171t\u0151bord\u00e1t a HP ProBook 6570b 6560b h\u0171t\u0151bord\u00e1ra (686309-001) cser\u00e9l, helyre\u00e1ll\u00edthatja laptopja h\u0171t\u00e9si teljes\u00edtm\u00e9ny\u00e9t, \u00e9s megel\u0151zheti a t\u00falmeleged\u00e9si probl\u00e9m\u00e1kat. A t\u00falmeleged\u00e9s v\u00e1ratlan le\u00e1ll\u00e1sokhoz, a rendszer instabilit\u00e1s\u00e1hoz, s\u0151t a bels\u0151 alkatr\u00e9szek maradand\u00f3 k\u00e1rosod\u00e1s\u00e1hoz vezethet. Az eredeti HP h\u0171t\u0151bord\u00e1ba val\u00f3 befektet\u00e9s biztos\u00edtja, hogy ProBookja tov\u00e1bbra is optim\u00e1lisan m\u0171k\u00f6dj\u00f6n, m\u00e9g az olyan er\u0151forr\u00e1sig\u00e9nyes feladatok sor\u00e1n is, mint a vide\u00f3szerkeszt\u00e9s, a j\u00e1t\u00e9kok vagy a nagy ig\u00e9nybev\u00e9telt jelent\u0151 alkalmaz\u00e1sok futtat\u00e1sa.<\/p>\n<p>A megfelel\u0151 telep\u00edt\u00e9s elengedhetetlen a h\u0171t\u0151borda hat\u00e9kony m\u0171k\u00f6d\u00e9s\u00e9hez. Javasoljuk, hogy a cser\u00e9t szakk\u00e9pzett technikussal vagy hivatalos HP szervizk\u00f6zponttal v\u00e9geztesse el. Gondoskodnak arr\u00f3l, hogy a h\u0171t\u0151borda megfelel\u0151en legyen felszerelve a megfelel\u0151 h\u0151paszt\u00e1val, garant\u00e1lva az optim\u00e1lis h\u0151vezet\u00e9st a processzor \u00e9s a h\u0171t\u0151borda k\u00f6z\u00f6tt.<\/p>\n<p>A HP ProBook h\u0171t\u0151rendszer\u00e9nek karbantart\u00e1sa a 6570b 6560b h\u0171t\u0151bord\u00e1val (686309-001) meghosszabb\u00edtja laptopja \u00e9lettartam\u00e1t, \u00e9s seg\u00edt a legt\u00f6bbet kihozni a teljes\u00edtm\u00e9ny\u00e9b\u0151l. A hat\u00e9kony h\u0151elvezet\u00e9ssel megbirk\u00f3zik az intenz\u00edv feladatokkal an\u00e9lk\u00fcl, hogy agg\u00f3dnia kellene a t\u00falmeleged\u00e9st\u0151l, megb\u00edzhat\u00f3 sz\u00e1m\u00edt\u00e1stechnikai \u00e9lm\u00e9nyt biztos\u00edtva a munk\u00e1hoz \u00e9s a j\u00e1t\u00e9khoz egyar\u00e1nt.<\/p>\n","protected":false},"excerpt":{"rendered":"<p>A HP ProBook 6570b 6560b h\u0171t\u0151borda (686309-001) egy eredeti HP cserealkatr\u00e9sz, amelyet arra terveztek, hogy laptopja processzor\u00e1t h\u0171v\u00f6sen \u00e9s hat\u00e9konyan \u00fczemeltesse. Hat\u00e9konyan elvezeti az intenz\u00edv feladatok sor\u00e1n keletkez\u0151 h\u0151t, biztos\u00edtva az optim\u00e1lis teljes\u00edtm\u00e9nyt \u00e9s megel\u0151zve a t\u00falmeleged\u00e9si probl\u00e9m\u00e1kat.<\/p>\n","protected":false},"featured_media":1125,"template":"","meta":[],"product_brand":[],"product_cat":[33],"product_tag":[25],"class_list":{"0":"post-1072","1":"product","2":"type-product","3":"status-publish","4":"has-post-thumbnail","6":"product_cat-cpu-fans-heatsinks","7":"product_tag-hp","9":"first","10":"instock","11":"taxable","12":"shipping-taxable","13":"purchasable","14":"product-type-simple"},"_links":{"self":[{"href":"https:\/\/boreait.com\/hu\/wp-json\/wp\/v2\/product\/1072","targetHints":{"allow":["GET"]}}],"collection":[{"href":"https:\/\/boreait.com\/hu\/wp-json\/wp\/v2\/product"}],"about":[{"href":"https:\/\/boreait.com\/hu\/wp-json\/wp\/v2\/types\/product"}],"wp:featuredmedia":[{"embeddable":true,"href":"https:\/\/boreait.com\/hu\/wp-json\/wp\/v2\/media\/1125"}],"wp:attachment":[{"href":"https:\/\/boreait.com\/hu\/wp-json\/wp\/v2\/media?parent=1072"}],"wp:term":[{"taxonomy":"product_brand","embeddable":true,"href":"https:\/\/boreait.com\/hu\/wp-json\/wp\/v2\/product_brand?post=1072"},{"taxonomy":"product_cat","embeddable":true,"href":"https:\/\/boreait.com\/hu\/wp-json\/wp\/v2\/product_cat?post=1072"},{"taxonomy":"product_tag","embeddable":true,"href":"https:\/\/boreait.com\/hu\/wp-json\/wp\/v2\/product_tag?post=1072"}],"curies":[{"name":"wp","href":"https:\/\/api.w.org\/{rel}","templated":true}]}}