{"id":10716,"date":"2025-09-17T12:58:58","date_gmt":"2025-09-17T10:58:58","guid":{"rendered":"https:\/\/boreait.com\/hu\/?post_type=product&#038;p=10716"},"modified":"2025-09-17T12:59:09","modified_gmt":"2025-09-17T10:59:09","slug":"acer-aspire-es1-133-lcd-kepernyo-erintesmentes-1366x768-wxga-led-30-tus-uj","status":"publish","type":"product","link":"https:\/\/boreait.com\/hu\/termek\/acer-aspire-es1-133-lcd-kepernyo-erintesmentes-1366x768-wxga-led-30-tus-uj\/","title":{"rendered":"Acer Aspire ES1 13,3&#8243; LCD k\u00e9perny\u0151, \u00e9rint\u00e9smentes 1366&#215;768 WXGA LED 30 t\u0171s &#8211; \u00daj"},"content":{"rendered":"<p><strong>T\u00e9nyleges LCD-k\u00e9perny\u0151s modell: NT133WHM-N46 \u2013 TELJESEN KOMPATIBILIS A LAPTOP K\u00c9PERNY\u0150J\u00c9VEL Acer Aspire ES1-311-C8PG C4QS C5ZW C4QS \u2013 \u00e9rint\u00e9smentes<\/strong><\/p>\n<p>Ez a kiv\u00e1l\u00f3 min\u0151s\u00e9g\u0171 csereLCD-k\u00e9perny\u0151 kompatibilis a k\u00fcl\u00f6nb\u00f6z\u0151 Acer Aspire ES1 sorozat\u00fa modellekkel, bele\u00e9rtve az ES1-311-C8PG, C4QS \u00e9s C5ZW modelleket. Ez a nem \u00e9rint\u0151k\u00e9perny\u0151s modellekhez tervezett 13,3 h\u00fcvelykes k\u00e9perny\u0151 30 t\u0171s csatlakoz\u00f3val, matt fel\u00fclettel \u00e9s 1366&#215;768 WXGA felbont\u00e1ssal rendelkezik a tiszta \u00e9s \u00e9les megjelen\u00edt\u00e9s \u00e9rdek\u00e9ben. A k\u00e9perny\u0151 LED-es h\u00e1tt\u00e9rvil\u00e1g\u00edt\u00e1ssal van felszerelve, \u00e9s eDP interf\u00e9szt haszn\u00e1l a jobb teljes\u00edtm\u00e9ny \u00e9rdek\u00e9ben. Ez az LCD fels\u0151 \u00e9s als\u00f3 konzolokkal van felszerelve, \u00edgy k\u00f6nnyen telep\u00edthet\u0151, \u00e9s biztons\u00e1gosan r\u00f6gz\u00edthet\u0151 a laptop k\u00e9perny\u0151je. ez egy vadonat\u00faj alkatr\u00e9sz, amely garant\u00e1lja az Acer Aspire k\u00e9sz\u00fcl\u00e9k megb\u00edzhat\u00f3 m\u0171k\u00f6d\u00e9s\u00e9t.<\/p>\n","protected":false},"excerpt":{"rendered":"<p>Vadonat\u00faj 13,3&#8243;-es LCD k\u00e9perny\u0151 az Acer Aspire ES1 sorozathoz. Matt, 1366&#215;768 WXGA, 30 t\u0171s, LED, \u00e9rint\u00e9smentes, fels\u0151 \u00e9s als\u00f3 konzollal.<\/p>\n","protected":false},"featured_media":10719,"template":"","meta":[],"product_brand":[],"product_cat":[88,71],"product_tag":[],"class_list":{"0":"post-10716","1":"product","2":"type-product","3":"status-publish","4":"has-post-thumbnail","6":"product_cat-13-3-new-laptop-screens-lcd-panels","7":"product_cat-new-laptop-screens-lcd-panels","9":"first","10":"instock","11":"taxable","12":"shipping-taxable","13":"purchasable","14":"product-type-simple"},"_links":{"self":[{"href":"https:\/\/boreait.com\/hu\/wp-json\/wp\/v2\/product\/10716","targetHints":{"allow":["GET"]}}],"collection":[{"href":"https:\/\/boreait.com\/hu\/wp-json\/wp\/v2\/product"}],"about":[{"href":"https:\/\/boreait.com\/hu\/wp-json\/wp\/v2\/types\/product"}],"wp:featuredmedia":[{"embeddable":true,"href":"https:\/\/boreait.com\/hu\/wp-json\/wp\/v2\/media\/10719"}],"wp:attachment":[{"href":"https:\/\/boreait.com\/hu\/wp-json\/wp\/v2\/media?parent=10716"}],"wp:term":[{"taxonomy":"product_brand","embeddable":true,"href":"https:\/\/boreait.com\/hu\/wp-json\/wp\/v2\/product_brand?post=10716"},{"taxonomy":"product_cat","embeddable":true,"href":"https:\/\/boreait.com\/hu\/wp-json\/wp\/v2\/product_cat?post=10716"},{"taxonomy":"product_tag","embeddable":true,"href":"https:\/\/boreait.com\/hu\/wp-json\/wp\/v2\/product_tag?post=10716"}],"curies":[{"name":"wp","href":"https:\/\/api.w.org\/{rel}","templated":true}]}}