{"id":10715,"date":"2025-09-17T12:58:58","date_gmt":"2025-09-17T10:58:58","guid":{"rendered":"https:\/\/boreait.com\/hu\/?post_type=product&#038;p=10715"},"modified":"2025-09-17T12:59:09","modified_gmt":"2025-09-17T10:59:09","slug":"lcd-kepernyo-acer-aspire-e13-es1-332-133-matt-wxga-30-tus-konzolokkal-uj","status":"publish","type":"product","link":"https:\/\/boreait.com\/hu\/termek\/lcd-kepernyo-acer-aspire-e13-es1-332-133-matt-wxga-30-tus-konzolokkal-uj\/","title":{"rendered":"LCD k\u00e9perny\u0151 Acer Aspire E13 ES1-332 13,3&#8243; matt WXGA 30 t\u0171s konzolokkal \u00daj"},"content":{"rendered":"<p><strong>T\u00e9nyleges LCD-k\u00e9perny\u0151s modell: NT133WHM-N46 \u2013 TELJESEN KOMPATIBILIS A LAPTOP K\u00c9PERNY\u0150J\u00c9VEL Acer Aspire E13 ES1-332-P91H C5KN C2HU \u2013 \u00e9rint\u00e9smentes<\/strong><\/p>\n<p>Friss\u00edtse Acer Aspire E13-\u00e1t (ES1-332-P91H, C5KN, C2HU modellek) ezzel a kiv\u00e1l\u00f3 min\u0151s\u00e9g\u0171 csereLCD-k\u00e9perny\u0151vel. A kifejezetten az Acer 13,3 h\u00fcvelykes, \u00e9rint\u00e9s n\u00e9lk\u00fcli modelljeihez tervezett k\u00e9perny\u0151 \u00e9les, 1366&#215;768 WXGA felbont\u00e1st k\u00edn\u00e1l matt kijelz\u0151j\u00e9n a t\u00fckr\u00f6z\u0151d\u00e9s cs\u00f6kkent\u00e9se \u00e9rdek\u00e9ben. Ez a k\u00e9perny\u0151 LED-es h\u00e1tt\u00e9rvil\u00e1g\u00edt\u00e1st haszn\u00e1l az egyenletes f\u00e9nyer\u0151 \u00e9s energiahat\u00e9konys\u00e1g \u00e9rdek\u00e9ben, \u00e9s egy 30 t\u0171s eDP interf\u00e9szen kereszt\u00fcl csatlakozik, biztos\u00edtva a kompatibilit\u00e1st az eszk\u00f6zzel.<\/p>\n<p>A k\u00e9perny\u0151 fels\u0151 \u00e9s als\u00f3 konzolokkal is fel van szerelve az egyszer\u0171 telep\u00edt\u00e9s \u00e9rdek\u00e9ben, biztons\u00e1gos \u00e9s stabil illeszked\u00e9st biztos\u00edtva. Ez egy nem-IPS panel, amely ide\u00e1lis a napi termel\u00e9kenys\u00e9ghez, az \u00e1ltal\u00e1nos b\u00f6ng\u00e9sz\u00e9shez \u00e9s a multim\u00e9di\u00e1s haszn\u00e1lathoz, m\u00edg a matt fel\u00fclet cs\u00f6kkenti a t\u00fckr\u00f6z\u0151d\u00e9st, \u00e9s m\u00e9g er\u0151sen megvil\u00e1g\u00edtott k\u00f6rnyezetben is k\u00e9nyelmes megtekint\u00e9si \u00e9lm\u00e9nyt biztos\u00edt.<\/p>\n<p>K\u00e9rj\u00fck, vegye figyelembe, hogy ez a cserek\u00e9perny\u0151 teljesen \u00faj \u00e1llapotban van, alaposan \u00e1tvizsg\u00e1lt\u00e1k, hogy megfeleljen a magas min\u0151s\u00e9gi \u00e9s tart\u00f3ss\u00e1gi k\u00f6vetelm\u00e9nyeknek. T\u00f6k\u00e9letes a s\u00e9r\u00fclt vagy nem m\u0171k\u00f6d\u0151 k\u00e9perny\u0151k cser\u00e9j\u00e9re, vissza\u00e1ll\u00edtja az Acer Aspire E13 laptop optim\u00e1lis teljes\u00edtm\u00e9ny\u00e9t, k\u00e9szen \u00e1ll a munk\u00e1ra, tanul\u00e1sra vagy sz\u00f3rakoz\u00e1sra.<\/p>\n<p>&nbsp;<\/p>\n","protected":false},"excerpt":{"rendered":"<p>Vadonat\u00faj, 13,3&#8243;-es LCD-k\u00e9perny\u0151 Acer Aspire E13 modellekhez (ES1-332-P91H, C5KN, C2HU). Matt fel\u00fclettel, 1366&#215;768 WXGA felbont\u00e1ssal, 30 t\u0171s eDP-csatlakoz\u00e1ssal, valamint fels\u0151 \u00e9s als\u00f3 konzollal az egyszer\u0171 telep\u00edt\u00e9s \u00e9rdek\u00e9ben.<\/p>\n","protected":false},"featured_media":10719,"template":"","meta":[],"product_brand":[],"product_cat":[88,71],"product_tag":[],"class_list":{"0":"post-10715","1":"product","2":"type-product","3":"status-publish","4":"has-post-thumbnail","6":"product_cat-13-3-new-laptop-screens-lcd-panels","7":"product_cat-new-laptop-screens-lcd-panels","9":"first","10":"instock","11":"taxable","12":"shipping-taxable","13":"purchasable","14":"product-type-simple"},"_links":{"self":[{"href":"https:\/\/boreait.com\/hu\/wp-json\/wp\/v2\/product\/10715","targetHints":{"allow":["GET"]}}],"collection":[{"href":"https:\/\/boreait.com\/hu\/wp-json\/wp\/v2\/product"}],"about":[{"href":"https:\/\/boreait.com\/hu\/wp-json\/wp\/v2\/types\/product"}],"wp:featuredmedia":[{"embeddable":true,"href":"https:\/\/boreait.com\/hu\/wp-json\/wp\/v2\/media\/10719"}],"wp:attachment":[{"href":"https:\/\/boreait.com\/hu\/wp-json\/wp\/v2\/media?parent=10715"}],"wp:term":[{"taxonomy":"product_brand","embeddable":true,"href":"https:\/\/boreait.com\/hu\/wp-json\/wp\/v2\/product_brand?post=10715"},{"taxonomy":"product_cat","embeddable":true,"href":"https:\/\/boreait.com\/hu\/wp-json\/wp\/v2\/product_cat?post=10715"},{"taxonomy":"product_tag","embeddable":true,"href":"https:\/\/boreait.com\/hu\/wp-json\/wp\/v2\/product_tag?post=10715"}],"curies":[{"name":"wp","href":"https:\/\/api.w.org\/{rel}","templated":true}]}}