{"id":10714,"date":"2025-09-17T12:58:58","date_gmt":"2025-09-17T10:58:58","guid":{"rendered":"https:\/\/boreait.com\/hu\/?post_type=product&#038;p=10714"},"modified":"2025-09-17T12:59:09","modified_gmt":"2025-09-17T10:59:09","slug":"acer-aspire-s5-391-133-lcd-kepernyo-wxga-matt-led-kijelzo-uj","status":"publish","type":"product","link":"https:\/\/boreait.com\/hu\/termek\/acer-aspire-s5-391-133-lcd-kepernyo-wxga-matt-led-kijelzo-uj\/","title":{"rendered":"Acer Aspire S5-391 13,3&#8243; LCD k\u00e9perny\u0151 WXGA matt LED kijelz\u0151, \u00faj"},"content":{"rendered":"<p><strong>T\u00e9nyleges LCD-k\u00e9perny\u0151s modell: NT133WHM-N46 \u2013 TELJESEN KOMPATIBILIS A LAPTOP K\u00c9PERNY\u0150J\u00c9VEL Acer ASPIRE S5-391-73514G25AKK \u2013 \u00e9rint\u00e9smentes<\/strong><\/p>\n<p>Fokozza az Acer Aspire S5-391-73514G25AKK-t ezzel a kiv\u00e1l\u00f3 min\u0151s\u00e9g\u0171, 13,3&#8243;-es LCD-k\u00e9perny\u0151vel. Az 1366&#215;768-as WXGA-felbont\u00e1s\u00fa, \u00e9rint\u00e9smentes kijelz\u0151 \u00e9les k\u00e9pet \u00e9s tisztas\u00e1got biztos\u00edt a kiv\u00e1l\u00f3 megtekint\u00e9si \u00e9lm\u00e9ny \u00e9rdek\u00e9ben. A matt fel\u00fclet cs\u00f6kkenti a k\u00fcl\u00f6nb\u00f6z\u0151 t\u00fckr\u00f6z\u0151d\u00e9seket \u00e9s a k\u00f6rnyezet t\u00fckr\u00f6z\u0151d\u00e9s\u00e9t.<\/p>\n<p>A 30 t\u0171s eDP interf\u00e9sszel tervezett LED-k\u00e9perny\u0151 t\u00f6k\u00e9letesen illeszkedik Acer laptopj\u00e1hoz. Tartalmaz fels\u0151 \u00e9s als\u00f3 tart\u00f3t az egyszer\u0171 telep\u00edt\u00e9shez, biztos\u00edtva a biztons\u00e1gos r\u00f6gz\u00edt\u00e9st. B\u00e1r nem IPS, ezt a k\u00e9perny\u0151t \u00fagy tervezt\u00e9k, hogy tiszta \u00e9s \u00e9l\u00e9nk k\u00e9peket biztos\u00edtson, ide\u00e1lis a mindennapi feladatokhoz. A k\u00e9perny\u0151 vadonat\u00faj, \u00e9s a szigor\u00fa szabv\u00e1nyok szerint k\u00e9sz\u00fclt, hogy biztos\u00edtsa a kompatibilit\u00e1st \u00e9s a k\u00e9sz\u00fcl\u00e9kkel val\u00f3 hossz\u00fa \u00e9lettartamot.<\/p>\n<p>Ak\u00e1r s\u00e9r\u00fclt kijelz\u0151t cser\u00e9l, ak\u00e1r friss\u00edt, ez a k\u00e9perny\u0151 kiv\u00e1l\u00f3 megtekint\u00e9si \u00e9lm\u00e9nyt ny\u00fajt, \u00e9s \u00e1talak\u00edtja laptopj\u00e1t munk\u00e1hoz, tanul\u00e1shoz vagy sz\u00f3rakoz\u00e1shoz.<\/p>\n","protected":false},"excerpt":{"rendered":"<p>Friss\u00edtse Acer Aspire S5-391-73514G25AKK-j\u00e1t ezzel a 13,3&#8243;-es WXGA LCD-k\u00e9perny\u0151vel. Az 1366&#215;768-as matt kijelz\u0151vel rendelkez\u0151, \u00e9rint\u00e9smentes LED-k\u00e9perny\u0151t tiszta k\u00e9ppel \u00e9s cs\u00f6kkentett t\u00fckr\u00f6z\u0151d\u00e9sre tervezt\u00e9k. Ez egy 30 t\u0171s, eDP-k\u00e9perny\u0151, amely k\u00f6nnyen telep\u00edthet\u0151 fels\u0151 \u00e9s als\u00f3 konzollal. integr\u00e1ci\u00f3.<\/p>\n","protected":false},"featured_media":10719,"template":"","meta":[],"product_brand":[],"product_cat":[88,71],"product_tag":[],"class_list":{"0":"post-10714","1":"product","2":"type-product","3":"status-publish","4":"has-post-thumbnail","6":"product_cat-13-3-new-laptop-screens-lcd-panels","7":"product_cat-new-laptop-screens-lcd-panels","9":"first","10":"instock","11":"taxable","12":"shipping-taxable","13":"purchasable","14":"product-type-simple"},"_links":{"self":[{"href":"https:\/\/boreait.com\/hu\/wp-json\/wp\/v2\/product\/10714","targetHints":{"allow":["GET"]}}],"collection":[{"href":"https:\/\/boreait.com\/hu\/wp-json\/wp\/v2\/product"}],"about":[{"href":"https:\/\/boreait.com\/hu\/wp-json\/wp\/v2\/types\/product"}],"wp:featuredmedia":[{"embeddable":true,"href":"https:\/\/boreait.com\/hu\/wp-json\/wp\/v2\/media\/10719"}],"wp:attachment":[{"href":"https:\/\/boreait.com\/hu\/wp-json\/wp\/v2\/media?parent=10714"}],"wp:term":[{"taxonomy":"product_brand","embeddable":true,"href":"https:\/\/boreait.com\/hu\/wp-json\/wp\/v2\/product_brand?post=10714"},{"taxonomy":"product_cat","embeddable":true,"href":"https:\/\/boreait.com\/hu\/wp-json\/wp\/v2\/product_cat?post=10714"},{"taxonomy":"product_tag","embeddable":true,"href":"https:\/\/boreait.com\/hu\/wp-json\/wp\/v2\/product_tag?post=10714"}],"curies":[{"name":"wp","href":"https:\/\/api.w.org\/{rel}","templated":true}]}}