{"id":10712,"date":"2025-09-17T12:58:58","date_gmt":"2025-09-17T10:58:58","guid":{"rendered":"https:\/\/boreait.com\/hu\/?post_type=product&#038;p=10712"},"modified":"2025-09-17T12:59:08","modified_gmt":"2025-09-17T10:59:08","slug":"125-huvelykes-lcd-kepernyo-031r70-wxga-1366x768-matt-led-nem-ips-konzolokkal-uj","status":"publish","type":"product","link":"https:\/\/boreait.com\/hu\/termek\/125-huvelykes-lcd-kepernyo-031r70-wxga-1366x768-matt-led-nem-ips-konzolokkal-uj\/","title":{"rendered":"12,5 h\u00fcvelykes LCD k\u00e9perny\u0151 031R70 WXGA 1366&#215;768, matt, LED, nem IPS, konzolokkal, \u00faj"},"content":{"rendered":"<p><strong>T\u00e9nyleges LCD-k\u00e9perny\u0151s modell: B125XTN01.0 \u2013 TELJESEN KOMPATIBILIS A 031R70 31R70 LAPTOP K\u00c9PERNY\u0150VEL<\/strong><\/p>\n<p>Friss\u00edtse laptopja kijelz\u0151j\u00e9t ezzel a kiv\u00e1l\u00f3 min\u0151s\u00e9g\u0171, \u00faj LCD-k\u00e9perny\u0151vel (031R70 31R70), amely a 12,5 h\u00fcvelykes sz\u00e9lesv\u00e1szn\u00fa \u00e9s az \u00e9l\u00e9nk WXGA 1366&#215;768-as felbont\u00e1ssal fokozza a vizu\u00e1lis \u00e9lm\u00e9nyt. Ez a k\u00e9perny\u0151 S-RGB sz\u00ednprofilt k\u00edn\u00e1l, amely gazdagabb sz\u00edneket \u00e9s tiszta l\u00e1tv\u00e1nyt biztos\u00edt. A matt fel\u00fclet minim\u00e1lisra cs\u00f6kkenti a t\u00fckr\u00f6z\u0151d\u00e9st, \u00edgy ide\u00e1lis k\u00fcl\u00f6nf\u00e9le f\u00e9nyviszonyokhoz, m\u00edg a 30 t\u0171s eDP csatlakoz\u00f3 hat\u00e9kony \u00e1ramell\u00e1t\u00e1st \u00e9s adat\u00e1tvitelt biztos\u00edt.<\/p>\n<p>Ez az \u00e9rint\u00e9smentes, nem IPS k\u00e9perny\u0151 t\u00f6k\u00e9letes azoknak a felhaszn\u00e1l\u00f3knak, akik az energiahat\u00e9konys\u00e1got \u00e9s a konzisztens sz\u00ednmin\u0151s\u00e9get r\u00e9szes\u00edtik el\u0151nyben a kijelz\u0151n. Ezenk\u00edv\u00fcl oldals\u00f3 konzolokkal is rendelkezik az egyszer\u0171 telep\u00edt\u00e9s \u00e9rdek\u00e9ben, \u00e9s szorosan illeszkedik a laptop be\u00e1ll\u00edt\u00e1s\u00e1hoz. A LED-es h\u00e1tt\u00e9rvil\u00e1g\u00edt\u00e1ssal ez a k\u00e9perny\u0151 vil\u00e1gos, \u00e9les k\u00e9peket biztos\u00edt, amelyek n\u00f6velik a termel\u00e9kenys\u00e9get \u00e9s a k\u00e9nyelmet hosszabb haszn\u00e1lat sor\u00e1n. Keltse \u00faj \u00e9letre k\u00e9sz\u00fcl\u00e9k\u00e9t ezzel a megb\u00edzhat\u00f3 \u00e9s tart\u00f3s k\u00e9perny\u0151cser\u00e9vel.<\/p>\n<p><strong>F\u0151bb jellemz\u0151k:<\/strong><\/p>\n<ul>\n<li>T\u00edpus: 031R70 31R70<\/li>\n<li>M\u00e9ret: 12,5 h\u00fcvelykes sz\u00e9lesv\u00e1szn\u00fa, \u00e9rint\u00e9smentes<\/li>\n<li>Felbont\u00e1s: WXGA 1366&#215;768<\/li>\n<li>Kifejez\u00e9s: matt (csillant\u00e1sg\u00e1tl\u00f3)<\/li>\n<li>Csatlakoz\u00f3: 30 t\u0171s eDP<\/li>\n<li>Sz\u00ednprofil: S-RGB<\/li>\n<li>\u00c1llapot: \u00daj, oldals\u00f3 konzolokat tartalmaz<\/li>\n<\/ul>\n<p>Ide\u00e1lis olyan laptopokhoz, amelyek min\u0151s\u00e9gi k\u00e9perny\u0151cser\u00e9re szorulnak, \u00e9rint\u00e9si funkci\u00f3 n\u00e9lk\u00fcl. Ez a kijelz\u0151 \u00e9l\u00e9nk l\u00e1tv\u00e1nyvil\u00e1ggal \u00e9s egyenletes sz\u00edn\u00e1tmenetekkel jav\u00edtja k\u00e9sz\u00fcl\u00e9ke teljes\u00edtm\u00e9ny\u00e9t a mindennapi haszn\u00e1lathoz.<\/p>\n","protected":false},"excerpt":{"rendered":"<p>12,5&#8243; LCD k\u00e9perny\u0151 031R70 31R70 (\u00faj) matt fel\u00fclettel, 1366&#215;768 felbont\u00e1ssal, LED h\u00e1tt\u00e9rvil\u00e1g\u00edt\u00e1ssal \u00e9s S-RGB sz\u00ednprofillal. \u00c9rint\u00e9smentes, nem IPS, oldals\u00f3 konzolokkal a k\u00f6nny\u0171 telep\u00edt\u00e9s \u00e9rdek\u00e9ben.<\/p>\n","protected":false},"featured_media":10718,"template":"","meta":[],"product_brand":[],"product_cat":[87,71],"product_tag":[],"class_list":{"0":"post-10712","1":"product","2":"type-product","3":"status-publish","4":"has-post-thumbnail","6":"product_cat-12-5-new-laptop-screens-lcd-panels","7":"product_cat-new-laptop-screens-lcd-panels","9":"first","10":"instock","11":"taxable","12":"shipping-taxable","13":"purchasable","14":"product-type-simple"},"_links":{"self":[{"href":"https:\/\/boreait.com\/hu\/wp-json\/wp\/v2\/product\/10712","targetHints":{"allow":["GET"]}}],"collection":[{"href":"https:\/\/boreait.com\/hu\/wp-json\/wp\/v2\/product"}],"about":[{"href":"https:\/\/boreait.com\/hu\/wp-json\/wp\/v2\/types\/product"}],"wp:featuredmedia":[{"embeddable":true,"href":"https:\/\/boreait.com\/hu\/wp-json\/wp\/v2\/media\/10718"}],"wp:attachment":[{"href":"https:\/\/boreait.com\/hu\/wp-json\/wp\/v2\/media?parent=10712"}],"wp:term":[{"taxonomy":"product_brand","embeddable":true,"href":"https:\/\/boreait.com\/hu\/wp-json\/wp\/v2\/product_brand?post=10712"},{"taxonomy":"product_cat","embeddable":true,"href":"https:\/\/boreait.com\/hu\/wp-json\/wp\/v2\/product_cat?post=10712"},{"taxonomy":"product_tag","embeddable":true,"href":"https:\/\/boreait.com\/hu\/wp-json\/wp\/v2\/product_tag?post=10712"}],"curies":[{"name":"wp","href":"https:\/\/api.w.org\/{rel}","templated":true}]}}