{"id":10711,"date":"2025-09-17T12:58:58","date_gmt":"2025-09-17T10:58:58","guid":{"rendered":"https:\/\/boreait.com\/hu\/?post_type=product&#038;p=10711"},"modified":"2025-09-17T12:59:08","modified_gmt":"2025-09-17T10:59:08","slug":"lcd-kepernyo-hp-elitebook-820-g1-g2-125-wxga-30-tus-matt-kijelzo-uj","status":"publish","type":"product","link":"https:\/\/boreait.com\/hu\/termek\/lcd-kepernyo-hp-elitebook-820-g1-g2-125-wxga-30-tus-matt-kijelzo-uj\/","title":{"rendered":"LCD k\u00e9perny\u0151 HP EliteBook 820 G1 G2 12,5&#8243; WXGA 30 t\u0171s matt kijelz\u0151 &#8211; \u00daj"},"content":{"rendered":"<p><strong>T\u00e9nyleges LCD-k\u00e9perny\u0151s modell: B125XTN01.0 \u2013 TELJESEN KOMPATIBILIS A HP Elitebook 820 G1 G2 LAPTOP K\u00c9PERNY\u0150VEL<\/strong><\/p>\n<p>Ezt a kiv\u00e1l\u00f3 min\u0151s\u00e9g\u0171 12,5&#8243;-es LCD-k\u00e9perny\u0151t a HP EliteBook 820 G1 \u00e9s G2 modellekhez tervezt\u00e9k, megb\u00edzhat\u00f3an helyettes\u00edti a s\u00e9r\u00fclt vagy elavult kijelz\u0151ket. 1366&#215;768-as WXGA felbont\u00e1s\u00e1val \u00e9s matt fel\u00fclet\u00e9vel \u00e9les k\u00e9pet biztos\u00edt \u00e9s cs\u00f6kkenti a visszaver\u0151d\u00e9st, \u00edgy alkalmas k\u00fcl\u00f6nf\u00e9le f\u00e9nyviszonyokhoz. A k\u00e9perny\u0151 SRG-h\u00e1tt\u00e9rvil\u00e1g\u00edt\u00e1s\u00fa, sz\u00ednkiegyens\u00falyozott sz\u00edneket \u00e9s technol\u00f3gi\u00e1t tartalmaz.<\/p>\n<p>Az egyszer\u0171 telep\u00edt\u00e9sre tervezett kijelz\u0151 oldals\u00f3 konzolokkal rendelkezik, amelyek z\u00f6kken\u0151mentesen illeszkednek a laptopba. A nem IPS, \u00e9rint\u00e9smentes kijelz\u0151 z\u00f6kken\u0151mentes teljes\u00edtm\u00e9nyt k\u00edn\u00e1l alacsony fogyaszt\u00e1s mellett, a 30 t\u0171s eDP csatlakoz\u00f3 pedig kompatibilit\u00e1st biztos\u00edt az eszk\u00f6zzel. Ez a teljesen \u00faj \u00e1llapot\u00fa k\u00e9perny\u0151 k\u00e9szen \u00e1ll arra, hogy helyre\u00e1ll\u00edtsa laptopja megjelen\u00edt\u00e9si min\u0151s\u00e9g\u00e9t, \u00edgy nagyszer\u0171 v\u00e1laszt\u00e1s szem\u00e9lyes \u00e9s professzion\u00e1lis haszn\u00e1latra egyar\u00e1nt.<\/p>\n","protected":false},"excerpt":{"rendered":"<p>Friss\u00edtse HP EliteBook 820 G1 vagy G2 k\u00e9sz\u00fcl\u00e9k\u00e9t ezzel a 12,5 h\u00fcvelykes, 1366&#215;768-as WXGA-felbont\u00e1s\u00fa LCD-k\u00e9perny\u0151vel. A matt, \u00e9rint\u00e9smentes kijelz\u0151vel, 30 t\u0171s eDP-csatlakoz\u00f3val \u00e9s az egyszer\u0171 telep\u00edt\u00e9st biztos\u00edt\u00f3 oldals\u00f3 tart\u00f3kkal ez a LED-k\u00e9perny\u0151 \u00e9les l\u00e1tv\u00e1nyt ny\u00fajt, \u00e9s minim\u00e1lisra cs\u00f6kkenti a t\u00f6k\u00e9letes csere \u00e1llapot\u00e1t a laptop sz\u00e1m\u00e1ra.<\/p>\n<p>&nbsp;<\/p>\n","protected":false},"featured_media":10718,"template":"","meta":[],"product_brand":[],"product_cat":[87,71],"product_tag":[],"class_list":{"0":"post-10711","1":"product","2":"type-product","3":"status-publish","4":"has-post-thumbnail","6":"product_cat-12-5-new-laptop-screens-lcd-panels","7":"product_cat-new-laptop-screens-lcd-panels","9":"first","10":"instock","11":"taxable","12":"shipping-taxable","13":"purchasable","14":"product-type-simple"},"_links":{"self":[{"href":"https:\/\/boreait.com\/hu\/wp-json\/wp\/v2\/product\/10711","targetHints":{"allow":["GET"]}}],"collection":[{"href":"https:\/\/boreait.com\/hu\/wp-json\/wp\/v2\/product"}],"about":[{"href":"https:\/\/boreait.com\/hu\/wp-json\/wp\/v2\/types\/product"}],"wp:featuredmedia":[{"embeddable":true,"href":"https:\/\/boreait.com\/hu\/wp-json\/wp\/v2\/media\/10718"}],"wp:attachment":[{"href":"https:\/\/boreait.com\/hu\/wp-json\/wp\/v2\/media?parent=10711"}],"wp:term":[{"taxonomy":"product_brand","embeddable":true,"href":"https:\/\/boreait.com\/hu\/wp-json\/wp\/v2\/product_brand?post=10711"},{"taxonomy":"product_cat","embeddable":true,"href":"https:\/\/boreait.com\/hu\/wp-json\/wp\/v2\/product_cat?post=10711"},{"taxonomy":"product_tag","embeddable":true,"href":"https:\/\/boreait.com\/hu\/wp-json\/wp\/v2\/product_tag?post=10711"}],"curies":[{"name":"wp","href":"https:\/\/api.w.org\/{rel}","templated":true}]}}