{"id":10710,"date":"2025-09-17T12:58:57","date_gmt":"2025-09-17T10:58:57","guid":{"rendered":"https:\/\/boreait.com\/hu\/?post_type=product&#038;p=10710"},"modified":"2025-09-17T12:59:07","modified_gmt":"2025-09-17T10:59:07","slug":"lcd-kepernyo-hb125wx1-100-125-wxga-matt-1366x768-led-30-tus-uj-erintesmentes","status":"publish","type":"product","link":"https:\/\/boreait.com\/hu\/termek\/lcd-kepernyo-hb125wx1-100-125-wxga-matt-1366x768-led-30-tus-uj-erintesmentes\/","title":{"rendered":"LCD k\u00e9perny\u0151 HB125WX1-100 12,5&#8243; WXGA matt 1366&#215;768 LED 30 t\u0171s \u00faj, \u00e9rint\u00e9smentes"},"content":{"rendered":"<p><strong>T\u00e9nyleges LCD-k\u00e9perny\u0151s modell: B125XTN01.0 \u2013 TELJESEN KOMPATIBILIS A HB125WX1-100 LAPTOP K\u00c9PERNY\u0150VEL<\/strong><\/p>\n<blockquote><p>Ez a HB125WX1-100 LCD-k\u00e9perny\u0151 ide\u00e1lis helyettes\u00edt\u0151je a 12,5&#8243;-es laptopoknak, amelyeknek megb\u00edzhat\u00f3, nagy teljes\u00edtm\u00e9ny\u0171 kijelz\u0151re van sz\u00fcks\u00e9g\u00fck. 1366&#215;768 WXGA felbont\u00e1sa \u00e9les \u00e9s r\u00e9szletgazdag k\u00e9pmin\u0151s\u00e9get biztos\u00edt, amely t\u00f6k\u00e9letes mindennapi megvil\u00e1g\u00edt\u00e1shoz, munk\u00e1hoz vagy sz\u00f3rakoz\u00e1shoz. A matt fel\u00fclet minim\u00e1lisra cs\u00f6kkenti a vak\u00edt\u00f3 hat\u00e1st, m\u00e9g a k\u00fcl\u00f6nb\u00f6z\u0151 k\u00f6r\u00fclm\u00e9nyek k\u00f6z\u00f6tt is megk\u00f6nny\u00edti a szemf\u00e9nyveszt\u00e9st<\/b>.<\/p>\n<blockquote><p><strong>A term\u00e9k jellemz\u0151i:<\/strong><\/p>\n<ul>\n<li><strong>Modell<\/strong>: HB125WX1-100<\/li>\n<li><strong>K\u00e9perny\u0151m\u00e9ret<\/strong>: 12,5&#8243; (sz\u00e9les k\u00e9perny\u0151)<\/li>\n<li><strong>Felbont\u00e1s<\/strong>: 1366&#215;768 (WXGA)<\/li>\n<li><strong>Csatlakoz\u00f3<\/strong>: 30 t\u0171s eDP<\/li>\n<li><strong>Sz\u00ednsk\u00e1la<\/strong>: S-RGB<\/li>\n<li><strong>Befejez\u00e9s<\/strong>: matt, nem csillog\u00f3<\/li>\n<li><strong>Panel t\u00edpusa<\/strong>: \u00e9rint\u00e9smentes, nem IPS<\/li>\n<li><strong>\u00c1llapot<\/strong>: \u00daj<\/li>\n<li><strong>Konzol helyzete<\/strong>: oldals\u00f3 konzolok a biztons\u00e1gos telep\u00edt\u00e9shez<\/li>\n<\/ul>\n<\/blockquote>\n<blockquote><p><strong>Kompatibilit\u00e1s &amp; Telep\u00edt\u00e9s:<\/strong><\/p>\n<p>Ez az LCD-k\u00e9perny\u0151 bizonyos, 30 t\u0171s eDP-csatlakoz\u00f3val rendelkez\u0151 laptopokhoz illeszkedik, \u00e9s az el\u0151re r\u00f6gz\u00edtett oldals\u00f3 konzolokkal k\u00f6nnyen cser\u00e9lhet\u0151. Ak\u00e1r egy s\u00e9r\u00fclt k\u00e9perny\u0151t cser\u00e9l, ak\u00e1r a jobb l\u00e1tv\u00e1ny \u00e9rdek\u00e9ben friss\u00edt, ez a panel kiv\u00e1l\u00f3 min\u0151s\u00e9g\u0171 teljes\u00edtm\u00e9nyt biztos\u00edt.<\/p><\/blockquote>\n<blockquote><p><strong>Mi\u00e9rt v\u00e1lassza ezt a k\u00e9perny\u0151t?<\/strong><\/p>\n<p>Az energiahat\u00e9konys\u00e1g \u00e9s az S-RGB sz\u00ednpontoss\u00e1g \u00e9rdek\u00e9ben LED-es h\u00e1tt\u00e9rvil\u00e1g\u00edt\u00e1ssal ez a k\u00e9perny\u0151 kiv\u00e1l\u00f3 v\u00e1laszt\u00e1s az \u00e9l\u00e9nk, \u00e9les k\u00e9pek \u00e9s a hosszan tart\u00f3 megtekint\u00e9si k\u00e9nyelem \u00e9rdek\u00e9ben. A nem IPS konstrukci\u00f3 robusztus \u00e9s megb\u00edzhat\u00f3 teljes\u00edtm\u00e9nyt biztos\u00edt extra energiafogyaszt\u00e1s n\u00e9lk\u00fcl, \u00edgy t\u00f6k\u00e9letes \u00e1ltal\u00e1nos haszn\u00e1latra \u00e9s multim\u00e9di\u00e1s megtekint\u00e9sre.<\/p><\/blockquote>\n<blockquote><p><strong>Megjegyz\u00e9s:<\/strong> K\u00e9rj\u00fck, v\u00e1s\u00e1rl\u00e1s el\u0151tt ellen\u0151rizze a kompatibilit\u00e1st a laptop modellj\u00e9vel. Ezt a k\u00e9perny\u0151t kifejezetten azokhoz az eszk\u00f6z\u00f6kh\u00f6z tervezt\u00e9k, amelyek t\u00e1mogatj\u00e1k a 12,5 h\u00fcvelykes HB125WX1-100 LCD-t 30 t\u0171s eDP-csatlakoz\u00f3val.<\/p><\/blockquote>\n","protected":false},"excerpt":{"rendered":"<p>Friss\u00edtse laptopja kijelz\u0151j\u00e9t ezzel a vadonat\u00faj, 12,5 h\u00fcvelykes, sz\u00e9les k\u00e9perny\u0151s LCD-vel (HB125WX1-100 modell). Az \u00e9les, 1366&#215;768 WXGA felbont\u00e1s\u00fa matt, \u00e9rint\u00e9smentes panel k\u00e9nyelmes megtekint\u00e9si \u00e9lm\u00e9nyt k\u00edn\u00e1l cs\u00f6kkentett t\u00fckr\u00f6z\u0151d\u00e9s mellett. 30 t\u0171s eDP-csatlakoz\u00f3j\u00e1val, hat\u00e9kony eDP technol\u00f3gi\u00e1j\u00e1val, vivid sz\u00ednekkel \u00e9s SRG-B h\u00e1tt\u00e9rvil\u00e1g\u00edt\u00e1ssal. Az egyszer\u0171 telep\u00edt\u00e9s \u00e9rdek\u00e9ben oldals\u00f3 tart\u00f3kkal ell\u00e1tott k\u00e9perny\u0151 kompatibilis a nem IPS panelt ig\u00e9nyl\u0151 laptopmodellekkel.<\/p>\n","protected":false},"featured_media":10718,"template":"","meta":[],"product_brand":[],"product_cat":[87,71],"product_tag":[],"class_list":{"0":"post-10710","1":"product","2":"type-product","3":"status-publish","4":"has-post-thumbnail","6":"product_cat-12-5-new-laptop-screens-lcd-panels","7":"product_cat-new-laptop-screens-lcd-panels","9":"first","10":"instock","11":"taxable","12":"shipping-taxable","13":"purchasable","14":"product-type-simple"},"_links":{"self":[{"href":"https:\/\/boreait.com\/hu\/wp-json\/wp\/v2\/product\/10710","targetHints":{"allow":["GET"]}}],"collection":[{"href":"https:\/\/boreait.com\/hu\/wp-json\/wp\/v2\/product"}],"about":[{"href":"https:\/\/boreait.com\/hu\/wp-json\/wp\/v2\/types\/product"}],"wp:featuredmedia":[{"embeddable":true,"href":"https:\/\/boreait.com\/hu\/wp-json\/wp\/v2\/media\/10718"}],"wp:attachment":[{"href":"https:\/\/boreait.com\/hu\/wp-json\/wp\/v2\/media?parent=10710"}],"wp:term":[{"taxonomy":"product_brand","embeddable":true,"href":"https:\/\/boreait.com\/hu\/wp-json\/wp\/v2\/product_brand?post=10710"},{"taxonomy":"product_cat","embeddable":true,"href":"https:\/\/boreait.com\/hu\/wp-json\/wp\/v2\/product_cat?post=10710"},{"taxonomy":"product_tag","embeddable":true,"href":"https:\/\/boreait.com\/hu\/wp-json\/wp\/v2\/product_tag?post=10710"}],"curies":[{"name":"wp","href":"https:\/\/api.w.org\/{rel}","templated":true}]}}