{"id":10709,"date":"2025-09-17T12:58:57","date_gmt":"2025-09-17T10:58:57","guid":{"rendered":"https:\/\/boreait.com\/hu\/?post_type=product&#038;p=10709"},"modified":"2025-09-17T12:59:07","modified_gmt":"2025-09-17T10:59:07","slug":"dell-latitude-e7270-125-lcd-kepernyo-1366x768-matt-erintesmentes-led-30-tus-uj","status":"publish","type":"product","link":"https:\/\/boreait.com\/hu\/termek\/dell-latitude-e7270-125-lcd-kepernyo-1366x768-matt-erintesmentes-led-30-tus-uj\/","title":{"rendered":"Dell Latitude E7270 12,5&#8243; LCD k\u00e9perny\u0151 1366&#215;768 matt, \u00e9rint\u00e9smentes LED 30 t\u0171s \u00daj"},"content":{"rendered":"<p><strong>T\u00e9nyleges LCD-k\u00e9perny\u0151s modell: B125XTN01.0 \u2013 TELJESEN KOMPATIBILIS A LAPTOP K\u00c9PERNY\u0150J\u00c9VEL Dell Latitude E7270 \u2013 \u00e9rint\u00e9smentes<\/strong><\/p>\n<p>Ez a vadonat\u00faj Dell Latitude E7270 LCD k\u00e9perny\u0151 kiv\u00e1l\u00f3 min\u0151s\u00e9g\u0171 cserealkatr\u00e9sz laptopj\u00e1hoz. 12,5 h\u00fcvelykes sz\u00e9les k\u00e9perny\u0151vel rendelkezik, 1366&#215;768 WXGA felbont\u00e1ssal \u00e9s matt fel\u00fclettel a t\u00fckr\u00f6z\u0151d\u00e9smentes megjelen\u00edt\u00e9s \u00e9rdek\u00e9ben. Ez a nem \u00e9rint\u0151k\u00e9perny\u0151 30 t\u0171s eDP-csatlakoz\u00f3val van felszerelve, \u00e9s \u00e9l\u00e9nk S-RGB sz\u00ednvisszaad\u00e1st k\u00edn\u00e1l. Kifejezetten a Dell Latitude E7270-hez tervezt\u00e9k, \u00e9s mell\u00e9kelve van az oldals\u00f3 tart\u00f3konzolok vagy a s\u00e9r\u00fcl\u00e9sek helyre\u00e1ll\u00edt\u00e1sa \u00e9rdek\u00e9ben. friss\u00edt\u00e9s, ez a LED-k\u00e9perny\u0151 t\u00f6k\u00e9letes a laptop kijelz\u0151j\u00e9nek eredeti \u00e1llapot\u00e1nak helyre\u00e1ll\u00edt\u00e1s\u00e1hoz.<\/p>\n","protected":false},"excerpt":{"rendered":"<p>Ez a vadonat\u00faj LCD-k\u00e9perny\u0151 t\u00f6k\u00e9letesen helyettes\u00edti a Dell Latitude E7270-et. A 12,5 h\u00fcvelykes matt kijelz\u0151vel, 1366&#215;768 WXGA felbont\u00e1ssal, ez az \u00e9rint\u00e9smentes k\u00e9perny\u0151 kiv\u00e1l\u00f3 sz\u00ednvisszaad\u00e1st biztos\u00edt S-RGB-vel \u00e9s LED-es h\u00e1tt\u00e9rvil\u00e1g\u00edt\u00e1ssal. 30 t\u0171s eDP-csatlakoz\u00f3val van felszerelve, \u00e9s oldals\u00f3 konzolokat is tartalmaz az egyszer\u0171 telep\u00edt\u00e9s \u00e9rdek\u00e9ben. Ide\u00e1lis a s\u00e9r\u00fclt k\u00e9perny\u0151k cser\u00e9j\u00e9hez, \u00edgy biztos\u00edtva a laptop \u00faj megjelen\u00e9s\u00e9t \u00e9s m\u0171k\u00f6d\u00e9s\u00e9t.<\/p>\n","protected":false},"featured_media":10718,"template":"","meta":[],"product_brand":[],"product_cat":[87,71],"product_tag":[],"class_list":{"0":"post-10709","1":"product","2":"type-product","3":"status-publish","4":"has-post-thumbnail","6":"product_cat-12-5-new-laptop-screens-lcd-panels","7":"product_cat-new-laptop-screens-lcd-panels","9":"first","10":"instock","11":"taxable","12":"shipping-taxable","13":"purchasable","14":"product-type-simple"},"_links":{"self":[{"href":"https:\/\/boreait.com\/hu\/wp-json\/wp\/v2\/product\/10709","targetHints":{"allow":["GET"]}}],"collection":[{"href":"https:\/\/boreait.com\/hu\/wp-json\/wp\/v2\/product"}],"about":[{"href":"https:\/\/boreait.com\/hu\/wp-json\/wp\/v2\/types\/product"}],"wp:featuredmedia":[{"embeddable":true,"href":"https:\/\/boreait.com\/hu\/wp-json\/wp\/v2\/media\/10718"}],"wp:attachment":[{"href":"https:\/\/boreait.com\/hu\/wp-json\/wp\/v2\/media?parent=10709"}],"wp:term":[{"taxonomy":"product_brand","embeddable":true,"href":"https:\/\/boreait.com\/hu\/wp-json\/wp\/v2\/product_brand?post=10709"},{"taxonomy":"product_cat","embeddable":true,"href":"https:\/\/boreait.com\/hu\/wp-json\/wp\/v2\/product_cat?post=10709"},{"taxonomy":"product_tag","embeddable":true,"href":"https:\/\/boreait.com\/hu\/wp-json\/wp\/v2\/product_tag?post=10709"}],"curies":[{"name":"wp","href":"https:\/\/api.w.org\/{rel}","templated":true}]}}