{"id":10707,"date":"2025-09-17T12:58:57","date_gmt":"2025-09-17T10:58:57","guid":{"rendered":"https:\/\/boreait.com\/hu\/?post_type=product&#038;p=10707"},"modified":"2025-09-17T12:59:07","modified_gmt":"2025-09-17T10:59:07","slug":"lcd-kepernyo-dell-latitude-e7240-hez-125-30-tus-matt-wxga-1366x768-led-uj","status":"publish","type":"product","link":"https:\/\/boreait.com\/hu\/termek\/lcd-kepernyo-dell-latitude-e7240-hez-125-30-tus-matt-wxga-1366x768-led-uj\/","title":{"rendered":"LCD k\u00e9perny\u0151 Dell Latitude E7240-hez, 12,5&#8243; 30 t\u0171s matt WXGA 1366&#215;768 LED, \u00faj"},"content":{"rendered":"<p><strong>T\u00e9nyleges LCD-k\u00e9perny\u0151s modell: B125XTN01.0 \u2013 TELJESEN KOMPATIBILIS A LAPTOP K\u00c9PERNY\u0150J\u00c9VEL Dell Latitude E7240 \u2013 \u00e9rint\u00e9smentes<\/strong><\/p>\n<p>Fokozza Dell Latitude E7240 laptopja kijelz\u0151j\u00e9t ezzel a kiv\u00e1l\u00f3 min\u0151s\u00e9g\u0171 csereLCD-k\u00e9perny\u0151vel. Ezt a k\u00e9perny\u0151t kifejezetten a Dell Latitude E7240 modellhez tervezt\u00e9k, \u00e9s 12,5 h\u00fcvelykes sz\u00e9lesv\u00e1szn\u00fa form\u00e1tumot k\u00edn\u00e1l 1366&#215;768 (WXGA) felbont\u00e1ssal. \u00c9les \u00e9s \u00e9l\u00e9nk l\u00e1tv\u00e1nyt ny\u00fajt az S-RGB sz\u00edntechnol\u00f3gi\u00e1nak k\u00f6sz\u00f6nhet\u0151en, amely t\u00f6k\u00e9letes a mindennapi haszn\u00e1latra, m\u00edg a matt fel\u00fclet cs\u00f6kkenti a t\u00fckr\u00f6z\u0151d\u00e9st \u00e9s a t\u00fckr\u00f6z\u0151d\u00e9st a k\u00e9nyelmes megtekint\u00e9s \u00e9rdek\u00e9ben k\u00fcl\u00f6nf\u00e9le f\u00e9nyviszonyok k\u00f6z\u00f6tt.<\/p>\n<p>A 30 t\u0171s eDP-csatlakoz\u00f3val ez a LED-k\u00e9perny\u0151 energiatakar\u00e9kos, \u00e9s egyenletes f\u00e9nyer\u0151t biztos\u00edt az akkumul\u00e1tor \u00e9lettartam\u00e1nak cs\u00f6kken\u00e9se n\u00e9lk\u00fcl. Az \u00e9rint\u00e9smentes, nem IPS panel alapvet\u0151 funkcionalit\u00e1st \u00e9s tart\u00f3ss\u00e1got biztos\u00edt, ide\u00e1lis a megb\u00edzhat\u00f3 k\u00e9perny\u0151cser\u00e9t keres\u0151 szakemberek \u00e9s mindennapi felhaszn\u00e1l\u00f3k sz\u00e1m\u00e1ra. A mell\u00e9kelt oldals\u00f3 konzolok gyors \u00e9s probl\u00e9mamentes telep\u00edt\u00e9st tesznek lehet\u0151v\u00e9, z\u00f6kken\u0151mentesen illeszkedve k\u00e9sz\u00fcl\u00e9ke eredeti kialak\u00edt\u00e1s\u00e1hoz.<\/p>\n<p>Ak\u00e1r s\u00e9r\u00fclt k\u00e9perny\u0151t cser\u00e9l, ak\u00e1r laptopot fejleszt a jobb teljes\u00edtm\u00e9ny \u00e9rdek\u00e9ben, ez az LCD-k\u00e9perny\u0151 egy vadonat\u00faj, kiv\u00e1l\u00f3 min\u0151s\u00e9g\u0171 v\u00e1laszt\u00e1s a kijelz\u0151 \u00e9letre kelt\u00e9s\u00e9hez.<\/p>\n","protected":false},"excerpt":{"rendered":"<p>Cser\u00e9lje le Dell Latitude E7240 laptopja k\u00e9perny\u0151j\u00e9t erre az \u00faj, 12,5&#8243;-es matt LCD-k\u00e9perny\u0151re. 1366&#215;768 (WXGA) felbont\u00e1ssal, S-RGB sz\u00ednnel, 30 t\u0171s eDP-csatlakoz\u00f3val \u00e9s oldals\u00f3 konzolokkal az egyszer\u0171 telep\u00edt\u00e9s \u00e9rdek\u00e9ben ez az \u00e9rint\u00e9smentes, nem IPS LED-k\u00e9perny\u0151 t\u00f6k\u00e9letes tiszta megjelen\u00edt\u00e9st \u00e9s energiahat\u00e9konys\u00e1got biztos\u00edt.<\/p>\n","protected":false},"featured_media":10718,"template":"","meta":[],"product_brand":[],"product_cat":[87,71],"product_tag":[],"class_list":{"0":"post-10707","1":"product","2":"type-product","3":"status-publish","4":"has-post-thumbnail","6":"product_cat-12-5-new-laptop-screens-lcd-panels","7":"product_cat-new-laptop-screens-lcd-panels","9":"first","10":"instock","11":"taxable","12":"shipping-taxable","13":"purchasable","14":"product-type-simple"},"_links":{"self":[{"href":"https:\/\/boreait.com\/hu\/wp-json\/wp\/v2\/product\/10707","targetHints":{"allow":["GET"]}}],"collection":[{"href":"https:\/\/boreait.com\/hu\/wp-json\/wp\/v2\/product"}],"about":[{"href":"https:\/\/boreait.com\/hu\/wp-json\/wp\/v2\/types\/product"}],"wp:featuredmedia":[{"embeddable":true,"href":"https:\/\/boreait.com\/hu\/wp-json\/wp\/v2\/media\/10718"}],"wp:attachment":[{"href":"https:\/\/boreait.com\/hu\/wp-json\/wp\/v2\/media?parent=10707"}],"wp:term":[{"taxonomy":"product_brand","embeddable":true,"href":"https:\/\/boreait.com\/hu\/wp-json\/wp\/v2\/product_brand?post=10707"},{"taxonomy":"product_cat","embeddable":true,"href":"https:\/\/boreait.com\/hu\/wp-json\/wp\/v2\/product_cat?post=10707"},{"taxonomy":"product_tag","embeddable":true,"href":"https:\/\/boreait.com\/hu\/wp-json\/wp\/v2\/product_tag?post=10707"}],"curies":[{"name":"wp","href":"https:\/\/api.w.org\/{rel}","templated":true}]}}