{"id":10706,"date":"2025-09-17T12:58:57","date_gmt":"2025-09-17T10:58:57","guid":{"rendered":"https:\/\/boreait.com\/hu\/?post_type=product&#038;p=10706"},"modified":"2025-09-17T12:59:06","modified_gmt":"2025-09-17T10:59:06","slug":"lcd-kepernyo-b125xtn01-0-125-wxga-1366x768-matt-led-30-tus-oldalso-tartokkal","status":"publish","type":"product","link":"https:\/\/boreait.com\/hu\/termek\/lcd-kepernyo-b125xtn01-0-125-wxga-1366x768-matt-led-30-tus-oldalso-tartokkal\/","title":{"rendered":"LCD k\u00e9perny\u0151 B125XTN01.0 12,5&#8243; WXGA 1366&#215;768 matt, LED, 30 t\u0171s, oldals\u00f3 tart\u00f3kkal"},"content":{"rendered":"<p>B\u0151v\u00edtse laptopj\u00e1t a <strong>B125XTN01.0 12,5 h\u00fcvelykes LCD-k\u00e9perny\u0151vel<\/strong>, amelyet a prec\u00edz teljes\u00edtm\u00e9ny \u00e9s tiszta k\u00e9p \u00e9rdek\u00e9ben terveztek. Ez a <strong>\u00e9rint\u00e9s n\u00e9lk\u00fcli sz\u00e9lesv\u00e1szn\u00fa kijelz\u0151<\/strong> 1366&#215;768 WXGA-felbont\u00e1ssal rendelkezik, amely \u00e9les \u00e9s \u00e9l\u00e9nk k\u00e9peket biztos\u00edt. A <strong>matt fel\u00fclettel<\/strong> lehet\u0151v\u00e9 teszi a k\u00fcl\u00f6nf\u00e9le f\u00e9nyviszonyokat a k\u00e9nyelmes megtekint\u00e9s \u00e9rdek\u00e9ben, ez a k\u00e9perny\u0151 cs\u00f6kkenti a f\u00e9nyess\u00e9get. Az <strong>S-RGB \u00e9s LED technol\u00f3gi\u00e1val<\/strong> ez a 30 t\u0171s eDP-k\u00e9perny\u0151 term\u00e9szetes sz\u00edneket hoz ki a fokozott vizu\u00e1lis \u00e9lm\u00e9ny \u00e9rdek\u00e9ben, amely t\u00f6k\u00e9letes mindennapi haszn\u00e1latra, munk\u00e1hoz vagy sz\u00f3rakoz\u00e1shoz.<\/p>\n<p>Az <strong>oldals\u00f3 konzolokkal<\/strong> \u00e9p\u00fclt, egyszer\u0171 telep\u00edt\u00e9st tesz lehet\u0151v\u00e9, \u00e9s z\u00f6kken\u0151mentesen illeszkedik a kompatibilis laptopmodellekbe. A k\u00e9perny\u0151 <strong>nem-IPS<\/strong>, amely a megb\u00edzhat\u00f3 teljes\u00edtm\u00e9nyre \u00f6sszpontos\u00edt, kiv\u00e1l\u00f3 \u00e1ron. \u00daj \u00e9s kiv\u00e1l\u00f3 min\u0151s\u00e9g\u0171, amely tart\u00f3ss\u00e1got \u00e9s hossz\u00fa \u00e9lettartamot biztos\u00edt k\u00e9sz\u00fcl\u00e9k\u00e9nek. \u00c1ll\u00edtsa helyre laptopja kijelz\u0151j\u00e9t ezzel az LCD-k\u00e9perny\u0151vel, amelyet \u00fagy terveztek, hogy megfeleljen a mindennapi sz\u00e1m\u00edt\u00e1stechnika k\u00f6vetelm\u00e9nyeinek.<\/p>\n","protected":false},"excerpt":{"rendered":"<p>A B125XTN01.0 LCD-k\u00e9perny\u0151 egy 12,5 h\u00fcvelykes matt, 1366&#215;768 WXGA, 30 t\u0171s eDP-kijelz\u0151 oldals\u00f3 konzolokkal az egyszer\u0171 telep\u00edt\u00e9s \u00e9rdek\u00e9ben. Az S-RGB \u00e9s LED-es h\u00e1tt\u00e9rvil\u00e1g\u00edt\u00e1ssal ez az \u00faj, nem IPS-k\u00e9perny\u0151 \u00e9l\u00e9nk l\u00e1tv\u00e1nyt ny\u00fajt \u00e9s cs\u00f6kkenti a t\u00fckr\u00f6z\u0151d\u00e9st, ide\u00e1lis mindennapi haszn\u00e1latra.<\/p>\n","protected":false},"featured_media":10718,"template":"","meta":[],"product_brand":[],"product_cat":[87,71],"product_tag":[],"class_list":{"0":"post-10706","1":"product","2":"type-product","3":"status-publish","4":"has-post-thumbnail","6":"product_cat-12-5-new-laptop-screens-lcd-panels","7":"product_cat-new-laptop-screens-lcd-panels","9":"first","10":"instock","11":"taxable","12":"shipping-taxable","13":"purchasable","14":"product-type-simple"},"_links":{"self":[{"href":"https:\/\/boreait.com\/hu\/wp-json\/wp\/v2\/product\/10706","targetHints":{"allow":["GET"]}}],"collection":[{"href":"https:\/\/boreait.com\/hu\/wp-json\/wp\/v2\/product"}],"about":[{"href":"https:\/\/boreait.com\/hu\/wp-json\/wp\/v2\/types\/product"}],"wp:featuredmedia":[{"embeddable":true,"href":"https:\/\/boreait.com\/hu\/wp-json\/wp\/v2\/media\/10718"}],"wp:attachment":[{"href":"https:\/\/boreait.com\/hu\/wp-json\/wp\/v2\/media?parent=10706"}],"wp:term":[{"taxonomy":"product_brand","embeddable":true,"href":"https:\/\/boreait.com\/hu\/wp-json\/wp\/v2\/product_brand?post=10706"},{"taxonomy":"product_cat","embeddable":true,"href":"https:\/\/boreait.com\/hu\/wp-json\/wp\/v2\/product_cat?post=10706"},{"taxonomy":"product_tag","embeddable":true,"href":"https:\/\/boreait.com\/hu\/wp-json\/wp\/v2\/product_tag?post=10706"}],"curies":[{"name":"wp","href":"https:\/\/api.w.org\/{rel}","templated":true}]}}