{"id":10705,"date":"2025-09-17T12:58:57","date_gmt":"2025-09-17T10:58:57","guid":{"rendered":"https:\/\/boreait.com\/hu\/?post_type=product&#038;p=10705"},"modified":"2025-09-17T12:59:06","modified_gmt":"2025-09-17T10:59:06","slug":"b135qan01-0-135-huvelykes-lcd-kepernyo-qhd-2256x1504-fenyes-erintesmentes-30-tus-edp-uj-ebay-leiras-cserelje-ki-kepernyojet-erre-a-b135qan0-ra","status":"publish","type":"product","link":"https:\/\/boreait.com\/hu\/termek\/b135qan01-0-135-huvelykes-lcd-kepernyo-qhd-2256x1504-fenyes-erintesmentes-30-tus-edp-uj-ebay-leiras-cserelje-ki-kepernyojet-erre-a-b135qan0-ra\/","title":{"rendered":"B135QAN01.0 13,5 h\u00fcvelykes LCD k\u00e9perny\u0151 QHD 2256&#215;1504 f\u00e9nyes, \u00e9rint\u00e9smentes 30 t\u0171s eDP, \u00faj eBay Le\u00edr\u00e1s: Cser\u00e9lje ki k\u00e9perny\u0151j\u00e9t erre a B135QAN0-ra"},"content":{"rendered":"<p><strong>T\u00e9nyleges LCD-k\u00e9perny\u0151s modell: NE135FBM-N41 V8.1 \u2013 TELJESEN KOMPATIBILIS A B135QAN01.0 LAPTOP K\u00c9PERNY\u0150VEL<\/strong><\/p>\n<p>Friss\u00edtse eszk\u00f6z\u00e9t ezzel a kiv\u00e1l\u00f3 min\u0151s\u00e9g\u0171 <strong>B135QAN01.0 LCD k\u00e9perny\u0151vel<\/strong>, amely t\u00f6k\u00e9letes a nem \u00e9rint\u0151k\u00e9perny\u0151 cser\u00e9j\u00e9hez vagy friss\u00edt\u00e9s\u00e9hez. Ez a 13,5 h\u00fcvelykes k\u00e9perny\u0151 leny\u0171g\u00f6z\u0151 <strong>2256&#215;1504 QHD<\/strong> felbont\u00e1st k\u00edn\u00e1l \u00e9l\u00e9nk <strong>S-RGB<\/strong> sz\u00ednt\u00e1mogat\u00e1ssal, amely \u00e9les, tiszta k\u00e9peket biztos\u00edt a munk\u00e1hoz \u00e9s a sz\u00f3rakoz\u00e1shoz egyar\u00e1nt. A k\u00e9perny\u0151 <strong>f\u00e9nyes fel\u00fclettel<\/strong> rendelkezik, \u00edgy ide\u00e1lis belt\u00e9ri k\u00f6rnyezetben, j\u00f3 vil\u00e1g\u00edt\u00e1s mellett. <strong>30-t\u0171s, eDP<\/strong> LED-es kijelz\u0151vel. pontoss\u00e1g K\u00e9rj\u00fck, vegye figyelembe, hogy <strong>fels\u0151 \u00e9s als\u00f3 konzolok n\u00e9lk\u00fcl<\/strong> sz\u00e1ll\u00edtjuk, de a <strong>k\u00e9toldalas \u00f6ntapad\u00f3 szalagot<\/strong> tartalmazza az egyszer\u0171 telep\u00edt\u00e9s \u00e9rdek\u00e9ben.<\/p>\n","protected":false},"excerpt":{"rendered":"<p>Cser\u00e9lje ki a k\u00e9perny\u0151j\u00e9t erre a <strong>B135QAN01.0 LCD-kijelz\u0151re<\/strong>, amely <strong>13,5&#8243; QHD<\/strong> felbont\u00e1st k\u00edn\u00e1l, <strong>2256&#215;1504<\/strong> az \u00e9l\u00e9nk tisztas\u00e1g \u00e9rdek\u00e9ben. A <strong>f\u00e9nyes fel\u00fclettel<\/strong> ez az <strong>\u00e9rint\u00e9smentes<\/strong> kijelz\u0151 <strong>k\u00f6nnyen telep\u00edthet\u0151<\/strong> \u00e9s \u00e9rint\u00e9ssel is rendelkezik. <strong>\u00faj<\/strong> term\u00e9k <strong>30 t\u0171s eDP-csatlakoz\u00e1ssal<\/strong> (nem IPS LED), amely alkalmas k\u00fcl\u00f6nf\u00e9le kompatibilis eszk\u00f6z\u00f6kh\u00f6z <strong>a fels\u0151 \u00e9s als\u00f3 tart\u00f3 nem tartoz\u00e9k<\/strong>.<\/p>\n","protected":false},"featured_media":10717,"template":"","meta":[],"product_brand":[],"product_cat":[86,71],"product_tag":[],"class_list":{"0":"post-10705","1":"product","2":"type-product","3":"status-publish","4":"has-post-thumbnail","6":"product_cat-13-5","7":"product_cat-new-laptop-screens-lcd-panels","9":"first","10":"instock","11":"taxable","12":"shipping-taxable","13":"purchasable","14":"product-type-simple"},"_links":{"self":[{"href":"https:\/\/boreait.com\/hu\/wp-json\/wp\/v2\/product\/10705","targetHints":{"allow":["GET"]}}],"collection":[{"href":"https:\/\/boreait.com\/hu\/wp-json\/wp\/v2\/product"}],"about":[{"href":"https:\/\/boreait.com\/hu\/wp-json\/wp\/v2\/types\/product"}],"wp:featuredmedia":[{"embeddable":true,"href":"https:\/\/boreait.com\/hu\/wp-json\/wp\/v2\/media\/10717"}],"wp:attachment":[{"href":"https:\/\/boreait.com\/hu\/wp-json\/wp\/v2\/media?parent=10705"}],"wp:term":[{"taxonomy":"product_brand","embeddable":true,"href":"https:\/\/boreait.com\/hu\/wp-json\/wp\/v2\/product_brand?post=10705"},{"taxonomy":"product_cat","embeddable":true,"href":"https:\/\/boreait.com\/hu\/wp-json\/wp\/v2\/product_cat?post=10705"},{"taxonomy":"product_tag","embeddable":true,"href":"https:\/\/boreait.com\/hu\/wp-json\/wp\/v2\/product_tag?post=10705"}],"curies":[{"name":"wp","href":"https:\/\/api.w.org\/{rel}","templated":true}]}}