{"id":10704,"date":"2025-09-17T12:58:56","date_gmt":"2025-09-17T10:58:56","guid":{"rendered":"https:\/\/boreait.com\/hu\/?post_type=product&#038;p=10704"},"modified":"2025-09-17T12:59:05","modified_gmt":"2025-09-17T10:59:05","slug":"acer-chromebook-spin-13-cp713-135-lcd-kepernyo-erintesmentes-qhd-30-tus-uj","status":"publish","type":"product","link":"https:\/\/boreait.com\/hu\/termek\/acer-chromebook-spin-13-cp713-135-lcd-kepernyo-erintesmentes-qhd-30-tus-uj\/","title":{"rendered":"Acer Chromebook Spin 13 CP713 13,5&#8243; LCD k\u00e9perny\u0151, \u00e9rint\u00e9smentes QHD, 30 t\u0171s, \u00faj"},"content":{"rendered":"<p><strong>T\u00e9nyleges LCD-k\u00e9perny\u0151s modell: NE135FBM-N41 V8.1 \u2013 TELJESEN KOMPATIBILIS A LAPTOP K\u00c9PERNY\u0150VEL Acer ChromeBook Spin 13 CP713 sorozat<\/strong><\/p>\n<p>Friss\u00edtse Acer Chromebook Spin 13 CP713 sorozat\u00e1t ezzel a kiv\u00e1l\u00f3 min\u0151s\u00e9g\u0171, 13,5&#8243;-es LCD-k\u00e9perny\u0151 cser\u00e9j\u00e9vel. A prec\u00edzi\u00f3ra tervezett, \u00e9rint\u00e9smentes kijelz\u0151 30 t\u0171s eDP-csatlakoz\u00f3val rendelkezik, \u00e9s \u00e9l\u00e9nk 2256&#215;1504-es QHD-felbont\u00e1ssal \u00e9s S-RGB-vel, \u00edgy ide\u00e1lis sz\u00ednmegjelen\u00edt\u00e9si \u00e9lm\u00e9nyt ny\u00fajt. j\u00e1t\u00e9k Ez a k\u00e9perny\u0151 t\u00f6k\u00e9letesen illeszkedik a Chromebookhoz, \u00e9s egyszer\u0171 telep\u00edt\u00e9st k\u00edn\u00e1l a nagyobb k\u00e9nyelem \u00e9rdek\u00e9ben. A k\u00e9perny\u0151 teljesen \u00faj \u00e1llapotban van, \u00e9s nincs benne fels\u0151 \u00e9s als\u00f3 tart\u00f3.<\/p>\n","protected":false},"excerpt":{"rendered":"<p>Cser\u00e9lje le Acer Chromebook Spin 13 CP713 sorozat\u00fa LCD-j\u00e9t erre a 13,5 h\u00fcvelykes, \u00e9rint\u00e9smentes, f\u00e9nyes QHD k\u00e9perny\u0151re. \u00daj, k\u00e9toldalas ragaszt\u00f3val, tart\u00f3 n\u00e9lk\u00fcl.<\/p>\n<p>&nbsp;<\/p>\n","protected":false},"featured_media":10717,"template":"","meta":[],"product_brand":[],"product_cat":[86,71],"product_tag":[],"class_list":{"0":"post-10704","1":"product","2":"type-product","3":"status-publish","4":"has-post-thumbnail","6":"product_cat-13-5","7":"product_cat-new-laptop-screens-lcd-panels","9":"first","10":"instock","11":"taxable","12":"shipping-taxable","13":"purchasable","14":"product-type-simple"},"_links":{"self":[{"href":"https:\/\/boreait.com\/hu\/wp-json\/wp\/v2\/product\/10704","targetHints":{"allow":["GET"]}}],"collection":[{"href":"https:\/\/boreait.com\/hu\/wp-json\/wp\/v2\/product"}],"about":[{"href":"https:\/\/boreait.com\/hu\/wp-json\/wp\/v2\/types\/product"}],"wp:featuredmedia":[{"embeddable":true,"href":"https:\/\/boreait.com\/hu\/wp-json\/wp\/v2\/media\/10717"}],"wp:attachment":[{"href":"https:\/\/boreait.com\/hu\/wp-json\/wp\/v2\/media?parent=10704"}],"wp:term":[{"taxonomy":"product_brand","embeddable":true,"href":"https:\/\/boreait.com\/hu\/wp-json\/wp\/v2\/product_brand?post=10704"},{"taxonomy":"product_cat","embeddable":true,"href":"https:\/\/boreait.com\/hu\/wp-json\/wp\/v2\/product_cat?post=10704"},{"taxonomy":"product_tag","embeddable":true,"href":"https:\/\/boreait.com\/hu\/wp-json\/wp\/v2\/product_tag?post=10704"}],"curies":[{"name":"wp","href":"https:\/\/api.w.org\/{rel}","templated":true}]}}