{"id":10703,"date":"2025-09-17T12:58:56","date_gmt":"2025-09-17T10:58:56","guid":{"rendered":"https:\/\/boreait.com\/hu\/?post_type=product&#038;p=10703"},"modified":"2025-09-17T12:59:05","modified_gmt":"2025-09-17T10:59:05","slug":"135-lcd-kepernyo-kl-1350e-002-qhd-2256x1504-erintesmentes-30-tus-led-s-rgb-uj","status":"publish","type":"product","link":"https:\/\/boreait.com\/hu\/termek\/135-lcd-kepernyo-kl-1350e-002-qhd-2256x1504-erintesmentes-30-tus-led-s-rgb-uj\/","title":{"rendered":"13,5&#8243; LCD k\u00e9perny\u0151 KL.1350E.002 QHD 2256&#215;1504 \u00e9rint\u00e9smentes 30 t\u0171s LED S-RGB \u00daj"},"content":{"rendered":"<p><strong>T\u00e9nyleges LCD-k\u00e9perny\u0151s modell: NE135FBM-N41 V8.1 \u2013 TELJESEN KOMPATIBILIS A KL.1350E.002 LAPTOP K\u00c9PERNY\u0150VEL<\/strong><\/p>\n<p>Friss\u00edtse eszk\u00f6z\u00e9t a kiv\u00e1l\u00f3 min\u0151s\u00e9g\u0171 <strong>13,5 h\u00fcvelykes LCD-k\u00e9perny\u0151vel KL.1350E.002<\/strong>. Ez a nem \u00e9rint\u0151k\u00e9perny\u0151 f\u00e9nyes fel\u00fclettel rendelkezik, \u00e9l\u00e9nk \u00e9s \u00e9les k\u00e9pet biztos\u00edt <strong>2256 \u00d7 1504-es QHD felbont\u00e1ssal<\/strong>. 30 t\u0171s ccRG-kapcsolattal rendelkezik, \u00e9s 30 t\u0171s ccRG-csatlakoz\u00e1ssal rendelkezik. ide\u00e1lis az \u00e1tl\u00e1tsz\u00f3 \u00e9s f\u00e9nyes kijelz\u0151kh\u00f6z. A k\u00e9perny\u0151 k\u00e9toldalas \u00f6ntapad\u00f3s szalaggal rendelkezik az egyszer\u0171 telep\u00edt\u00e9s \u00e9rdek\u00e9ben, \u00e9s <strong>nem IPS<\/strong> \u00e9s <strong>LED<\/strong> m\u0171k\u00f6dik, kiv\u00e1l\u00f3 kontrasztot \u00e9s f\u00e9nyer\u0151t k\u00edn\u00e1l a mindennapi haszn\u00e1latra.<\/p>\n","protected":false},"excerpt":{"rendered":"<p>Vadonat\u00faj <strong>13,5&#8243; LCD k\u00e9perny\u0151 KL.1350E.002<\/strong> <strong>QHD felbont\u00e1ssal<\/strong> (2256 \u00d7 1504), f\u00e9nyes fel\u00fclettel \u00e9s k\u00e9toldalas \u00f6ntapad\u00f3 szalaggal. \u00c9rint\u00e9smentes, nem IPS, LED, 30 t\u0171s, <strong>S-RGB<\/strong>.<\/p>\n","protected":false},"featured_media":10717,"template":"","meta":[],"product_brand":[],"product_cat":[86,71],"product_tag":[],"class_list":{"0":"post-10703","1":"product","2":"type-product","3":"status-publish","4":"has-post-thumbnail","6":"product_cat-13-5","7":"product_cat-new-laptop-screens-lcd-panels","9":"first","10":"instock","11":"taxable","12":"shipping-taxable","13":"purchasable","14":"product-type-simple"},"_links":{"self":[{"href":"https:\/\/boreait.com\/hu\/wp-json\/wp\/v2\/product\/10703","targetHints":{"allow":["GET"]}}],"collection":[{"href":"https:\/\/boreait.com\/hu\/wp-json\/wp\/v2\/product"}],"about":[{"href":"https:\/\/boreait.com\/hu\/wp-json\/wp\/v2\/types\/product"}],"wp:featuredmedia":[{"embeddable":true,"href":"https:\/\/boreait.com\/hu\/wp-json\/wp\/v2\/media\/10717"}],"wp:attachment":[{"href":"https:\/\/boreait.com\/hu\/wp-json\/wp\/v2\/media?parent=10703"}],"wp:term":[{"taxonomy":"product_brand","embeddable":true,"href":"https:\/\/boreait.com\/hu\/wp-json\/wp\/v2\/product_brand?post=10703"},{"taxonomy":"product_cat","embeddable":true,"href":"https:\/\/boreait.com\/hu\/wp-json\/wp\/v2\/product_cat?post=10703"},{"taxonomy":"product_tag","embeddable":true,"href":"https:\/\/boreait.com\/hu\/wp-json\/wp\/v2\/product_tag?post=10703"}],"curies":[{"name":"wp","href":"https:\/\/api.w.org\/{rel}","templated":true}]}}