{"id":10702,"date":"2025-09-17T12:58:56","date_gmt":"2025-09-17T10:58:56","guid":{"rendered":"https:\/\/boreait.com\/hu\/?post_type=product&#038;p=10702"},"modified":"2025-09-17T12:59:05","modified_gmt":"2025-09-17T10:59:05","slug":"acer-swift-3-sf313-52-lcd-kepernyo-135-qhd-2256x1504-fenyes-30-tus-uj","status":"publish","type":"product","link":"https:\/\/boreait.com\/hu\/termek\/acer-swift-3-sf313-52-lcd-kepernyo-135-qhd-2256x1504-fenyes-30-tus-uj\/","title":{"rendered":"Acer Swift 3 SF313-52 LCD k\u00e9perny\u0151 13,5&#8243; QHD 2256&#215;1504 F\u00e9nyes 30 t\u0171s \u00daj"},"content":{"rendered":"<p><strong>T\u00e9nyleges LCD-k\u00e9perny\u0151s modell: NE135FBM-N41 V8.1 \u2013 TELJESEN KOMPATIBILIS A LAPTOP Acer Swift 3 SF313-52 LAPTOP K\u00c9PERNY\u0150J\u00c9VEL \u2013 \u00e9rint\u00e9smentes<\/strong><\/p>\n<p>Kedd \u00e9letre Acer Swift 3 SF313-52-j\u00e9t egy vadonat\u00faj, 13,5&#8243;-es LCD-k\u00e9perny\u0151vel, amely leny\u0171g\u00f6z\u0151, 2256 \u00d7 1504-es QHD felbont\u00e1st k\u00edn\u00e1l az \u00e9les, r\u00e9szletgazdag k\u00e9pek\u00e9rt. Az S-RGB sz\u00ednprofillal tervezett k\u00e9perny\u0151 gazdag \u00e9s \u00e9l\u00e9nk sz\u00edneket biztos\u00edt, fokozza a megtekint\u00e9si \u00e9lm\u00e9nyt, kiv\u00e1l\u00f3 f\u00e9nyer\u0151t \u00e9s tisztas\u00e1got biztos\u00edt. a l\u00e1tv\u00e1ny kiemel\u00e9se.<\/p>\n<p>Ez a k\u00e9perny\u0151 egy 30 t\u0171s eDP-csatlakoz\u00f3t tartalmaz, amely megb\u00edzhat\u00f3 kapcsolatot biztos\u00edt, \u00e9s fels\u0151 \u00e9s als\u00f3 konzolok n\u00e9lk\u00fcl \u00e1ll rendelkez\u00e9sre. A beszerel\u00e9st leegyszer\u0171s\u00edti a mell\u00e9kelt k\u00e9toldalas \u00f6ntapad\u00f3 szalag, amely biztons\u00e1gos r\u00f6gz\u00edt\u00e9st tesz lehet\u0151v\u00e9 a k\u00e9sz\u00fcl\u00e9khez. Ide\u00e1lis v\u00e1laszt\u00e1s mindazok sz\u00e1m\u00e1ra, akiknek j\u00f3 min\u0151s\u00e9g\u0171 cserek\u00e9perny\u0151re van sz\u00fcks\u00e9g\u00fck, amely meg\u0151rzi Acer Swift 3 eszt\u00e9tik\u00e1j\u00e1t \u00e9s teljes\u00edtm\u00e9ny\u00e9t.<\/p>\n<p>K\u00e9rj\u00fck, vegye figyelembe, hogy ez egy nem IPS, nem \u00e9rint\u0151k\u00e9perny\u0151. \u00c1llapot: vadonat\u00faj, \u00edgy az optim\u00e1lis teljes\u00edtm\u00e9nyre k\u00e9sz term\u00e9ket kap.<\/p>\n","protected":false},"excerpt":{"rendered":"<p>Cser\u00e9lje vagy friss\u00edtse Acer Swift 3 SF313-52 kijelz\u0151j\u00e9t ezzel az \u00faj, 13,5&#8243;-es QHD LCD k\u00e9perny\u0151vel. F\u00e9nyes fel\u00fclettel, S-RGB sz\u00ednmin\u0151s\u00e9ggel \u00e9s 2256 \u00d7 1504 felbont\u00e1ssal rendelkezik az \u00e9l\u00e9nk l\u00e1tv\u00e1ny \u00e9rdek\u00e9ben. A k\u00e9toldalas ragaszt\u00f3szalagot mell\u00e9kelt\u00e9k az egyszer\u0171 telep\u00edt\u00e9s \u00e9rdek\u00e9ben. \u00c1llapot: \u00daj.<\/p>\n","protected":false},"featured_media":10717,"template":"","meta":[],"product_brand":[],"product_cat":[86,71],"product_tag":[],"class_list":{"0":"post-10702","1":"product","2":"type-product","3":"status-publish","4":"has-post-thumbnail","6":"product_cat-13-5","7":"product_cat-new-laptop-screens-lcd-panels","9":"first","10":"instock","11":"taxable","12":"shipping-taxable","13":"purchasable","14":"product-type-simple"},"_links":{"self":[{"href":"https:\/\/boreait.com\/hu\/wp-json\/wp\/v2\/product\/10702","targetHints":{"allow":["GET"]}}],"collection":[{"href":"https:\/\/boreait.com\/hu\/wp-json\/wp\/v2\/product"}],"about":[{"href":"https:\/\/boreait.com\/hu\/wp-json\/wp\/v2\/types\/product"}],"wp:featuredmedia":[{"embeddable":true,"href":"https:\/\/boreait.com\/hu\/wp-json\/wp\/v2\/media\/10717"}],"wp:attachment":[{"href":"https:\/\/boreait.com\/hu\/wp-json\/wp\/v2\/media?parent=10702"}],"wp:term":[{"taxonomy":"product_brand","embeddable":true,"href":"https:\/\/boreait.com\/hu\/wp-json\/wp\/v2\/product_brand?post=10702"},{"taxonomy":"product_cat","embeddable":true,"href":"https:\/\/boreait.com\/hu\/wp-json\/wp\/v2\/product_cat?post=10702"},{"taxonomy":"product_tag","embeddable":true,"href":"https:\/\/boreait.com\/hu\/wp-json\/wp\/v2\/product_tag?post=10702"}],"curies":[{"name":"wp","href":"https:\/\/api.w.org\/{rel}","templated":true}]}}