{"id":10701,"date":"2025-09-17T12:58:56","date_gmt":"2025-09-17T10:58:56","guid":{"rendered":"https:\/\/boreait.com\/hu\/?post_type=product&#038;p=10701"},"modified":"2025-09-17T12:59:05","modified_gmt":"2025-09-17T10:59:05","slug":"acer-swift-3-n19h3-lcd-kepernyo-135-qhd-2256x1504-fenyes-erintesmentes-uj","status":"publish","type":"product","link":"https:\/\/boreait.com\/hu\/termek\/acer-swift-3-n19h3-lcd-kepernyo-135-qhd-2256x1504-fenyes-erintesmentes-uj\/","title":{"rendered":"Acer Swift 3 N19H3 LCD k\u00e9perny\u0151 13,5&#8243; QHD 2256\u00d71504 f\u00e9nyes, \u00e9rint\u00e9smentes \u00daj"},"content":{"rendered":"<p><strong>T\u00e9nyleges LCD-k\u00e9perny\u0151s modell: NE135FBM-N41 V8.1 \u2013 TELJESEN KOMPATIBILIS A LAPTOP Acer Swift 3 N19H3 LAPTOP K\u00c9PERNY\u0150J\u00c9VEL \u2013 \u00e9rint\u00e9smentes<\/strong><\/p>\n<p>Fokozza az Acer Swift 3 N19H3-at ezzel a kiv\u00e1l\u00f3 min\u0151s\u00e9g\u0171 13,5&#8243;-es LCD-k\u00e9perny\u0151vel, amelyet \u00fagy terveztek, hogy \u00e9les \u00e9s \u00e9l\u00e9nk megjelen\u00edt\u00e9st biztos\u00edtson. A 2256 \u00d7 1504 QHD felbont\u00e1s\u00fa k\u00e9perny\u0151 kiv\u00e9teles k\u00e9ptisztas\u00e1got biztos\u00edt, \u00edgy t\u00f6k\u00e9letes mind a munk\u00e1hoz, mind a sz\u00f3rakoz\u00e1shoz. A f\u00e9nyes fel\u00fclet biztos\u00edtja az \u00e9les kontrasztot \u00e9s az \u00e9l\u00e9nk sz\u00edneket, m\u00edg az Sccccura \u00e9l\u00e9nk sz\u00edneket.<\/p>\n<p>Ez a k\u00e9perny\u0151 30 t\u0171s csatlakoz\u00f3val rendelkezik, \u00e9s kompatibilis az eDP technol\u00f3gi\u00e1val, \u00edgy stabil kapcsolatot biztos\u00edt az eszk\u00f6zzel. Noha nem IPS, m\u00e9gis kiv\u00e1l\u00f3 vizu\u00e1lis teljes\u00edtm\u00e9nyt ny\u00fajt a mindennapi feladatokhoz. A k\u00e9perny\u0151 fels\u0151 \u00e9s als\u00f3 konzolok n\u00e9lk\u00fcl k\u00e9sz\u00fcl, de k\u00e9toldalas \u00f6ntapad\u00f3 szalagot tartalmaz az egyszer\u0171 \u00e9s biztons\u00e1gos felszerel\u00e9s \u00e9rdek\u00e9ben.<\/p>\n<p>K\u00e9rj\u00fck, vegye figyelembe, hogy ez az LCD-k\u00e9perny\u0151 vadonat\u00faj \u00e9s hibamentes, \u00edgy \u00d6n egy kiv\u00e1l\u00f3 min\u0151s\u00e9g\u0171 term\u00e9ket kap, amely k\u00e9szen \u00e1ll a telep\u00edt\u00e9sre.<\/p>\n","protected":false},"excerpt":{"rendered":"<p>Friss\u00edtse Acer Swift 3 N19H3 k\u00e9sz\u00fcl\u00e9k\u00e9t ezzel a 13,5 h\u00fcvelykes LCD-k\u00e9perny\u0151vel, amely leny\u0171g\u00f6z\u0151 QHD 2256\u00d71504 felbont\u00e1ssal, f\u00e9nyes fel\u00fclettel \u00e9s S-RGB sz\u00ednpontoss\u00e1ggal rendelkezik. K\u00e9toldalas \u00f6ntapad\u00f3 szalagot tartalmaz az egyszer\u0171 telep\u00edt\u00e9s \u00e9rdek\u00e9ben. \u00c1llapot: \u00faj.<\/p>\n","protected":false},"featured_media":10717,"template":"","meta":[],"product_brand":[],"product_cat":[86,71],"product_tag":[],"class_list":{"0":"post-10701","1":"product","2":"type-product","3":"status-publish","4":"has-post-thumbnail","6":"product_cat-13-5","7":"product_cat-new-laptop-screens-lcd-panels","9":"first","10":"instock","11":"taxable","12":"shipping-taxable","13":"purchasable","14":"product-type-simple"},"_links":{"self":[{"href":"https:\/\/boreait.com\/hu\/wp-json\/wp\/v2\/product\/10701","targetHints":{"allow":["GET"]}}],"collection":[{"href":"https:\/\/boreait.com\/hu\/wp-json\/wp\/v2\/product"}],"about":[{"href":"https:\/\/boreait.com\/hu\/wp-json\/wp\/v2\/types\/product"}],"wp:featuredmedia":[{"embeddable":true,"href":"https:\/\/boreait.com\/hu\/wp-json\/wp\/v2\/media\/10717"}],"wp:attachment":[{"href":"https:\/\/boreait.com\/hu\/wp-json\/wp\/v2\/media?parent=10701"}],"wp:term":[{"taxonomy":"product_brand","embeddable":true,"href":"https:\/\/boreait.com\/hu\/wp-json\/wp\/v2\/product_brand?post=10701"},{"taxonomy":"product_cat","embeddable":true,"href":"https:\/\/boreait.com\/hu\/wp-json\/wp\/v2\/product_cat?post=10701"},{"taxonomy":"product_tag","embeddable":true,"href":"https:\/\/boreait.com\/hu\/wp-json\/wp\/v2\/product_tag?post=10701"}],"curies":[{"name":"wp","href":"https:\/\/api.w.org\/{rel}","templated":true}]}}