{"id":10700,"date":"2025-09-17T12:58:56","date_gmt":"2025-09-17T10:58:56","guid":{"rendered":"https:\/\/boreait.com\/hu\/?post_type=product&#038;p=10700"},"modified":"2025-09-17T12:59:04","modified_gmt":"2025-09-17T10:59:04","slug":"acer-swift-3-sf313-53-135-qhd-lcd-kepernyo-2256x1504-edp-30-tus-erintesmentes-uj","status":"publish","type":"product","link":"https:\/\/boreait.com\/hu\/termek\/acer-swift-3-sf313-53-135-qhd-lcd-kepernyo-2256x1504-edp-30-tus-erintesmentes-uj\/","title":{"rendered":"Acer Swift 3 SF313-53 13,5&#8243; QHD LCD k\u00e9perny\u0151 2256&#215;1504 eDP 30 t\u0171s \u00e9rint\u00e9smentes \u00daj"},"content":{"rendered":"<p><strong>T\u00e9nyleges LCD-k\u00e9perny\u0151s modell: NE135FBM-N41 V8.1 \u2013 TELJESEN KOMPATIBILIS A LAPTOP K\u00c9PERNY\u0150J\u00c9VEL Acer Swift 3 SF313-53-7165 526M 78UG 79HQ 557C \u2013 \u00e9rint\u00e9smentes<\/strong><\/p>\n<p>Friss\u00edtse Acer Swift 3 SF313-53-7165-j\u00e9t ezzel a kiv\u00e1l\u00f3 min\u0151s\u00e9g\u0171 13,5&#8243;-es LCD-k\u00e9perny\u0151vel, amely t\u00f6k\u00e9letes azok sz\u00e1m\u00e1ra, akik tiszta \u00e9s \u00e9l\u00e9nk l\u00e1tv\u00e1nyt keresnek. A k\u00e9perny\u0151 leny\u0171g\u00f6z\u0151, 2256 \u00d7 1504-es QHD felbont\u00e1ssal rendelkezik, amely \u00e9les, tiszta k\u00e9peket \u00e9s gazdag sz\u00edneket biztos\u00edt. Ide\u00e1lis f\u00e9nyes, f\u00e9nyes, f\u00e9nyes kijelz\u0151t biztos\u00edt.<\/p>\n<p>EDP 30 t\u0171s csatlakoz\u00f3val ez a k\u00e9perny\u0151 megb\u00edzhat\u00f3 \u00e9s stabil kapcsolatot biztos\u00edt. K\u00e9toldalas \u00f6ntapad\u00f3 szalagot is tartalmaz a probl\u00e9mamentes telep\u00edt\u00e9s \u00e9rdek\u00e9ben, amely lehet\u0151v\u00e9 teszi a s\u00e9r\u00fclt k\u00e9perny\u0151 gyors \u00e9s egyszer\u0171 cser\u00e9j\u00e9t. A k\u00e9perny\u0151 nem \u00e9rint\u00e9sk\u00e9pes, \u00e9s nem tartalmaz fels\u0151 vagy als\u00f3 tart\u00f3t, de egy\u00e9bk\u00e9nt t\u00f6k\u00e9letesen illeszkedik az Acer Swift 3 SF313-53-7165 modellekhez (526M, 78UG, 79HQ, 557C).<\/p>\n<p>K\u00e9rj\u00fck, vegye figyelembe, hogy ez a k\u00e9perny\u0151 LED technol\u00f3gi\u00e1t haszn\u00e1l, S-RGB sz\u00ednsk\u00e1la van, \u00e9s nem IPS. Teljesen \u00fajszer\u0171 \u00e1llapotban van, k\u00e9szen \u00e1ll arra, hogy \u00fajszer\u0171 megjelen\u00edt\u00e9si \u00e9lm\u00e9nyt ny\u00fajtson.<\/p>\n","protected":false},"excerpt":{"rendered":"<p>Cser\u00e9lje ki Acer Swift 3 SF313-53-7165 LCD k\u00e9perny\u0151j\u00e9t erre a 13,5&#8243;-es QHD panelre. F\u00e9nyes fel\u00fclettel, 2256 \u00d7 1504 felbont\u00e1ssal \u00e9s 30 t\u0171s eDP csatlakoz\u00f3val rendelkezik. K\u00e9toldalas ragaszt\u00f3szalagot mell\u00e9kel\u00fcnk az egyszer\u0171 telep\u00edt\u00e9s \u00e9rdek\u00e9ben. \u00c1llapot: \u00daj.<\/p>\n","protected":false},"featured_media":10717,"template":"","meta":[],"product_brand":[],"product_cat":[86,71],"product_tag":[],"class_list":{"0":"post-10700","1":"product","2":"type-product","3":"status-publish","4":"has-post-thumbnail","6":"product_cat-13-5","7":"product_cat-new-laptop-screens-lcd-panels","9":"first","10":"instock","11":"taxable","12":"shipping-taxable","13":"purchasable","14":"product-type-simple"},"_links":{"self":[{"href":"https:\/\/boreait.com\/hu\/wp-json\/wp\/v2\/product\/10700","targetHints":{"allow":["GET"]}}],"collection":[{"href":"https:\/\/boreait.com\/hu\/wp-json\/wp\/v2\/product"}],"about":[{"href":"https:\/\/boreait.com\/hu\/wp-json\/wp\/v2\/types\/product"}],"wp:featuredmedia":[{"embeddable":true,"href":"https:\/\/boreait.com\/hu\/wp-json\/wp\/v2\/media\/10717"}],"wp:attachment":[{"href":"https:\/\/boreait.com\/hu\/wp-json\/wp\/v2\/media?parent=10700"}],"wp:term":[{"taxonomy":"product_brand","embeddable":true,"href":"https:\/\/boreait.com\/hu\/wp-json\/wp\/v2\/product_brand?post=10700"},{"taxonomy":"product_cat","embeddable":true,"href":"https:\/\/boreait.com\/hu\/wp-json\/wp\/v2\/product_cat?post=10700"},{"taxonomy":"product_tag","embeddable":true,"href":"https:\/\/boreait.com\/hu\/wp-json\/wp\/v2\/product_tag?post=10700"}],"curies":[{"name":"wp","href":"https:\/\/api.w.org\/{rel}","templated":true}]}}