{"id":10699,"date":"2025-09-17T12:58:56","date_gmt":"2025-09-17T10:58:56","guid":{"rendered":"https:\/\/boreait.com\/hu\/?post_type=product&#038;p=10699"},"modified":"2025-09-17T12:59:04","modified_gmt":"2025-09-17T10:59:04","slug":"ne135fbm-n41-v8-1-lcd-135-qhd-fenyes-2256x1504-erintesmentes-30-tus-uj","status":"publish","type":"product","link":"https:\/\/boreait.com\/hu\/termek\/ne135fbm-n41-v8-1-lcd-135-qhd-fenyes-2256x1504-erintesmentes-30-tus-uj\/","title":{"rendered":"NE135FBM-N41 V8.1 LCD 13,5&#8243; QHD f\u00e9nyes 2256&#215;1504 \u00e9rint\u00e9smentes 30 t\u0171s \u00daj"},"content":{"rendered":"<p>Fejlessze laptopja kijelz\u0151j\u00e9t az NE135FBM-N41 V8.1 13,5 h\u00fcvelykes LCD-k\u00e9perny\u0151vel, amelyet kiemelked\u0151 tisztas\u00e1gra \u00e9s \u00e9l\u00e9nk sz\u00ednekre terveztek. Ez a kiv\u00e1l\u00f3 min\u0151s\u00e9g\u0171 k\u00e9perny\u0151 2256 \u00d7 1504 QHD felbont\u00e1ssal b\u00fcszk\u00e9lkedhet, \u00e9les, r\u00e9szletgazdag l\u00e1tv\u00e1nyt \u00e9s f\u00e9nyes fel\u00fcletet k\u00edn\u00e1lva, amely jav\u00edtja az \u00e1ltal\u00e1nos k\u00e9pmin\u0151s\u00e9get. Az S-RGB-vel val\u00f3di sz\u00edneket \u00e9s \u00e9leth\u0171 sz\u00edneket biztos\u00edt. tapasztalattal, \u00edgy ide\u00e1lis a pontoss\u00e1got ig\u00e9nyl\u0151 feladatokhoz.<\/p>\n<p>A 30 t\u0171s eDP-csatlakoz\u00e1s biztons\u00e1gos \u00e9s stabil csatlakoz\u00e1st biztos\u00edt, m\u00edg a mell\u00e9kelt k\u00e9toldalas \u00f6ntapad\u00f3 szalag leegyszer\u0171s\u00edti a telep\u00edt\u00e9st, egyszer\u0171 haszn\u00e1latot biztos\u00edt tov\u00e1bbi szersz\u00e1mok n\u00e9lk\u00fcl. Ez a k\u00e9perny\u0151 \u00e9rint\u00e9smentes, \u00e9s nem tartalmaz fels\u0151 \u00e9s als\u00f3 tart\u00f3t, \u00edgy eleg\u00e1ns, minimalista kialak\u00edt\u00e1st k\u00edn\u00e1l, amely t\u00f6k\u00e9letes laptop cser\u00e9hez vagy friss\u00edt\u00e9shez.<\/p>\n<p>K\u00e9rj\u00fck, vegye figyelembe, hogy a k\u00e9perny\u0151 nem IPS, de tov\u00e1bbra is tiszta \u00e9s egys\u00e9ges vizu\u00e1lis \u00e9lm\u00e9nyt ny\u00fajt. Ez az LCD k\u00e9perny\u0151 vadonat\u00faj \u00e1llapotban van, optim\u00e1lis teljes\u00edtm\u00e9nyt biztos\u00edt beszerel\u00e9skor.<\/p>\n","protected":false},"excerpt":{"rendered":"<p>Friss\u00edtse laptopj\u00e1t az NE135FBM-N41 V8.1 13,5&#8243;-es LCD-k\u00e9perny\u0151vel. F\u00e9nyes fel\u00fclettel, QHD felbont\u00e1ssal (2256&#215;1504) \u00e9s S-RGB sz\u00ednpontoss\u00e1ggal, \u00e9l\u00e9nk l\u00e1tv\u00e1nyt ny\u00fajt. K\u00e9toldalas \u00f6ntapad\u00f3 szalagot tartalmaz az egyszer\u0171 telep\u00edt\u00e9s \u00e9rdek\u00e9ben. \u00c1llapot:.<\/p>\n","protected":false},"featured_media":10717,"template":"","meta":[],"product_brand":[],"product_cat":[86,71],"product_tag":[],"class_list":{"0":"post-10699","1":"product","2":"type-product","3":"status-publish","4":"has-post-thumbnail","6":"product_cat-13-5","7":"product_cat-new-laptop-screens-lcd-panels","9":"first","10":"instock","11":"taxable","12":"shipping-taxable","13":"purchasable","14":"product-type-simple"},"_links":{"self":[{"href":"https:\/\/boreait.com\/hu\/wp-json\/wp\/v2\/product\/10699","targetHints":{"allow":["GET"]}}],"collection":[{"href":"https:\/\/boreait.com\/hu\/wp-json\/wp\/v2\/product"}],"about":[{"href":"https:\/\/boreait.com\/hu\/wp-json\/wp\/v2\/types\/product"}],"wp:featuredmedia":[{"embeddable":true,"href":"https:\/\/boreait.com\/hu\/wp-json\/wp\/v2\/media\/10717"}],"wp:attachment":[{"href":"https:\/\/boreait.com\/hu\/wp-json\/wp\/v2\/media?parent=10699"}],"wp:term":[{"taxonomy":"product_brand","embeddable":true,"href":"https:\/\/boreait.com\/hu\/wp-json\/wp\/v2\/product_brand?post=10699"},{"taxonomy":"product_cat","embeddable":true,"href":"https:\/\/boreait.com\/hu\/wp-json\/wp\/v2\/product_cat?post=10699"},{"taxonomy":"product_tag","embeddable":true,"href":"https:\/\/boreait.com\/hu\/wp-json\/wp\/v2\/product_tag?post=10699"}],"curies":[{"name":"wp","href":"https:\/\/api.w.org\/{rel}","templated":true}]}}