{"id":10698,"date":"2025-09-17T12:58:56","date_gmt":"2025-09-17T10:58:56","guid":{"rendered":"https:\/\/boreait.com\/hu\/?post_type=product&#038;p=10698"},"modified":"2025-09-17T12:59:03","modified_gmt":"2025-09-17T10:59:03","slug":"0wcdnh-116-lcd-kepernyo-1366x768-hd-matt-led-30-tus-erintesmentes-konzolokkal","status":"publish","type":"product","link":"https:\/\/boreait.com\/hu\/termek\/0wcdnh-116-lcd-kepernyo-1366x768-hd-matt-led-30-tus-erintesmentes-konzolokkal\/","title":{"rendered":"0WCDNH 11,6&#8243; LCD k\u00e9perny\u0151 1366&#215;768 HD matt LED 30 t\u0171s \u00e9rint\u00e9smentes, konzolokkal"},"content":{"rendered":"<p><strong>T\u00e9nyleges LCD-k\u00e9perny\u0151s modell: MB116AN01-3, 1.1 \u2013 TELJESEN KOMPATIBILIS A 0WCDNH LAPTOP K\u00c9PERNY\u0150VEL<\/strong><\/p>\n<p>Fokozza laptopja kijelz\u0151j\u00e9t a 0WCDNH 11,6&#8243;-es LCD-k\u00e9perny\u0151vel, amely tiszta \u00e9s \u00e9l\u00e9nk l\u00e1tv\u00e1nyt ny\u00fajt. Az 1366&#215;768 HD felbont\u00e1s\u00fa sz\u00e9lesv\u00e1szn\u00fa kijelz\u0151 \u00e9les k\u00e9peket k\u00edn\u00e1l, t\u00f6k\u00e9letes a mindennapi haszn\u00e1latra. A matt fel\u00fclet cs\u00f6kkenti a t\u00fckr\u00f6z\u0151d\u00e9st, \u00edgy ide\u00e1lis a k\u00fcl\u00f6nf\u00e9le megvil\u00e1g\u00edt\u00e1si k\u00f6r\u00fclm\u00e9nyek k\u00f6z\u00f6tt v\u00e9gzett munk\u00e1hoz, m\u00edg a 30 t\u0171s eDP-csatlakoz\u00f3k biztons\u00e1gos csatlakoz\u00e1s\u00e1t biztos\u00edtj\u00e1k.<\/p>\n<p>Ez a k\u00e9perny\u0151 bal \u00e9s jobb oldali z\u00e1r\u00f3jelekkel \u00e9rkezik, \u00edgy a telep\u00edt\u00e9s probl\u00e9mamentes. Ez egy \u00e9rint\u00e9smentes kijelz\u0151, t\u00f6k\u00e9letes norm\u00e1l laptop haszn\u00e1latra. B\u00e1r nem IPS, a LED technol\u00f3gia vil\u00e1gos \u00e9s tiszta k\u00e9pet biztos\u00edt. Ak\u00e1r egy t\u00f6r\u00f6tt k\u00e9perny\u0151t cser\u00e9l, ak\u00e1r jobbra friss\u00edt, a 0WCDNH LCD-k\u00e9perny\u0151 megb\u00edzhat\u00f3 v\u00e1laszt\u00e1s.<\/p>\n<p>Ez a k\u00e9perny\u0151 teljesen \u00faj \u00e1llapotban van, \u00edgy hibamentes \u00e9s k\u00e9szen \u00e1ll a telep\u00edt\u00e9sre.<\/p>\n","protected":false},"excerpt":{"rendered":"<p>B\u0151v\u00edtse laptopj\u00e1t a 0WCDNH 11,6&#8243;-os LCD-k\u00e9perny\u0151vel. 1366&#215;768 HD felbont\u00e1s\u00fa, matt fel\u00fclettel \u00e9s 30 t\u0171s eDP-csatlakoz\u00e1ssal tiszta k\u00e9pet k\u00edn\u00e1l. Bal \u00e9s jobb oldali konzollal az egyszer\u0171 telep\u00edt\u00e9s \u00e9rdek\u00e9ben. \u00c1llapot: \u00daj.<\/p>\n","protected":false},"featured_media":10686,"template":"","meta":[],"product_brand":[],"product_cat":[85,71],"product_tag":[],"class_list":{"0":"post-10698","1":"product","2":"type-product","3":"status-publish","4":"has-post-thumbnail","6":"product_cat-11-6-new-laptop-screens-lcd-panels","7":"product_cat-new-laptop-screens-lcd-panels","9":"first","10":"instock","11":"taxable","12":"shipping-taxable","13":"purchasable","14":"product-type-simple"},"_links":{"self":[{"href":"https:\/\/boreait.com\/hu\/wp-json\/wp\/v2\/product\/10698","targetHints":{"allow":["GET"]}}],"collection":[{"href":"https:\/\/boreait.com\/hu\/wp-json\/wp\/v2\/product"}],"about":[{"href":"https:\/\/boreait.com\/hu\/wp-json\/wp\/v2\/types\/product"}],"wp:featuredmedia":[{"embeddable":true,"href":"https:\/\/boreait.com\/hu\/wp-json\/wp\/v2\/media\/10686"}],"wp:attachment":[{"href":"https:\/\/boreait.com\/hu\/wp-json\/wp\/v2\/media?parent=10698"}],"wp:term":[{"taxonomy":"product_brand","embeddable":true,"href":"https:\/\/boreait.com\/hu\/wp-json\/wp\/v2\/product_brand?post=10698"},{"taxonomy":"product_cat","embeddable":true,"href":"https:\/\/boreait.com\/hu\/wp-json\/wp\/v2\/product_cat?post=10698"},{"taxonomy":"product_tag","embeddable":true,"href":"https:\/\/boreait.com\/hu\/wp-json\/wp\/v2\/product_tag?post=10698"}],"curies":[{"name":"wp","href":"https:\/\/api.w.org\/{rel}","templated":true}]}}