{"id":10697,"date":"2025-09-17T12:58:56","date_gmt":"2025-09-17T10:58:56","guid":{"rendered":"https:\/\/boreait.com\/hu\/?post_type=product&#038;p=10697"},"modified":"2025-09-17T12:59:03","modified_gmt":"2025-09-17T10:59:03","slug":"nv116whm-n45-n41-lcd-kepernyo-116-hd-matt-30-tus-konzolokkal-erintesmentes-uj","status":"publish","type":"product","link":"https:\/\/boreait.com\/hu\/termek\/nv116whm-n45-n41-lcd-kepernyo-116-hd-matt-30-tus-konzolokkal-erintesmentes-uj\/","title":{"rendered":"NV116WHM-N45\/N41 LCD k\u00e9perny\u0151 11,6&#8243; HD matt 30 t\u0171s konzolokkal, \u00e9rint\u00e9smentes \u00daj"},"content":{"rendered":"<p><strong>T\u00e9nyleges LCD-k\u00e9perny\u0151s modell: MB116AN01-3, 1.1 \u2013 TELJESEN KOMPATIBILIS AZ NV116WHM-N45 NV116WHM-N41 LAPTOP K\u00c9PERNY\u0150VEL<\/strong><\/p>\n<p>Az NV116WHM-N45\/N41 11,6&#8243;-es LCD-k\u00e9perny\u0151 ide\u00e1lis helyettes\u00edti laptopj\u00e1t, min\u0151s\u00e9gi k\u00e9pet biztos\u00edt HD 1366&#215;768 felbont\u00e1ssal. Ez az \u00e9rint\u00e9smentes kijelz\u0151 tiszta \u00e9s \u00e9les k\u00e9pet k\u00edn\u00e1l, amely t\u00f6k\u00e9letes a napi feladatokhoz, b\u00f6ng\u00e9sz\u00e9shez \u00e9s m\u00e9diamegtekint\u00e9shez. A matt fel\u00fclet cs\u00f6kkenti a f\u00e9nyvisszaver\u0151d\u00e9st \u00e9s a t\u00fckr\u00f6z\u0151d\u00e9st, \u00edgy k\u00e9nyelmes haszn\u00e1latot tesz lehet\u0151v\u00e9.<\/p>\n<p>A 30 t\u0171s eDP-csatlakoz\u00f3val felszerelt LED-k\u00e9perny\u0151 k\u00f6nnyen felszerelhet\u0151, a mell\u00e9kelt bal \u00e9s jobb oldali konzol pedig biztons\u00e1gos r\u00f6gz\u00edt\u00e9st biztos\u00edt. A k\u00e9perny\u0151 nem IPS, megb\u00edzhat\u00f3 vizu\u00e1lis megjelen\u00edt\u00e9st biztos\u00edt gyors v\u00e1laszid\u0151vel \u00e9s hat\u00e9kony teljes\u00edtm\u00e9nnyel.<\/p>\n<p>Ak\u00e1r s\u00e9r\u00fclt k\u00e9perny\u0151t cser\u00e9l, ak\u00e1r friss\u00edt, ez az NV116WHM modell vadonat\u00faj, \u00e9s k\u00e9szen \u00e1ll arra, hogy jav\u00edtsa laptopja megjelen\u00edt\u00e9si min\u0151s\u00e9g\u00e9t.<\/p>\n","protected":false},"excerpt":{"rendered":"<p>Cser\u00e9lje ki laptopja k\u00e9perny\u0151j\u00e9t az NV116WHM-N45\/N41 11,6&#8243; HD matt LCD-re. Ez a nem \u00e9rint\u0151k\u00e9perny\u0151 1366&#215;768 felbont\u00e1s\u00fa, 30 t\u0171s eDP csatlakoz\u00f3val \u00e9s bal\/jobb tart\u00f3kkal a k\u00f6nny\u0171 felszerel\u00e9s \u00e9rdek\u00e9ben. \u00c1llapot: \u00daj.<\/p>\n","protected":false},"featured_media":10686,"template":"","meta":[],"product_brand":[],"product_cat":[85,71],"product_tag":[],"class_list":{"0":"post-10697","1":"product","2":"type-product","3":"status-publish","4":"has-post-thumbnail","6":"product_cat-11-6-new-laptop-screens-lcd-panels","7":"product_cat-new-laptop-screens-lcd-panels","9":"first","10":"instock","11":"taxable","12":"shipping-taxable","13":"purchasable","14":"product-type-simple"},"_links":{"self":[{"href":"https:\/\/boreait.com\/hu\/wp-json\/wp\/v2\/product\/10697","targetHints":{"allow":["GET"]}}],"collection":[{"href":"https:\/\/boreait.com\/hu\/wp-json\/wp\/v2\/product"}],"about":[{"href":"https:\/\/boreait.com\/hu\/wp-json\/wp\/v2\/types\/product"}],"wp:featuredmedia":[{"embeddable":true,"href":"https:\/\/boreait.com\/hu\/wp-json\/wp\/v2\/media\/10686"}],"wp:attachment":[{"href":"https:\/\/boreait.com\/hu\/wp-json\/wp\/v2\/media?parent=10697"}],"wp:term":[{"taxonomy":"product_brand","embeddable":true,"href":"https:\/\/boreait.com\/hu\/wp-json\/wp\/v2\/product_brand?post=10697"},{"taxonomy":"product_cat","embeddable":true,"href":"https:\/\/boreait.com\/hu\/wp-json\/wp\/v2\/product_cat?post=10697"},{"taxonomy":"product_tag","embeddable":true,"href":"https:\/\/boreait.com\/hu\/wp-json\/wp\/v2\/product_tag?post=10697"}],"curies":[{"name":"wp","href":"https:\/\/api.w.org\/{rel}","templated":true}]}}