{"id":10696,"date":"2025-09-17T12:58:55","date_gmt":"2025-09-17T10:58:55","guid":{"rendered":"https:\/\/boreait.com\/hu\/?post_type=product&#038;p=10696"},"modified":"2025-09-17T12:59:03","modified_gmt":"2025-09-17T10:59:03","slug":"n116bca-ea1-116-hd-lcd-laptop-kepernyo-matt-30-tus-konzolokkal-uj","status":"publish","type":"product","link":"https:\/\/boreait.com\/hu\/termek\/n116bca-ea1-116-hd-lcd-laptop-kepernyo-matt-30-tus-konzolokkal-uj\/","title":{"rendered":"N116BCA-EA1 11,6&#8243; HD LCD laptop k\u00e9perny\u0151 matt 30 t\u0171s konzolokkal \u00daj"},"content":{"rendered":"<p><strong>T\u00e9nyleges LCD-k\u00e9perny\u0151s modell: MB116AN01-3, 1.1 \u2013 TELJESEN KOMPATIBILIS AZ N116BCA-EA1 LAPTOP K\u00c9PERNY\u0150VEL<\/strong><\/p>\n<p>Az N116BCA-EA1 11,6&#8243;-es LCD-k\u00e9perny\u0151 t\u00f6k\u00e9letes helyettes\u00edti a kompakt laptopokat, amelyek kiv\u00e1l\u00f3 min\u0151s\u00e9g\u0171 kijelz\u0151re szorulnak. 1366&#215;768 HD felbont\u00e1s\u00e1val ez a k\u00e9perny\u0151 \u00e9les, tiszta k\u00e9pet biztos\u00edt mindennapi haszn\u00e1latra. A matt fel\u00fclet minim\u00e1lisra cs\u00f6kkenti a t\u00fckr\u00f6z\u0151d\u00e9st, \u00edgy ide\u00e1lis k\u00fcl\u00f6nf\u00e9le vil\u00e1g\u00edt\u00e1si k\u00f6rnyezetekben val\u00f3 haszn\u00e1latra, m\u00edg a DP-csatlakoz\u00e1s sz\u00e9les sk\u00e1l\u00e1j\u00e1t biztos\u00edtja a 30 t\u0171s laptopmodellek kompatibilit\u00e1s\u00e1val.<\/p>\n<p>Ez a k\u00e9perny\u0151 bal \u00e9s jobb oldali konzolt tartalmaz a biztons\u00e1gos r\u00f6gz\u00edt\u00e9shez, \u00e9s LED-es h\u00e1tt\u00e9rvil\u00e1g\u00edt\u00e1ssal rendelkezik az energiahat\u00e9kony teljes\u00edtm\u00e9ny \u00e9rdek\u00e9ben. Ez egy nem IPS, nem \u00e9rint\u0151k\u00e9perny\u0151, amelyet \u00fagy terveztek, hogy megb\u00edzhat\u00f3 \u00e9s egyenletes min\u0151s\u00e9get biztos\u00edtson az \u00e9rint\u0151funkci\u00f3k bonyolults\u00e1ga n\u00e9lk\u00fcl.<\/p>\n<p>\u00c1llapot: vadonat\u00faj, hib\u00e1tlan, gy\u00e1rilag friss k\u00e9perny\u0151t biztos\u00edtva azonnali telep\u00edt\u00e9sre k\u00e9szen.<\/p>\n","protected":false},"excerpt":{"rendered":"<p>B\u0151v\u00edtse laptopj\u00e1t az N116BCA-EA1 11,6&#8243;-os sz\u00e9lesv\u00e1szn\u00fa LCD-k\u00e9perny\u0151vel. A HD felbont\u00e1s\u00fa, matt fel\u00fclettel \u00e9s 30 t\u0171s eDP-csatlakoz\u00e1ssal rendelkez\u0151, \u00e9rint\u00e9smentes kijelz\u0151 tiszta k\u00e9pet biztos\u00edt kompakt m\u00e9retben. Bal \u00e9s jobb konzollal \u00e9rkezik. \u00c1llapot: \u00daj.<\/p>\n","protected":false},"featured_media":10686,"template":"","meta":[],"product_brand":[],"product_cat":[85,71],"product_tag":[],"class_list":{"0":"post-10696","1":"product","2":"type-product","3":"status-publish","4":"has-post-thumbnail","6":"product_cat-11-6-new-laptop-screens-lcd-panels","7":"product_cat-new-laptop-screens-lcd-panels","9":"first","10":"instock","11":"taxable","12":"shipping-taxable","13":"purchasable","14":"product-type-simple"},"_links":{"self":[{"href":"https:\/\/boreait.com\/hu\/wp-json\/wp\/v2\/product\/10696","targetHints":{"allow":["GET"]}}],"collection":[{"href":"https:\/\/boreait.com\/hu\/wp-json\/wp\/v2\/product"}],"about":[{"href":"https:\/\/boreait.com\/hu\/wp-json\/wp\/v2\/types\/product"}],"wp:featuredmedia":[{"embeddable":true,"href":"https:\/\/boreait.com\/hu\/wp-json\/wp\/v2\/media\/10686"}],"wp:attachment":[{"href":"https:\/\/boreait.com\/hu\/wp-json\/wp\/v2\/media?parent=10696"}],"wp:term":[{"taxonomy":"product_brand","embeddable":true,"href":"https:\/\/boreait.com\/hu\/wp-json\/wp\/v2\/product_brand?post=10696"},{"taxonomy":"product_cat","embeddable":true,"href":"https:\/\/boreait.com\/hu\/wp-json\/wp\/v2\/product_cat?post=10696"},{"taxonomy":"product_tag","embeddable":true,"href":"https:\/\/boreait.com\/hu\/wp-json\/wp\/v2\/product_tag?post=10696"}],"curies":[{"name":"wp","href":"https:\/\/api.w.org\/{rel}","templated":true}]}}