{"id":10693,"date":"2025-09-17T12:58:55","date_gmt":"2025-09-17T10:58:55","guid":{"rendered":"https:\/\/boreait.com\/hu\/?post_type=product&#038;p=10693"},"modified":"2025-09-17T12:59:01","modified_gmt":"2025-09-17T10:59:01","slug":"b116xtn02-3-b116xtn02-5-lcd-116-1366x768-matt-30-tus-erintesmentes-uj","status":"publish","type":"product","link":"https:\/\/boreait.com\/hu\/termek\/b116xtn02-3-b116xtn02-5-lcd-116-1366x768-matt-30-tus-erintesmentes-uj\/","title":{"rendered":"B116XTN02.3\/B116XTN02.5 LCD 11,6&#8243; 1366&#215;768 matt 30 t\u0171s, \u00e9rint\u00e9smentes \u00daj"},"content":{"rendered":"<p><strong>T\u00e9nyleges LCD-k\u00e9perny\u0151s modell: MB116AN01-3, 1.1 \u2013 TELJESEN KOMPATIBILIS A B116XTN02.3 B116XTN02.5 LAPTOP K\u00c9PERNY\u0150VEL<\/strong><\/p>\n<p>Jav\u00edtsa ki laptopja kijelz\u0151j\u00e9t a B116XTN02.3\/B116XTN02.5 11,6 h\u00fcvelykes LCD-k\u00e9perny\u0151vel, amelyet megb\u00edzhat\u00f3 teljes\u00edtm\u00e9nyre \u00e9s min\u0151s\u00e9gi megjelen\u00edt\u00e9sre terveztek. Ez a k\u00e9perny\u0151 1366&#215;768 HD felbont\u00e1ssal rendelkezik, amely \u00e9les, tiszta k\u00e9peket k\u00edn\u00e1l. A matt fel\u00fclet cs\u00f6kkenti a t\u00fckr\u00f6z\u0151d\u00e9st, \u00e9s m\u00e9g k\u00e9nyelmes k\u00f6rnyezetben is biztos\u00edt DP-t. stabil kapcsolat a k\u00e9sz\u00fcl\u00e9kkel, m\u00edg a k\u00e9perny\u0151 nem IPS technol\u00f3gi\u00e1ja ide\u00e1lis az \u00e1ltal\u00e1nos sz\u00e1m\u00edt\u00e1si feladatokhoz.<\/p>\n<p>Ez az \u00e9rint\u00e9smentes LCD-kijelz\u0151 bal \u00e9s jobb oldali konzollal rendelkezik az egyszer\u0171 telep\u00edt\u00e9s \u00e9s a biztons\u00e1gos illeszked\u00e9s \u00e9rdek\u00e9ben. Ak\u00e1r egy t\u00f6r\u00f6tt k\u00e9perny\u0151t cser\u00e9l, ak\u00e1r egyszer\u0171en friss\u00edti a kijelz\u0151t, ez a k\u00e9perny\u0151 kiv\u00e1l\u00f3 v\u00e1laszt\u00e1s. \u00c1llapot: \u00daj, amely biztos\u00edtja, hogy kiv\u00e1l\u00f3 min\u0151s\u00e9g\u0171, hibamentes term\u00e9ket kapjon haszn\u00e1latra k\u00e9szen.<\/p>\n","protected":false},"excerpt":{"rendered":"<p>B\u0151v\u00edtse laptopj\u00e1t a B116XTN02.3\/B116XTN02.5 11,6 h\u00fcvelykes LCD-k\u00e9perny\u0151vel. 1366&#215;768 HD felbont\u00e1s\u00fa, matt fel\u00fclettel \u00e9s 30 t\u0171s eDP-csatlakoz\u00f3val megb\u00edzhat\u00f3 teljes\u00edtm\u00e9nyt ny\u00fajt. Bal \u00e9s jobb konzollal. \u00c1llapot: \u00daj.<\/p>\n","protected":false},"featured_media":10686,"template":"","meta":[],"product_brand":[],"product_cat":[85,71],"product_tag":[],"class_list":{"0":"post-10693","1":"product","2":"type-product","3":"status-publish","4":"has-post-thumbnail","6":"product_cat-11-6-new-laptop-screens-lcd-panels","7":"product_cat-new-laptop-screens-lcd-panels","9":"first","10":"instock","11":"taxable","12":"shipping-taxable","13":"purchasable","14":"product-type-simple"},"_links":{"self":[{"href":"https:\/\/boreait.com\/hu\/wp-json\/wp\/v2\/product\/10693","targetHints":{"allow":["GET"]}}],"collection":[{"href":"https:\/\/boreait.com\/hu\/wp-json\/wp\/v2\/product"}],"about":[{"href":"https:\/\/boreait.com\/hu\/wp-json\/wp\/v2\/types\/product"}],"wp:featuredmedia":[{"embeddable":true,"href":"https:\/\/boreait.com\/hu\/wp-json\/wp\/v2\/media\/10686"}],"wp:attachment":[{"href":"https:\/\/boreait.com\/hu\/wp-json\/wp\/v2\/media?parent=10693"}],"wp:term":[{"taxonomy":"product_brand","embeddable":true,"href":"https:\/\/boreait.com\/hu\/wp-json\/wp\/v2\/product_brand?post=10693"},{"taxonomy":"product_cat","embeddable":true,"href":"https:\/\/boreait.com\/hu\/wp-json\/wp\/v2\/product_cat?post=10693"},{"taxonomy":"product_tag","embeddable":true,"href":"https:\/\/boreait.com\/hu\/wp-json\/wp\/v2\/product_tag?post=10693"}],"curies":[{"name":"wp","href":"https:\/\/api.w.org\/{rel}","templated":true}]}}