{"id":10690,"date":"2025-09-17T12:58:54","date_gmt":"2025-09-17T10:58:54","guid":{"rendered":"https:\/\/boreait.com\/hu\/?post_type=product&#038;p=10690"},"modified":"2025-09-17T12:59:00","modified_gmt":"2025-09-17T10:59:00","slug":"samsung-chromebook-4-310xba-116-lcd-kijelzo-hd-1366x768-led-erintesmentes","status":"publish","type":"product","link":"https:\/\/boreait.com\/hu\/termek\/samsung-chromebook-4-310xba-116-lcd-kijelzo-hd-1366x768-led-erintesmentes\/","title":{"rendered":"Samsung Chromebook 4 310XBA 11,6&#8243; LCD kijelz\u0151 HD 1366&#215;768 LED, \u00e9rint\u00e9smentes"},"content":{"rendered":"<p><strong>T\u00e9nyleges LCD-k\u00e9perny\u0151s modell: MB116AN01-3, 1.1 \u2013 TELJESEN KOMPATIBILIS A LAPTOP K\u00c9PERNY\u0150J\u00c9VEL Samsung ChromeBook 4 310XBA XE310XBA sorozat \u2013 \u00e9rint\u00e9smentes<\/strong><\/p>\n<p>Friss\u00edtse Samsung Chromebook 4 (310XBA XE310XBA Series) k\u00e9sz\u00fcl\u00e9k\u00e9t ezzel a kiv\u00e1l\u00f3 min\u0151s\u00e9g\u0171 11,6 h\u00fcvelykes LCD-k\u00e9perny\u0151vel. Az 1366&#215;768 HD felbont\u00e1s\u00fa kijelz\u0151 tiszta \u00e9s \u00e9les k\u00e9peket biztos\u00edt, \u00edgy ide\u00e1lis mindennapi feladatokhoz, p\u00e9ld\u00e1ul b\u00f6ng\u00e9sz\u00e9shez, streamel\u00e9shez \u00e9s munk\u00e1hoz. A matt fel\u00fclet cs\u00f6kkenti a k\u00fcl\u00f6nb\u00f6z\u0151 f\u00e9nyviszonyokat, \u00edgy t\u00f6k\u00e9letess\u00e9 teszi a t\u00fckr\u00f6z\u0151d\u00e9st.<\/p>\n<p>Ez a nem \u00e9rint\u0151k\u00e9perny\u0151 30 t\u0171s eDP-csatlakoz\u00f3val rendelkezik, amely kompatibilis az \u00d6n Chromebookj\u00e1val a z\u00f6kken\u0151mentes \u00e9s biztons\u00e1gos telep\u00edt\u00e9s \u00e9rdek\u00e9ben. Az IPS-kijelz\u0151kkel ellent\u00e9tben ez a k\u00e9perny\u0151 megb\u00edzhat\u00f3 teljes\u00edtm\u00e9nyt ny\u00fajt LED-es h\u00e1tt\u00e9rvil\u00e1g\u00edt\u00e1ssal a vil\u00e1gos, \u00e9les k\u00e9p \u00e9rdek\u00e9ben, b\u00e1r nem rendelkezik \u00e9rint\u00e9si funkci\u00f3val.<\/p>\n<p>Ez a cserek\u00e9perny\u0151 bal \u00e9s jobb oldali z\u00e1r\u00f3jeleket tartalmaz az egyszer\u0171 telep\u00edt\u00e9s \u00e9rdek\u00e9ben, vadonat\u00faj \u00e1llapotban pedig k\u00e9szen \u00e1ll arra, hogy vissza\u00e1ll\u00edtsa az eszk\u00f6z eredeti tisztas\u00e1g\u00e1t.<\/p>\n","protected":false},"excerpt":{"rendered":"<p>Cser\u00e9lje le Samsung Chromebook 4 k\u00e9perny\u0151j\u00e9t erre a 11,6 h\u00fcvelykes LCD-kijelz\u0151re. 1366&#215;768 HD felbont\u00e1s\u00fa, matt fel\u00fclettel \u00e9s 30 t\u0171s eDP-csatlakoz\u00e1ssal t\u00f6k\u00e9letes a 310XBA XE310XBA sorozat\u00fa laptopj\u00e1hoz. Bal \u00e9s jobb konzollal. \u00c1llapot: \u00faj.<\/p>\n","protected":false},"featured_media":10686,"template":"","meta":[],"product_brand":[],"product_cat":[85,71],"product_tag":[],"class_list":{"0":"post-10690","1":"product","2":"type-product","3":"status-publish","4":"has-post-thumbnail","6":"product_cat-11-6-new-laptop-screens-lcd-panels","7":"product_cat-new-laptop-screens-lcd-panels","9":"first","10":"instock","11":"taxable","12":"shipping-taxable","13":"purchasable","14":"product-type-simple"},"_links":{"self":[{"href":"https:\/\/boreait.com\/hu\/wp-json\/wp\/v2\/product\/10690","targetHints":{"allow":["GET"]}}],"collection":[{"href":"https:\/\/boreait.com\/hu\/wp-json\/wp\/v2\/product"}],"about":[{"href":"https:\/\/boreait.com\/hu\/wp-json\/wp\/v2\/types\/product"}],"wp:featuredmedia":[{"embeddable":true,"href":"https:\/\/boreait.com\/hu\/wp-json\/wp\/v2\/media\/10686"}],"wp:attachment":[{"href":"https:\/\/boreait.com\/hu\/wp-json\/wp\/v2\/media?parent=10690"}],"wp:term":[{"taxonomy":"product_brand","embeddable":true,"href":"https:\/\/boreait.com\/hu\/wp-json\/wp\/v2\/product_brand?post=10690"},{"taxonomy":"product_cat","embeddable":true,"href":"https:\/\/boreait.com\/hu\/wp-json\/wp\/v2\/product_cat?post=10690"},{"taxonomy":"product_tag","embeddable":true,"href":"https:\/\/boreait.com\/hu\/wp-json\/wp\/v2\/product_tag?post=10690"}],"curies":[{"name":"wp","href":"https:\/\/api.w.org\/{rel}","templated":true}]}}