{"id":10689,"date":"2025-09-17T12:58:54","date_gmt":"2025-09-17T10:58:54","guid":{"rendered":"https:\/\/boreait.com\/hu\/?post_type=product&#038;p=10689"},"modified":"2025-09-17T12:59:00","modified_gmt":"2025-09-17T10:59:00","slug":"116-huvelykes-lcd-kepernyo-samsung-chromebook-3-xe501c13-hd-led-30-tus-erintesmentes","status":"publish","type":"product","link":"https:\/\/boreait.com\/hu\/termek\/116-huvelykes-lcd-kepernyo-samsung-chromebook-3-xe501c13-hd-led-30-tus-erintesmentes\/","title":{"rendered":"11,6 h\u00fcvelykes LCD k\u00e9perny\u0151 Samsung Chromebook 3 XE501C13 HD LED 30 t\u0171s, \u00e9rint\u00e9smentes"},"content":{"rendered":"<p><strong>T\u00e9nyleges LCD-k\u00e9perny\u0151s modell: MB116AN01-3, 1.1 \u2013 TELJESEN KOMPATIBILIS A LAPTOP K\u00c9PERNY\u0150J\u00c9VEL A LAPTOP Samsung Chromebook 3 XE501C13 sorozat\u00e1hoz \u2013 \u00e9rint\u00e9smentes<\/strong><\/p>\n<p>Cser\u00e9lje ki a s\u00e9r\u00fclt vagy elavult kijelz\u0151t a Samsung Chromebook 3 XE501C13 sorozathoz k\u00e9sz\u00fclt kiv\u00e1l\u00f3 min\u0151s\u00e9g\u0171 LCD-k\u00e9perny\u0151re. Ez a 11,6 h\u00fcvelykes, sz\u00e9les k\u00e9perny\u0151s LCD 1366&#215;768 HD felbont\u00e1ssal rendelkezik a tiszta \u00e9s \u00e9les k\u00e9p \u00e9rdek\u00e9ben, \u00edgy t\u00f6k\u00e9letes a mindennapi haszn\u00e1latra. A matt fel\u00fclet cs\u00f6kkenti a t\u00fckr\u00f6z\u0151d\u00e9st, optim\u00e1lis l\u00e1that\u00f3s\u00e1got biztos\u00edtva k\u00fcl\u00f6nf\u00e9le f\u00e9nyviszonyok k\u00f6z\u00f6tt, m\u00edg a LED-es h\u00e1tt\u00e9rvil\u00e1g\u00edt\u00e1s fokozza a f\u00e9nyer\u0151t \u00e9s az energiahat\u00e9konys\u00e1got.<\/p>\n<p>Ez a k\u00e9perny\u0151 30 t\u0171s eDP-csatlakoz\u00f3val rendelkezik, valamint bal \u00e9s jobb oldali konzolokat tartalmaz az egyszer\u0171 telep\u00edt\u00e9s \u00e9rdek\u00e9ben, \u00edgy ide\u00e1lis v\u00e1laszt\u00e1s azok sz\u00e1m\u00e1ra, akik nem \u00e9rint\u0151k\u00e9perny\u0151s kijelz\u0151j\u00fcket szeretn\u00e9k cser\u00e9lni. K\u00e9rj\u00fck, vegye figyelembe, hogy ez a k\u00e9perny\u0151 nem IPS, de \u00edgy is kiv\u00e1l\u00f3 k\u00e9pmin\u0151s\u00e9get biztos\u00edt.<\/p>\n<p>Ak\u00e1r egy t\u00f6r\u00f6tt k\u00e9perny\u0151t cser\u00e9l, ak\u00e1r a jobb teljes\u00edtm\u00e9ny \u00e9rdek\u00e9ben friss\u00edt, ez az \u00e9rint\u00e9smentes LCD-k\u00e9perny\u0151 megb\u00edzhat\u00f3, k\u00f6lts\u00e9ghat\u00e9kony megold\u00e1s Samsung Chromebook 3 k\u00e9sz\u00fcl\u00e9k\u00e9hez. A k\u00e9perny\u0151 vadonat\u00faj \u00e1llapotban van, \u00edgy hib\u00e1tlan, telep\u00edt\u00e9sre k\u00e9sz term\u00e9ket kap.<\/p>\n","protected":false},"excerpt":{"rendered":"<p>Friss\u00edtse Samsung Chromebook 3 XE501C13 Series k\u00e9sz\u00fcl\u00e9k\u00e9t ezzel a 11,6 h\u00fcvelykes LCD-k\u00e9perny\u0151vel. A matt fel\u00fclettel, 1366&#215;768 HD felbont\u00e1ssal \u00e9s LED-es h\u00e1tt\u00e9rvil\u00e1g\u00edt\u00e1ssal rendelkez\u0151, nem \u00e9rint\u0151k\u00e9perny\u0151 bal \u00e9s jobb oldali konzollal rendelkezik az egyszer\u0171 telep\u00edt\u00e9s \u00e9rdek\u00e9ben. \u00c1llapot: \u00daj.<\/p>\n","protected":false},"featured_media":10686,"template":"","meta":[],"product_brand":[],"product_cat":[85,71],"product_tag":[],"class_list":{"0":"post-10689","1":"product","2":"type-product","3":"status-publish","4":"has-post-thumbnail","6":"product_cat-11-6-new-laptop-screens-lcd-panels","7":"product_cat-new-laptop-screens-lcd-panels","9":"first","10":"instock","11":"taxable","12":"shipping-taxable","13":"purchasable","14":"product-type-simple"},"_links":{"self":[{"href":"https:\/\/boreait.com\/hu\/wp-json\/wp\/v2\/product\/10689","targetHints":{"allow":["GET"]}}],"collection":[{"href":"https:\/\/boreait.com\/hu\/wp-json\/wp\/v2\/product"}],"about":[{"href":"https:\/\/boreait.com\/hu\/wp-json\/wp\/v2\/types\/product"}],"wp:featuredmedia":[{"embeddable":true,"href":"https:\/\/boreait.com\/hu\/wp-json\/wp\/v2\/media\/10686"}],"wp:attachment":[{"href":"https:\/\/boreait.com\/hu\/wp-json\/wp\/v2\/media?parent=10689"}],"wp:term":[{"taxonomy":"product_brand","embeddable":true,"href":"https:\/\/boreait.com\/hu\/wp-json\/wp\/v2\/product_brand?post=10689"},{"taxonomy":"product_cat","embeddable":true,"href":"https:\/\/boreait.com\/hu\/wp-json\/wp\/v2\/product_cat?post=10689"},{"taxonomy":"product_tag","embeddable":true,"href":"https:\/\/boreait.com\/hu\/wp-json\/wp\/v2\/product_tag?post=10689"}],"curies":[{"name":"wp","href":"https:\/\/api.w.org\/{rel}","templated":true}]}}