{"id":10688,"date":"2025-09-17T12:58:54","date_gmt":"2025-09-17T10:58:54","guid":{"rendered":"https:\/\/boreait.com\/hu\/?post_type=product&#038;p=10688"},"modified":"2025-09-17T12:58:59","modified_gmt":"2025-09-17T10:58:59","slug":"lcd-kepernyo-lenovo-chromebook-n22-n23-116-hd-1366x768-erintesmentes-uj","status":"publish","type":"product","link":"https:\/\/boreait.com\/hu\/termek\/lcd-kepernyo-lenovo-chromebook-n22-n23-116-hd-1366x768-erintesmentes-uj\/","title":{"rendered":"LCD k\u00e9perny\u0151 Lenovo Chromebook N22 N23 11,6&#8243; HD 1366&#215;768, \u00e9rint\u00e9smentes \u00daj"},"content":{"rendered":"<p><strong>T\u00e9nyleges LCD-k\u00e9perny\u0151s modell: MB116AN01-3, 1.1 \u2013 TELJESEN KOMPATIBILIS A LAPTOP K\u00c9PERNY\u0150J\u00c9VEL Lenovo Chromebook N22 N23 Series \u2013 \u00e9rint\u00e9smentes<\/strong><\/p>\n<p>Friss\u00edtse Lenovo Chromebook N22 vagy N23 sorozat\u00e1t ezzel a kiv\u00e1l\u00f3 min\u0151s\u00e9g\u0171 11,6 h\u00fcvelykes LCD-k\u00e9perny\u0151vel, amelyet \u00fagy terveztek, hogy helyre\u00e1ll\u00edtsa az eszk\u00f6z \u00e9less\u00e9g\u00e9t \u00e9s tisztas\u00e1g\u00e1t. Az 1366&#215;768 HD felbont\u00e1s\u00fa k\u00e9perny\u0151 \u00e9les l\u00e1tv\u00e1nyt ny\u00fajt a mindennapi feladatokhoz. A matt fel\u00fclet cs\u00f6kkenti a t\u00fckr\u00f6z\u0151d\u00e9st, \u00edgy t\u00f6k\u00e9letes a k\u00fcl\u00f6nf\u00e9le f\u00e9nyviszonyokhoz.<\/p>\n<p>A 30 t\u0171s eDP-csatlakoz\u00e1ssal ez az LCD-k\u00e9perny\u0151 biztons\u00e1gos \u00e9s stabil kijelz\u0151kapcsolatot biztos\u00edt Chromebookj\u00e1hoz. Bal \u00e9s jobb oldali konzolokkal is rendelkezik az egyszer\u0171 telep\u00edt\u00e9s \u00e9rdek\u00e9ben. Felh\u00edvjuk figyelm\u00e9t, hogy ez egy nem \u00e9rint\u0151k\u00e9perny\u0151s modell, amely ide\u00e1lis azok sz\u00e1m\u00e1ra, akik megb\u00edzhat\u00f3 cser\u00e9t vagy friss\u00edt\u00e9st keresnek nem \u00e9rint\u0151k\u00e9perny\u0151s Chromebookjukhoz. A k\u00e9perny\u0151 \u00fajszer\u0171 \u00e1llapot\u00fa, hibamentes term\u00e9ket biztos\u00edtunk, amely k\u00e9szen \u00e1ll a telep\u00edt\u00e9sre.<\/p>\n","protected":false},"excerpt":{"rendered":"<p>Cser\u00e9lje le Lenovo Chromebook N22\/N23 sorozat\u00fa k\u00e9perny\u0151j\u00e9t erre a 11,6 h\u00fcvelykes LCD-re. 1366&#215;768 HD felbont\u00e1s\u00fa, matt fel\u00fclettel \u00e9s 30 t\u0171s eDP-csatlakoz\u00e1ssal tiszta k\u00e9pet biztos\u00edt. Bal \u00e9s jobb konzollal. \u00c1llapot: \u00daj.<\/p>\n","protected":false},"featured_media":10686,"template":"","meta":[],"product_brand":[],"product_cat":[85,71],"product_tag":[],"class_list":{"0":"post-10688","1":"product","2":"type-product","3":"status-publish","4":"has-post-thumbnail","6":"product_cat-11-6-new-laptop-screens-lcd-panels","7":"product_cat-new-laptop-screens-lcd-panels","9":"first","10":"instock","11":"taxable","12":"shipping-taxable","13":"purchasable","14":"product-type-simple"},"_links":{"self":[{"href":"https:\/\/boreait.com\/hu\/wp-json\/wp\/v2\/product\/10688","targetHints":{"allow":["GET"]}}],"collection":[{"href":"https:\/\/boreait.com\/hu\/wp-json\/wp\/v2\/product"}],"about":[{"href":"https:\/\/boreait.com\/hu\/wp-json\/wp\/v2\/types\/product"}],"wp:featuredmedia":[{"embeddable":true,"href":"https:\/\/boreait.com\/hu\/wp-json\/wp\/v2\/media\/10686"}],"wp:attachment":[{"href":"https:\/\/boreait.com\/hu\/wp-json\/wp\/v2\/media?parent=10688"}],"wp:term":[{"taxonomy":"product_brand","embeddable":true,"href":"https:\/\/boreait.com\/hu\/wp-json\/wp\/v2\/product_brand?post=10688"},{"taxonomy":"product_cat","embeddable":true,"href":"https:\/\/boreait.com\/hu\/wp-json\/wp\/v2\/product_cat?post=10688"},{"taxonomy":"product_tag","embeddable":true,"href":"https:\/\/boreait.com\/hu\/wp-json\/wp\/v2\/product_tag?post=10688"}],"curies":[{"name":"wp","href":"https:\/\/api.w.org\/{rel}","templated":true}]}}