{"id":10685,"date":"2025-09-17T12:58:44","date_gmt":"2025-09-17T10:58:44","guid":{"rendered":"https:\/\/boreait.com\/hu\/?post_type=product&#038;p=10685"},"modified":"2025-09-17T12:58:52","modified_gmt":"2025-09-17T10:58:52","slug":"116-huvelykes-lcd-kepernyo-lenovo-100e-chromebook-2nd-gen-1366x768-erintesmentes-uj","status":"publish","type":"product","link":"https:\/\/boreait.com\/hu\/termek\/116-huvelykes-lcd-kepernyo-lenovo-100e-chromebook-2nd-gen-1366x768-erintesmentes-uj\/","title":{"rendered":"11,6 h\u00fcvelykes LCD-k\u00e9perny\u0151 Lenovo 100e Chromebook 2nd Gen 1366&#215;768, \u00e9rint\u00e9smentes \u00faj"},"content":{"rendered":"<p><strong>T\u00e9nyleges LCD-k\u00e9perny\u0151s modell: MB116AN01-3, 1.1 \u2013 TELJESEN KOMPATIBILIS A LAPTOP K\u00c9PERNY\u0150J\u00c9VEL Lenovo 100e Chromebook 2nd Gen 81QB 81M8 81MA 82Q3 81ER \u2013 \u00e9rint\u00e9smentes<\/strong><\/p>\n<p>Friss\u00edtse Lenovo 100e Chromebook 2nd Gen (81QB, 81M8, 81MA, 82Q3, 81ER modellek) kijelz\u0151j\u00e9t ezzel a 11,6 h\u00fcvelykes LCD-k\u00e9perny\u0151vel. Ez a kiv\u00e1l\u00f3 min\u0151s\u00e9g\u0171 cserepanel 1366&#215;768-as HD felbont\u00e1ssal rendelkezik a tiszta \u00e9s \u00e9lesebb k\u00e9pek \u00e9rdek\u00e9ben. A matt fel\u00fclet pedig a jobb l\u00e1that\u00f3s\u00e1g \u00e9rdek\u00e9ben. 30 t\u0171s eDP-csatlakoz\u00f3, amely megb\u00edzhat\u00f3 teljes\u00edtm\u00e9nyt \u00e9s kompatibilit\u00e1st biztos\u00edt Chromebookj\u00e1val.<\/p>\n<p>Kifejezetten nem \u00e9rint\u0151k\u00e9perny\u0151s modellekhez tervezt\u00e9k, ez a k\u00e9perny\u0151 a sz\u00fcks\u00e9ges bal \u00e9s jobb oldali tart\u00f3kkal rendelkezik az egyszer\u0171 telep\u00edt\u00e9s \u00e9rdek\u00e9ben. Ak\u00e1r egy s\u00e9r\u00fclt k\u00e9perny\u0151t cser\u00e9l, ak\u00e1r eszk\u00f6z\u00e9t friss\u00edti, ez az LCD-k\u00e9perny\u0151 t\u00f6k\u00e9letes v\u00e1laszt\u00e1s a z\u00f6kken\u0151mentes \u00e9s hat\u00e9kony megjelen\u00edt\u00e9si megold\u00e1shoz.<\/p>\n<p>\u00c1llapot: \u00daj. Ez a k\u00e9perny\u0151 hibamentes, \u00e9s k\u00e9szen \u00e1ll a telep\u00edt\u00e9sre, \u00edgy biztos\u00edtva, hogy Chromebookja a legjobb teljes\u00edtm\u00e9nyt ny\u00fajtja.<\/p>\n","protected":false},"excerpt":{"rendered":"<p>Cser\u00e9lje le Lenovo 100e Chromebook 2nd Gen kijelz\u0151j\u00e9t erre a 11,6 h\u00fcvelykes LCD-k\u00e9perny\u0151re. 1366&#215;768 HD felbont\u00e1ssal, matt fel\u00fclettel \u00e9s 30 t\u0171s eDP-csatlakoz\u00f3val, nem \u00e9rint\u0151k\u00e9perny\u0151s modellekhez tervezt\u00e9k. Bal \u00e9s jobb konzolt tartalmaz. \u00c1llapot: \u00faj.<\/p>\n","protected":false},"featured_media":10686,"template":"","meta":[],"product_brand":[],"product_cat":[85,71],"product_tag":[],"class_list":{"0":"post-10685","1":"product","2":"type-product","3":"status-publish","4":"has-post-thumbnail","6":"product_cat-11-6-new-laptop-screens-lcd-panels","7":"product_cat-new-laptop-screens-lcd-panels","9":"first","10":"instock","11":"taxable","12":"shipping-taxable","13":"purchasable","14":"product-type-simple"},"_links":{"self":[{"href":"https:\/\/boreait.com\/hu\/wp-json\/wp\/v2\/product\/10685","targetHints":{"allow":["GET"]}}],"collection":[{"href":"https:\/\/boreait.com\/hu\/wp-json\/wp\/v2\/product"}],"about":[{"href":"https:\/\/boreait.com\/hu\/wp-json\/wp\/v2\/types\/product"}],"wp:featuredmedia":[{"embeddable":true,"href":"https:\/\/boreait.com\/hu\/wp-json\/wp\/v2\/media\/10686"}],"wp:attachment":[{"href":"https:\/\/boreait.com\/hu\/wp-json\/wp\/v2\/media?parent=10685"}],"wp:term":[{"taxonomy":"product_brand","embeddable":true,"href":"https:\/\/boreait.com\/hu\/wp-json\/wp\/v2\/product_brand?post=10685"},{"taxonomy":"product_cat","embeddable":true,"href":"https:\/\/boreait.com\/hu\/wp-json\/wp\/v2\/product_cat?post=10685"},{"taxonomy":"product_tag","embeddable":true,"href":"https:\/\/boreait.com\/hu\/wp-json\/wp\/v2\/product_tag?post=10685"}],"curies":[{"name":"wp","href":"https:\/\/api.w.org\/{rel}","templated":true}]}}