{"id":10683,"date":"2025-09-17T12:58:44","date_gmt":"2025-09-17T10:58:44","guid":{"rendered":"https:\/\/boreait.com\/hu\/?post_type=product&#038;p=10683"},"modified":"2025-09-17T12:58:51","modified_gmt":"2025-09-17T10:58:51","slug":"116-lcd-kepernyo-lenovo-ideapad-100s-11iby-110s-11ibr-80wg-hd-matte","status":"publish","type":"product","link":"https:\/\/boreait.com\/hu\/termek\/116-lcd-kepernyo-lenovo-ideapad-100s-11iby-110s-11ibr-80wg-hd-matte\/","title":{"rendered":"11,6&#8243; LCD k\u00e9perny\u0151 Lenovo Ideapad 100S-11IBY 110S-11IBR 80WG HD Matte"},"content":{"rendered":"<p><strong>T\u00e9nyleges LCD-k\u00e9perny\u0151s modell: MB116AN01-3, 1.1 \u2013 TELJESEN KOMPATIBILIS A LAPTOP K\u00c9PERNY\u0150J\u00c9VEL A LENOVO Ideapad 100S-11IBY, 110S-11IBR, 80WG sorozat\u00fa laptopokhoz \u2013 \u00e9rint\u00e9smentes<\/strong><\/p>\n<p>Fokozza Lenovo Ideapad-j\u00e9t ezzel a kiv\u00e1l\u00f3 min\u0151s\u00e9g\u0171 11,6 h\u00fcvelykes LCD-k\u00e9perny\u0151vel, amely kompatibilis a 100S-11IBY, 110S-11IBR \u00e9s 80WG sorozattal. Ez a sz\u00e9lesv\u00e1szn\u00fa kijelz\u0151 1366&#215;768 HD felbont\u00e1ssal rendelkezik, amely tiszta \u00e9s \u00e9les k\u00e9peket k\u00edn\u00e1l. A matt fel\u00fclet ide\u00e1liss\u00e1 teszi a csillog\u00e1s cs\u00f6kkent\u00e9s\u00e9t.<\/p>\n<p>Ez az \u00e9rint\u00e9smentes LCD-k\u00e9perny\u0151 30 t\u0171s eDP-csatlakoz\u00f3val rendelkezik, \u00e9s t\u00f6k\u00e9letes a t\u00f6r\u00f6tt vagy s\u00e9r\u00fclt k\u00e9perny\u0151 cser\u00e9j\u00e9re. Bal \u00e9s jobb oldali tart\u00f3kkal van felszerelve az egyszer\u0171 telep\u00edt\u00e9s \u00e9rdek\u00e9ben. B\u00e1r nem rendelkezik IPS technol\u00f3gi\u00e1val, a k\u00e9perny\u0151 nagyszer\u0171 teljes\u00edtm\u00e9nyt ny\u00fajt a mindennapi feladatokhoz, \u00edgy megb\u00edzhat\u00f3 v\u00e1laszt\u00e1s lehet laptopja sz\u00e1m\u00e1ra.<\/p>\n<p>A kijelz\u0151 vadonat\u00faj, friss \u00e9s s\u00e9rtetlen k\u00e9perny\u0151t biztos\u00edt a k\u00e9sz\u00fcl\u00e9k sz\u00e1m\u00e1ra.<\/p>\n<p>&nbsp;<\/p>\n","protected":false},"excerpt":{"rendered":"<p>Cser\u00e9lje le laptopja k\u00e9perny\u0151j\u00e9t erre a 11,6 h\u00fcvelykes LCD-k\u00e9perny\u0151re a Lenovo Ideapad 100S-11IBY, 110S-11IBR \u00e9s 80WG sorozatokhoz. 1366&#215;768 HD felbont\u00e1ssal, matt fel\u00fclettel \u00e9s 30 t\u0171s eDP-csatlakoz\u00f3val ez egy megb\u00edzhat\u00f3, \u00e9rint\u00e9smentes kijelz\u0151. Tartoz\u00e9kok: \u00daj. Tartoz\u00e9kok: \u00daj.<\/p>\n","protected":false},"featured_media":10686,"template":"","meta":[],"product_brand":[],"product_cat":[85,71],"product_tag":[],"class_list":{"0":"post-10683","1":"product","2":"type-product","3":"status-publish","4":"has-post-thumbnail","6":"product_cat-11-6-new-laptop-screens-lcd-panels","7":"product_cat-new-laptop-screens-lcd-panels","9":"first","10":"instock","11":"taxable","12":"shipping-taxable","13":"purchasable","14":"product-type-simple"},"_links":{"self":[{"href":"https:\/\/boreait.com\/hu\/wp-json\/wp\/v2\/product\/10683","targetHints":{"allow":["GET"]}}],"collection":[{"href":"https:\/\/boreait.com\/hu\/wp-json\/wp\/v2\/product"}],"about":[{"href":"https:\/\/boreait.com\/hu\/wp-json\/wp\/v2\/types\/product"}],"wp:featuredmedia":[{"embeddable":true,"href":"https:\/\/boreait.com\/hu\/wp-json\/wp\/v2\/media\/10686"}],"wp:attachment":[{"href":"https:\/\/boreait.com\/hu\/wp-json\/wp\/v2\/media?parent=10683"}],"wp:term":[{"taxonomy":"product_brand","embeddable":true,"href":"https:\/\/boreait.com\/hu\/wp-json\/wp\/v2\/product_brand?post=10683"},{"taxonomy":"product_cat","embeddable":true,"href":"https:\/\/boreait.com\/hu\/wp-json\/wp\/v2\/product_cat?post=10683"},{"taxonomy":"product_tag","embeddable":true,"href":"https:\/\/boreait.com\/hu\/wp-json\/wp\/v2\/product_tag?post=10683"}],"curies":[{"name":"wp","href":"https:\/\/api.w.org\/{rel}","templated":true}]}}